{"id":110,"date":"2019-08-11T02:34:53","date_gmt":"2019-08-11T00:34:53","guid":{"rendered":"https:\/\/stzeno.de\/berufsbildungswerk\/?page_id=110"},"modified":"2023-05-14T21:37:36","modified_gmt":"2023-05-14T19:37:36","slug":"berufsorientierungsprogramm","status":"publish","type":"page","link":"https:\/\/stiftung-st-zeno.fp-server.com\/site-bbw-kirchseeon\/berufsorientierungsprogramm\/","title":{"rendered":"Berufsorientierungsprogramm"},"content":{"rendered":"<div class=\"wpb-content-wrapper\"><p>[vc_row][vc_column][vc_column_text]<\/p>\n<h1>Kennenlernen, Neigungen feststellen, Angebote selktieren<\/h1>\n<h3>Derzeit nehmen an der BO-Ma\u00dfnahme im BBW die Mittelschulen Landkreis Ebersberg, F\u00f6rderzentren im nahen Umland und S-Bahn Einzugsbereich teil.<\/h3>\n<p>[\/vc_column_text][vc_row_inner][vc_column_inner][vc_column_text]Viele Sch\u00fclerinnen und Sch\u00fcler besch\u00e4ftigen sich im Berufsorientierungsprogramm (BOP) zum ersten Mal mit der Frage der Berufswahl. Genau das ist das Ziel des Programms: die jungen Menschen anregen, sich mit dem Thema auseinanderzusetzen. Dies geschieht nicht im stillen K\u00e4mmerlein, sondern in echten Werkst\u00e4tten. Hier k\u00f6nnen die Jugendlichen austesten, worin sie gut sind und was ihnen Spa\u00df macht. Bei ihrer Teilnahme am BOP entwickeln viele Jugendliche Ideen, in welche berufliche Richtung sie einmal gehen m\u00f6chten \u2013 und was das passende Praktikum f\u00fcr sie w\u00e4re. Und zwar nicht, weil der Praktikumsbetrieb um die Ecke von Zuhause liegt \u2013 sondern weil es m\u00f6glicherweise der erste Schritt zum eigenen Wunschberuf ist. Das BOP ist inklusiv, denn es geht auf die unterschiedlichsten individuellen Bed\u00fcrfnisse und Voraussetzungen ein. Die Konzepte sind so geschneidert, dass sie allen Sch\u00fclerinnen und Sch\u00fclern von Mittelschulen bis hin zu F\u00f6rderschulen gerecht werden.[\/vc_column_text][\/vc_column_inner][\/vc_row_inner][\/vc_column][\/vc_row][vc_row][vc_column][vc_column_text]<\/p>\n<h3>In allen aktuell im BBW als Ausbildungsberuf angebotenen Berufen k\u00f6nnen bei den 5 Schnuppertagen und den 5 Werkstattage von den BO Teilnehmern praktische Erfahrungen gasammelt und Eindr\u00fccke mitgenommen werden.<\/h3>\n<p>[\/vc_column_text][vc_row_inner][vc_column_inner width=&#8220;1\/2&#8243;][vc_column_text]St\u00e4rken erkunden in der Potenzialanalyse &#8211; In der Potenzialanalyse erkunden die Sch\u00fclerinnen und Sch\u00fcler ihre St\u00e4rken. Sie legt junge Menschen nicht auf eine bestimmte berufliche Richtung fest, sondern \u00f6ffnet ihren Blick f\u00fcr M\u00f6glichkeiten. Kernelement sind praxisbezogene Einzel- oder Gruppenaufgaben, bei deren L\u00f6sung die Jugendlichen durch p\u00e4dagogische Fachkr\u00e4fte beobachtet und begleitet werden. Der st\u00e4rkenorientierte Ansatz steigert das Selbstbewusstsein und die Bereitschaft, Verantwortung f\u00fcr die eigene berufliche Zukunft zu \u00fcbernehmen. Die Erkenntnisse aus der Potenzialanalyse k\u00f6nnen den Sch\u00fclerinnen und Sch\u00fclern auch hilfreich dabei sein, die f\u00fcr sie passenden Berufsfelder f\u00fcr die darauffolgenden Werkstatttage auszuw\u00e4hlen. Berufe entdecken in den Werkstatttagen &#8211; In einer Werkstatt selbst etwas herstellen \u2013 genau das d\u00fcrfen die Sch\u00fclerinnen und Sch\u00fcler w\u00e4hrend der Werkstatttage. Zum Beispiel eine Truhe schreinern oder ein Kleidungsst\u00fcck n\u00e4hen.[\/vc_column_text][\/vc_column_inner][vc_column_inner width=&#8220;1\/2&#8243;][vc_column_text]Neben Handwerk und Technik k\u00f6nnen sie auch den Dienstleistungs ich erkunden, darunter Verwaltung, Gesundheit, Kosmetik, Logistik oder das Hotelfach. Die Werkstatttage des Berufsorientierungsprogramms finden nicht in Betrieben, sondern in \u00fcberbetrieblichen Berufsbildungsst\u00e4tten (\u00dcBS) oder vergleichbaren Einrichtungen statt. Diese bieten mit ihren Lehrwerkst\u00e4tten die ideale Umgebung f\u00fcr die Werkstatttage. Der Unterschied zu einem Praktikum: Die Jugendlichen stehen nicht \u201edaneben\u201c und schauen den Mitarbeitenden ihres Praktikumsbetriebs bei der Arbeit zu, sondern sie sind selbst aktiv. Und da sie es sind, die in den Werkstatttagen im Mittelpunkt stehen \u2013 und nicht etwa laufende Produktions- oder Gesch\u00e4ftsprozesse \u2013 k\u00f6nnen sie sich in gesch\u00fctztem Raum selbst ausprobieren. Dabei steht ihnen stets ein erfahrener Ausbilder oder eine erfahrene Ausbilderin unterst\u00fctzend zur Seite.[\/vc_column_text][\/vc_column_inner][\/vc_row_inner][\/vc_column][\/vc_row][vc_row][vc_column][vc_column_text]<\/p>\n<h2>Berufe<\/h2>\n<p>[\/vc_column_text]        <div class=\"slider content large-content-box\" data-id=\"74830\">\n          <div class=\"image-box\">\n\n            <div class=\"slides\">\n                                  <div class=\"slide \">\n                      <img loading=\"lazy\" decoding=\"async\" width=\"1600\" height=\"1067\" data-position=\"center\" src=\"https:\/\/stiftung-st-zeno.fp-server.com\/wp-content\/themes\/fp-theme\/dist\/images\/placeholders\/placeholder.png\" data-src=\"https:\/\/stiftung-st-zeno.fp-server.com\/wp-content\/uploads\/sites\/2\/2020\/02\/img_0650.jpg\" class=\"lazyload object-fit-cover\" alt=\"\" data-sizes=\"auto\" data-srcset=\"https:\/\/stiftung-st-zeno.fp-server.com\/wp-content\/uploads\/sites\/2\/2020\/02\/img_0650.jpg 1600w, https:\/\/stiftung-st-zeno.fp-server.com\/wp-content\/uploads\/sites\/2\/2020\/02\/img_0650-768x512.jpg 768w, https:\/\/stiftung-st-zeno.fp-server.com\/wp-content\/uploads\/sites\/2\/2020\/02\/img_0650-1536x1024.jpg 1536w, https:\/\/stiftung-st-zeno.fp-server.com\/wp-content\/uploads\/sites\/2\/2020\/02\/img_0650-1280x854.jpg 1280w, https:\/\/stiftung-st-zeno.fp-server.com\/wp-content\/uploads\/sites\/2\/2020\/02\/img_0650-1024x683.jpg 1024w, https:\/\/stiftung-st-zeno.fp-server.com\/wp-content\/uploads\/sites\/2\/2020\/02\/img_0650-640x427.jpg 640w, https:\/\/stiftung-st-zeno.fp-server.com\/wp-content\/uploads\/sites\/2\/2020\/02\/img_0650-480x320.jpg 480w, https:\/\/stiftung-st-zeno.fp-server.com\/wp-content\/uploads\/sites\/2\/2020\/02\/img_0650-320x213.jpg 320w\" \/>                    <\/div>\n                                      <div class=\"slide \">\n                      <img loading=\"lazy\" decoding=\"async\" width=\"1920\" height=\"1285\" data-position=\"center\" src=\"https:\/\/stiftung-st-zeno.fp-server.com\/wp-content\/themes\/fp-theme\/dist\/images\/placeholders\/placeholder.png\" data-src=\"https:\/\/stiftung-st-zeno.fp-server.com\/wp-content\/uploads\/sites\/2\/2020\/02\/dsc_0139-1920x1285.jpg\" class=\"lazyload object-fit-cover\" alt=\"\" data-sizes=\"auto\" data-srcset=\"https:\/\/stiftung-st-zeno.fp-server.com\/wp-content\/uploads\/sites\/2\/2020\/02\/dsc_0139-1920x1285.jpg 1920w, https:\/\/stiftung-st-zeno.fp-server.com\/wp-content\/uploads\/sites\/2\/2020\/02\/dsc_0139-768x514.jpg 768w, https:\/\/stiftung-st-zeno.fp-server.com\/wp-content\/uploads\/sites\/2\/2020\/02\/dsc_0139-1600x1071.jpg 1600w, https:\/\/stiftung-st-zeno.fp-server.com\/wp-content\/uploads\/sites\/2\/2020\/02\/dsc_0139-1536x1028.jpg 1536w, https:\/\/stiftung-st-zeno.fp-server.com\/wp-content\/uploads\/sites\/2\/2020\/02\/dsc_0139-2048x1371.jpg 2048w, https:\/\/stiftung-st-zeno.fp-server.com\/wp-content\/uploads\/sites\/2\/2020\/02\/dsc_0139-1280x857.jpg 1280w, https:\/\/stiftung-st-zeno.fp-server.com\/wp-content\/uploads\/sites\/2\/2020\/02\/dsc_0139-1024x685.jpg 1024w, https:\/\/stiftung-st-zeno.fp-server.com\/wp-content\/uploads\/sites\/2\/2020\/02\/dsc_0139-640x428.jpg 640w, https:\/\/stiftung-st-zeno.fp-server.com\/wp-content\/uploads\/sites\/2\/2020\/02\/dsc_0139-480x321.jpg 480w, https:\/\/stiftung-st-zeno.fp-server.com\/wp-content\/uploads\/sites\/2\/2020\/02\/dsc_0139-320x214.jpg 320w\" \/>                    <\/div>\n                                      <div class=\"slide \">\n                      <img loading=\"lazy\" decoding=\"async\" width=\"1600\" height=\"1071\" data-position=\"center\" src=\"https:\/\/stiftung-st-zeno.fp-server.com\/wp-content\/themes\/fp-theme\/dist\/images\/placeholders\/placeholder.png\" data-src=\"https:\/\/stiftung-st-zeno.fp-server.com\/wp-content\/uploads\/sites\/2\/2019\/11\/dsc_0134.jpg\" class=\"lazyload object-fit-cover\" alt=\"\" data-sizes=\"auto\" data-srcset=\"https:\/\/stiftung-st-zeno.fp-server.com\/wp-content\/uploads\/sites\/2\/2019\/11\/dsc_0134.jpg 1600w, https:\/\/stiftung-st-zeno.fp-server.com\/wp-content\/uploads\/sites\/2\/2019\/11\/dsc_0134-768x514.jpg 768w, https:\/\/stiftung-st-zeno.fp-server.com\/wp-content\/uploads\/sites\/2\/2019\/11\/dsc_0134-1280x857.jpg 1280w, https:\/\/stiftung-st-zeno.fp-server.com\/wp-content\/uploads\/sites\/2\/2019\/11\/dsc_0134-1024x685.jpg 1024w, https:\/\/stiftung-st-zeno.fp-server.com\/wp-content\/uploads\/sites\/2\/2019\/11\/dsc_0134-640x428.jpg 640w, https:\/\/stiftung-st-zeno.fp-server.com\/wp-content\/uploads\/sites\/2\/2019\/11\/dsc_0134-480x321.jpg 480w, https:\/\/stiftung-st-zeno.fp-server.com\/wp-content\/uploads\/sites\/2\/2019\/11\/dsc_0134-320x214.jpg 320w\" \/>                    <\/div>\n                                      <div class=\"slide \">\n                      <img loading=\"lazy\" decoding=\"async\" width=\"1600\" height=\"1071\" data-position=\"center\" src=\"https:\/\/stiftung-st-zeno.fp-server.com\/wp-content\/themes\/fp-theme\/dist\/images\/placeholders\/placeholder.png\" data-src=\"https:\/\/stiftung-st-zeno.fp-server.com\/wp-content\/uploads\/sites\/2\/2019\/11\/dsc_0049b.jpg\" class=\"lazyload object-fit-cover\" alt=\"\" data-sizes=\"auto\" data-srcset=\"https:\/\/stiftung-st-zeno.fp-server.com\/wp-content\/uploads\/sites\/2\/2019\/11\/dsc_0049b.jpg 1600w, https:\/\/stiftung-st-zeno.fp-server.com\/wp-content\/uploads\/sites\/2\/2019\/11\/dsc_0049b-768x514.jpg 768w, https:\/\/stiftung-st-zeno.fp-server.com\/wp-content\/uploads\/sites\/2\/2019\/11\/dsc_0049b-1280x857.jpg 1280w, https:\/\/stiftung-st-zeno.fp-server.com\/wp-content\/uploads\/sites\/2\/2019\/11\/dsc_0049b-1024x685.jpg 1024w, https:\/\/stiftung-st-zeno.fp-server.com\/wp-content\/uploads\/sites\/2\/2019\/11\/dsc_0049b-640x428.jpg 640w, https:\/\/stiftung-st-zeno.fp-server.com\/wp-content\/uploads\/sites\/2\/2019\/11\/dsc_0049b-480x321.jpg 480w, https:\/\/stiftung-st-zeno.fp-server.com\/wp-content\/uploads\/sites\/2\/2019\/11\/dsc_0049b-320x214.jpg 320w\" \/>                    <\/div>\n                                      <div class=\"slide \">\n                      <img loading=\"lazy\" decoding=\"async\" width=\"1920\" height=\"1032\" data-position=\"center\" src=\"https:\/\/stiftung-st-zeno.fp-server.com\/wp-content\/themes\/fp-theme\/dist\/images\/placeholders\/placeholder.png\" data-src=\"https:\/\/stiftung-st-zeno.fp-server.com\/wp-content\/uploads\/sites\/2\/2019\/08\/bild-1-1920x1032.jpg\" class=\"lazyload object-fit-cover\" alt=\"\" data-sizes=\"auto\" data-srcset=\"https:\/\/stiftung-st-zeno.fp-server.com\/wp-content\/uploads\/sites\/2\/2019\/08\/bild-1.jpg 1920w, https:\/\/stiftung-st-zeno.fp-server.com\/wp-content\/uploads\/sites\/2\/2019\/08\/bild-1-768x413.jpg 768w, https:\/\/stiftung-st-zeno.fp-server.com\/wp-content\/uploads\/sites\/2\/2019\/08\/bild-1-1600x860.jpg 1600w, https:\/\/stiftung-st-zeno.fp-server.com\/wp-content\/uploads\/sites\/2\/2019\/08\/bild-1-1280x688.jpg 1280w, https:\/\/stiftung-st-zeno.fp-server.com\/wp-content\/uploads\/sites\/2\/2019\/08\/bild-1-1024x550.jpg 1024w, https:\/\/stiftung-st-zeno.fp-server.com\/wp-content\/uploads\/sites\/2\/2019\/08\/bild-1-640x344.jpg 640w, https:\/\/stiftung-st-zeno.fp-server.com\/wp-content\/uploads\/sites\/2\/2019\/08\/bild-1-480x258.jpg 480w, https:\/\/stiftung-st-zeno.fp-server.com\/wp-content\/uploads\/sites\/2\/2019\/08\/bild-1-320x172.jpg 320w\" \/>                    <\/div>\n                                      <div class=\"slide \">\n                      <img loading=\"lazy\" decoding=\"async\" width=\"1600\" height=\"1068\" data-position=\"center\" src=\"https:\/\/stiftung-st-zeno.fp-server.com\/wp-content\/themes\/fp-theme\/dist\/images\/placeholders\/placeholder.png\" data-src=\"https:\/\/stiftung-st-zeno.fp-server.com\/wp-content\/uploads\/sites\/2\/2019\/11\/dsc_5676b.jpg\" class=\"lazyload object-fit-cover\" alt=\"\" data-sizes=\"auto\" data-srcset=\"https:\/\/stiftung-st-zeno.fp-server.com\/wp-content\/uploads\/sites\/2\/2019\/11\/dsc_5676b.jpg 1600w, https:\/\/stiftung-st-zeno.fp-server.com\/wp-content\/uploads\/sites\/2\/2019\/11\/dsc_5676b-768x513.jpg 768w, https:\/\/stiftung-st-zeno.fp-server.com\/wp-content\/uploads\/sites\/2\/2019\/11\/dsc_5676b-1280x854.jpg 1280w, https:\/\/stiftung-st-zeno.fp-server.com\/wp-content\/uploads\/sites\/2\/2019\/11\/dsc_5676b-1024x684.jpg 1024w, https:\/\/stiftung-st-zeno.fp-server.com\/wp-content\/uploads\/sites\/2\/2019\/11\/dsc_5676b-640x427.jpg 640w, https:\/\/stiftung-st-zeno.fp-server.com\/wp-content\/uploads\/sites\/2\/2019\/11\/dsc_5676b-480x320.jpg 480w, https:\/\/stiftung-st-zeno.fp-server.com\/wp-content\/uploads\/sites\/2\/2019\/11\/dsc_5676b-320x214.jpg 320w\" \/>                    <\/div>\n                                      <div class=\"slide \">\n                      <img loading=\"lazy\" decoding=\"async\" width=\"1600\" height=\"1071\" data-position=\"center\" src=\"https:\/\/stiftung-st-zeno.fp-server.com\/wp-content\/themes\/fp-theme\/dist\/images\/placeholders\/placeholder.png\" data-src=\"https:\/\/stiftung-st-zeno.fp-server.com\/wp-content\/uploads\/sites\/2\/2019\/11\/dsc_0107.jpg\" class=\"lazyload object-fit-cover\" alt=\"\" data-sizes=\"auto\" data-srcset=\"https:\/\/stiftung-st-zeno.fp-server.com\/wp-content\/uploads\/sites\/2\/2019\/11\/dsc_0107.jpg 1600w, https:\/\/stiftung-st-zeno.fp-server.com\/wp-content\/uploads\/sites\/2\/2019\/11\/dsc_0107-768x514.jpg 768w, https:\/\/stiftung-st-zeno.fp-server.com\/wp-content\/uploads\/sites\/2\/2019\/11\/dsc_0107-1280x857.jpg 1280w, https:\/\/stiftung-st-zeno.fp-server.com\/wp-content\/uploads\/sites\/2\/2019\/11\/dsc_0107-1024x685.jpg 1024w, https:\/\/stiftung-st-zeno.fp-server.com\/wp-content\/uploads\/sites\/2\/2019\/11\/dsc_0107-640x428.jpg 640w, https:\/\/stiftung-st-zeno.fp-server.com\/wp-content\/uploads\/sites\/2\/2019\/11\/dsc_0107-480x321.jpg 480w, https:\/\/stiftung-st-zeno.fp-server.com\/wp-content\/uploads\/sites\/2\/2019\/11\/dsc_0107-320x214.jpg 320w\" \/>                    <\/div>\n                              <\/div>\n                      <\/div>\n          <div class=\"content-box\">\n            <div class=\"slides\">\n                                  <div class=\"slide\">\n                                                  <h3>Ern\u00e4hrungsbereich<\/h3>\n                            <hr \/>\n                                                      <p>K\u00fcche, B\u00e4ckerei, B\u00e4ckereifachverkauf, Hauswirtschaftsbereich<\/p>\n                                                        <a class=\"button\" href=\"https:\/\/www.bbw-kirchseeon.de\/overlay\/baeckerin\/\" data-group=\"16837\">B\u00e4cker\/in<\/a>\n                                                          <a class=\"button\" href=\"https:\/\/www.bbw-kirchseeon.de\/overlay\/fachpraktikantin-hauswirtschaft-66-bbig42a-hwo\/\" data-group=\"16837\">Fachpraktikant\/in Hauswirtschaft (\u00a766 BBiG\/42a HWO)<\/a>\n                                                          <a class=\"button\" href=\"https:\/\/www.bbw-kirchseeon.de\/overlay\/verkaeuferin\/\" data-group=\"16837\">Bereich Wirtschaft und Verwaltung<\/a>\n                                                          <a class=\"button\" href=\"https:\/\/www.bbw-kirchseeon.de\/overlay\/fachpraktikerin-kueche-beikoch-66-bbig42m-hwo\/\" data-group=\"16837\">Fachpraktiker\/in K\u00fcche (Beikoch), (\u00a766 BBiG\/\u00a742m HWO)<\/a>\n                                                <\/div>\n                                      <div class=\"slide\">\n                                                  <h3>Gr\u00fcne Berufe<\/h3>\n                            <hr \/>\n                                                      <p>Zierpflanzenbau, Garten-Landschaftsbau<\/p>\n                                                        <a class=\"button\" href=\"https:\/\/www.bbw-kirchseeon.de\/overlay\/gartenbauwerkerin-fr-landschaftsbau-und-fr-zierpflanzenbau\/\" data-group=\"68170\">Gartenbauwerker\/in \u2013 FR Landschaftsbau und FR Zierpflanzenbau<\/a>\n                                                <\/div>\n                                      <div class=\"slide\">\n                                                  <h3>Holzberufe<\/h3>\n                            <hr \/>\n                                                      <p>Schreinerei<\/p>\n                                                        <a class=\"button\" href=\"https:\/\/www.bbw-kirchseeon.de\/overlay\/tischlerin\/\" data-group=\"45511\">Fachpraktiker\/in f\u00fcr Holzverarbeitung (\u00a766 BBiG\/\u00a742m HwO)<\/a>\n                                                          <a class=\"button\" href=\"https:\/\/www.bbw-kirchseeon.de\/overlay\/tischlerin\/\" data-group=\"45511\">Tischler\/in<\/a>\n                                                <\/div>\n                                      <div class=\"slide\">\n                                                  <h3>Metallberufe<\/h3>\n                            <hr \/>\n                                                      <p>Metallzerspanung, Nutzfahrzeugbau, Metallkonstruktion<\/p>\n                                                        <a class=\"button\" href=\"https:\/\/www.bbw-kirchseeon.de\/overlay\/fachkraft-fuer-metalltechnik-der-fachrichtung-zerspanungstechnik\/\" data-group=\"85291\">Fachkraft f\u00fcr Metalltechnik der Fachrichtung Zerspanungstechnik<\/a>\n                                                          <a class=\"button\" href=\"https:\/\/www.bbw-kirchseeon.de\/overlay\/zerspannungsmechanikerin\/\" data-group=\"85291\">Zerspannungsmechaniker\/in<\/a>\n                                                          <a class=\"button\" href=\"https:\/\/www.bbw-kirchseeon.de\/overlay\/metallbauerin-konstruktionstechnik\/\" data-group=\"85291\">Metallbauer\/in \u2013 Konstruktionstechnik<\/a>\n                                                          <a class=\"button\" href=\"https:\/\/www.bbw-kirchseeon.de\/overlay\/metallbauerin-konstruktionstechnik\/\" data-group=\"85291\">Metallbauer\/in \u2013 Konstruktionstechnik<\/a>\n                                                          <a class=\"button\" href=\"https:\/\/www.bbw-kirchseeon.de\/overlay\/metallbauerin-nutzfahrzeugbau\/\" data-group=\"85291\">Metallbauer\/in Nutzfahrzeugbau<\/a>\n                                                <\/div>\n                                      <div class=\"slide\">\n                                                  <h3>Logistikberufe<\/h3>\n                            <hr \/>\n                                                      <p>Zentral<\/p>\n                                                        <a class=\"button\" href=\"https:\/\/www.bbw-kirchseeon.de\/overlay\/fachlageristin\/\" data-group=\"39003\">Fachlagerist\/in<\/a>\n                                                <\/div>\n                                      <div class=\"slide\">\n                                                  <h3>Medienberufe<\/h3>\n                            <hr \/>\n                                                      <p>Hausdruckerei & Druckweierverarbeitung<\/p>\n                                                        <a class=\"button\" href=\"https:\/\/www.bbw-kirchseeon.de\/overlay\/medientechnologe-fr-druckweiterverarbeitung-serie\/\" data-group=\"81989\">Medientechnologe FR Druckweiterverarbeitung (Serie)<\/a>\n                                                <\/div>\n                                      <div class=\"slide\">\n                                                  <h3>Farbtechnik und Raumgestaltung <\/h3>\n                            <hr \/>\n                                                      <p>Malerwerkstatt, Raumaustatterwerkstatt<\/p>\n                                                        <a class=\"button\" href=\"https:\/\/www.bbw-kirchseeon.de\/overlay\/polster-und-dekorationsnaeherin\/\" data-group=\"53600\">Polster- und Dekorationsn\u00e4her\/in<\/a>\n                                                          <a class=\"button\" href=\"https:\/\/www.bbw-kirchseeon.de\/overlay\/raumausstatterin\/\" data-group=\"53600\">Raumausstatter\/in<\/a>\n                                                          <a class=\"button\" href=\"https:\/\/www.bbw-kirchseeon.de\/overlay\/malerin-und-lackiererin\/\" data-group=\"53600\">Maler\/in und Lackierer\/in<\/a>\n                                                          <a class=\"button\" href=\"https:\/\/www.bbw-kirchseeon.de\/overlay\/fachwerker-fuer-maler-und-lackierer-66-bbig42m-hwo\/\" data-group=\"53600\">Fachwerker f\u00fcr Maler und Lackierer (\u00a766 BBiG\/\u00a742m HwO)<\/a>\n                                                <\/div>\n                              <\/div>\n                  <div class=\"slider-arrows\"><!--\n                      --><a class=\"arrow prev\">\n                <svg xmlns=\"http:\/\/www.w3.org\/2000\/svg\" width=\"8.717\" height=\"15.297\" viewBox=\"0 0 8.717 15.297\">\n                  <path d=\"M962.03,228.521l7.646,7.344-7.646,7.229\" transform=\"translate(970.401 243.457) rotate(180)\" stroke-width=\"1\" \/>\n                <\/svg>\n              <\/a><!--\n                          --><a class=\"arrow next\">\n                <svg xmlns=\"http:\/\/www.w3.org\/2000\/svg\" width=\"8.717\" height=\"15.297\" viewBox=\"0 0 8.717 15.297\">\n                  <path d=\"M962.03,228.521l7.646,7.344-7.646,7.229\" transform=\"translate(-961.684 -228.16)\" stroke-width=\"1\" \/>\n                <\/svg>\n              <\/a><!--\n                  --><\/div>\n              <\/div>\n        <\/div>\n      [\/vc_column][\/vc_row][vc_row][vc_column][vc_column_text]<\/p>\n<h2>Zielgruppen<\/h2>\n<p>[\/vc_column_text][vc_column_text]<\/p>\n<h3>Teilnahme ist f\u00fcr F\u00f6rderschulen, Mittelschulen und Realschulen klassen- oder gruppenweise ab der 7. Jahrgangsstufe m\u00f6glich.<\/h3>\n<p>Das Berufsorientierungsprogramm richtet sich an Sch\u00fclerinnen und Sch\u00fcler der siebten und achten Klasse. Erst erkunden sie ihre St\u00e4rken in einer Potenzialanalyse, dann testen sie in den Werkstatttagen verschiedene Berufsfelder aus[\/vc_column_text][\/vc_column][\/vc_row]<\/p>\n<\/div>","protected":false},"excerpt":{"rendered":"<p>[vc_row][vc_column][vc_column_text] Kennenlernen, Neigungen feststellen, Angebote selktieren Derzeit nehmen an der BO-Ma\u00dfnahme im BBW die Mittelschulen Landkreis Ebersberg, F\u00f6rderzentren im nahen Umland und S-Bahn Einzugsbereich teil. [\/vc_column_text][vc_row_inner][vc_column_inner][vc_column_text]Viele Sch\u00fclerinnen und Sch\u00fcler besch\u00e4ftigen sich im Berufsorientierungsprogramm (BOP) zum ersten Mal mit der Frage der Berufswahl. Genau das ist das Ziel des Programms: die jungen Menschen anregen, sich mit [&hellip;]<\/p>\n","protected":false},"author":1,"featured_media":0,"parent":0,"menu_order":16,"comment_status":"closed","ping_status":"closed","template":"","meta":{"_acf_changed":false,"footnotes":""},"acf":[],"_links":{"self":[{"href":"https:\/\/stiftung-st-zeno.fp-server.com\/site-bbw-kirchseeon\/wp-json\/wp\/v2\/pages\/110"}],"collection":[{"href":"https:\/\/stiftung-st-zeno.fp-server.com\/site-bbw-kirchseeon\/wp-json\/wp\/v2\/pages"}],"about":[{"href":"https:\/\/stiftung-st-zeno.fp-server.com\/site-bbw-kirchseeon\/wp-json\/wp\/v2\/types\/page"}],"author":[{"embeddable":true,"href":"https:\/\/stiftung-st-zeno.fp-server.com\/site-bbw-kirchseeon\/wp-json\/wp\/v2\/users\/1"}],"replies":[{"embeddable":true,"href":"https:\/\/stiftung-st-zeno.fp-server.com\/site-bbw-kirchseeon\/wp-json\/wp\/v2\/comments?post=110"}],"version-history":[{"count":19,"href":"https:\/\/stiftung-st-zeno.fp-server.com\/site-bbw-kirchseeon\/wp-json\/wp\/v2\/pages\/110\/revisions"}],"predecessor-version":[{"id":2241,"href":"https:\/\/stiftung-st-zeno.fp-server.com\/site-bbw-kirchseeon\/wp-json\/wp\/v2\/pages\/110\/revisions\/2241"}],"wp:attachment":[{"href":"https:\/\/stiftung-st-zeno.fp-server.com\/site-bbw-kirchseeon\/wp-json\/wp\/v2\/media?parent=110"}],"curies":[{"name":"wp","href":"https:\/\/api.w.org\/{rel}","templated":true}]}}