{"id":1145,"date":"2021-03-01T14:36:27","date_gmt":"2021-03-01T13:36:27","guid":{"rendered":"https:\/\/stzeno.de\/berufsbildungswerk\/?page_id=1145"},"modified":"2021-04-15T15:31:22","modified_gmt":"2021-04-15T13:31:22","slug":"grussworte","status":"publish","type":"page","link":"https:\/\/stiftung-st-zeno.fp-server.com\/site-bbw-kirchseeon\/grussworte\/","title":{"rendered":"Grussworte"},"content":{"rendered":"<div class=\"wpb-content-wrapper\"><p>[vc_row][vc_column][vc_column_text]<\/p>\n<h3 style=\"text-align: center;\">Gru\u00dfwort des Landrates Robert Niederges\u00e4\u00df<\/h3>\n<p>[\/vc_column_text][vc_row_inner][vc_column_inner width=&#8220;2\/3&#8243;][vc_column_text]Der Landkreis Ebersberg ist froh und dankbar, eine Einrichtung wie das Berufsbildungswerk (BBW) der Stiftung St. Zeno Kirchseeon als wichtigen Partner in unserer Bildungsregion Landkreis Ebersberg zu haben. Hierbei verweise ich auf die Angebote der Berufsvorbereitenden Ma\u00dfnahmen sowie nat\u00fcrlich die duale Erstausbildung an einem Ort. Hier k\u00f6nnen junge Menschen mit einem besonderen F\u00f6rderbedarf mit der finanziellen Unterst\u00fctzung der Agentur f\u00fcr Arbeit einen Ausbildungsberuf abschlie\u00dfen. Der Gesellenbrief der Handwerkskammer, der Industrie und Handelskammer, bzw. der Regierung von Oberbayern ist nach wie vor eine gewichtige Unterst\u00fctzung f\u00fcr eine gute Zukunft in unserem Arbeitsmarkt.[\/vc_column_text][\/vc_column_inner][vc_column_inner width=&#8220;1\/3&#8243;][vc_single_image image=&#8220;1010&#8243;][\/vc_column_inner][\/vc_row_inner][vc_column_text][\/vc_column_text][vc_column_text]Zudem finden im BBW auch Berufsorientierungsma\u00dfnahmen f\u00fcr Sch\u00fcler der 7. und 8. Klassen statt, die \u00fcberwiegend vom Bundesinstitut Berufsbildung (BiBB) finanziert werden. Die einzelnen Sch\u00fcler*innen erfahren durch bestimmte Testverfahren ihre pers\u00f6nlichen St\u00e4rken und k\u00f6nnen ihre praktischen Fertigkeiten kennenlernen. Rechtzeitig erfolgt somit eine Anbindung an das sp\u00e4tere Berufsleben. Das Angebot wird auch noch erg\u00e4nzt durch ein Wohnheim f\u00fcr die jungen Menschen, die aus pers\u00f6nlichen Gr\u00fcnden in einer Wohngemeinschaft leben m\u00f6chten.<br \/>\nAll den dort t\u00e4tigen Mitarbeiter*innen, ob Ausbilder*innen, Lehrkr\u00e4fte, Bildungsbegleiter*innen, P\u00e4dagog*innen, w\u00fcnsche ich weiterhin viel Erfolg bei der wichtigen Aufgabe, junge Menschen auf dem Weg in eine erfolgreiche berufliche Zukunft zu unterst\u00fctzen und zu begleiten. Den jungen Menschen w\u00fcnsche ich das Durchhalteverm\u00f6gen \u00fcber die gesamte Ausbildungszeit, eine interessante pr\u00e4gende Ausbildungszeit und einen erfolgreichen beruflichen Abschluss.<\/p>\n<p>Robert Niederges\u00e4\u00df<strong><br \/>\n<\/strong>Landrat[\/vc_column_text][\/vc_column][\/vc_row][vc_row][vc_column][vc_column_text]<\/p>\n<h3 style=\"text-align: center;\">Gru\u00dfwort der Landtagsabgeordneten Doris Rauscher (Wahlkreis Ebersberg)<\/h3>\n<p>[\/vc_column_text][vc_row_inner][vc_column_inner width=&#8220;2\/3&#8243;][vc_column_text]Sehr geehrte Damen und Herren, liebes Berufsbildungswerk Kirchseeon,<\/p>\n<p>von Marie von Ebner-Eschenbach stammt der sch\u00f6ne Satz: \u201eWenn es einen Glauben gibt, der Berge versetzen kann, so ist es der Glaube an die eigene Kraft.\u201c<\/p>\n<p>Ein jeder und eine jede von uns hat diese Kraft in sich \u2013 manchmal braucht es aber etwas Unterst\u00fctzung dabei, sie zu finden, um mit ihr tats\u00e4chlich Berge zu versetzen. Im pers\u00f6nlichen Bereich, auf dem beruflichen Weg und als Teil der ganzen Gesellschaft. Das gilt insbesondere f\u00fcr junge Menschen, die es in ihrem Leben nicht immer leicht hatten oder leicht haben. Die hart f\u00fcr ihre Erfolge arbeiten m\u00fcssen, um ihre pers\u00f6nlichen und beruflichen Ziele zu erreichen.<\/p>\n<p>Hier in Kirchseeon im Berufsbildungswerk erhalten sie Perspektiven und gute Rahmenbedingungen f\u00fcr einen gelingenden Start ins Berufsleben und ihre weitere Entwicklung. Manchmal erfordert es vielleicht etwas Mut, sich Unterst\u00fctzungsbedarf einzugestehen. Es folgt aber auch die Gewissheit, dass hier ein wertvolles Fundament f\u00fcr den weiteren Lebensweg gelegt werden wird.[\/vc_column_text][\/vc_column_inner][vc_column_inner width=&#8220;1\/3&#8243;][vc_single_image image=&#8220;1121&#8243;][\/vc_column_inner][\/vc_row_inner][vc_column_text]Im Berufsbildungswerk steht der Mensch im Mittelpunkt \u2013 mit seinen individuellen F\u00e4higkeiten, mit seinen Bed\u00fcrfnissen. Immer mit dem Ziel, den Glauben an die eigene Kraft in jedem einzelnen zu st\u00e4rken.<\/p>\n<p>F\u00fcr mich als Sozialpolitikerin im Landkreis Ebersberg ist es immer wieder beeindruckend zu sehen, mit wie viel Zuwendung, Fachkompetenz und individueller Begleitung starke Br\u00fccken in die Berufswelt gebaut werden und mit welchem Stolz die Jugendlichen am Ende ihrer Laufbahn mit ihrem Abschlusszeugnis an der Schwelle in eine gelingende Zukunft stehen.<\/p>\n<p>Herzlichen Dank f\u00fcr Ihr Engagement, Ihre Kreativit\u00e4t und Ihren Glauben an die St\u00e4rken und F\u00e4higkeiten Ihrer jungen Frauen und M\u00e4nner im Berufsbildungswerk!<\/p>\n<p>Doris Rauscher<strong><br \/>\n<\/strong>Vorsitzende des Sozialausschusses im Bayerischen Landtag, Landtagsabgeordnete f\u00fcr Ebersberg[\/vc_column_text][\/vc_column][\/vc_row][vc_row][vc_column][vc_column_text]<\/p>\n<h3 style=\"text-align: center;\">Gru\u00dfwort des Bundestagsabgeordneten Dr. Andreas Lenz (Wahlkreis Ebersberg &#8211; Erding)<\/h3>\n<p>[\/vc_column_text][vc_row_inner][vc_column_inner width=&#8220;2\/3&#8243;][vc_column_text]&#8220;Das Berufsbildungswerk in Kirchseeon ist eine einmalige Einrichtung. Sie lebt vom Engagement der Ausbilderinnen und Ausbilder und schafft so Chancen f\u00fcr die Jugendliche, die es in ihrem Leben etwas schwerer hatten als andere in ihrem Alter.<br \/>\nAm sch\u00f6nsten ist es zu sehen, wenn bei der Verabschiedung all die M\u00fchen und die Arbeit, aber auch das Miteinander, belohnt werden. Mein Dank daf\u00fcr an alle die zum Gelingen beitragen. Von Seiten der Politik gilt es das BBW weiterhin zu unterst\u00fctzen &#8211; Chancen werden schlie\u00dflich immer gebraucht.<\/p>\n<p><strong>Dr. Andreas Lenz<\/strong><br \/>\nMdB[\/vc_column_text][\/vc_column_inner][vc_column_inner width=&#8220;1\/3&#8243;][vc_single_image image=&#8220;1290&#8243;][\/vc_column_inner][\/vc_row_inner][\/vc_column][\/vc_row]<\/p>\n<\/div>","protected":false},"excerpt":{"rendered":"<p>[vc_row][vc_column][vc_column_text] Gru\u00dfwort des Landrates Robert Niederges\u00e4\u00df [\/vc_column_text][vc_row_inner][vc_column_inner width=&#8220;2\/3&#8243;][vc_column_text]Der Landkreis Ebersberg ist froh und dankbar, eine Einrichtung wie das Berufsbildungswerk (BBW) der Stiftung St. Zeno Kirchseeon als wichtigen Partner in unserer Bildungsregion Landkreis Ebersberg zu haben. Hierbei verweise ich auf die Angebote der Berufsvorbereitenden Ma\u00dfnahmen sowie nat\u00fcrlich die duale Erstausbildung an einem Ort. Hier k\u00f6nnen junge [&hellip;]<\/p>\n","protected":false},"author":12,"featured_media":0,"parent":0,"menu_order":3,"comment_status":"closed","ping_status":"closed","template":"","meta":{"_acf_changed":false,"footnotes":""},"acf":[],"_links":{"self":[{"href":"https:\/\/stiftung-st-zeno.fp-server.com\/site-bbw-kirchseeon\/wp-json\/wp\/v2\/pages\/1145"}],"collection":[{"href":"https:\/\/stiftung-st-zeno.fp-server.com\/site-bbw-kirchseeon\/wp-json\/wp\/v2\/pages"}],"about":[{"href":"https:\/\/stiftung-st-zeno.fp-server.com\/site-bbw-kirchseeon\/wp-json\/wp\/v2\/types\/page"}],"author":[{"embeddable":true,"href":"https:\/\/stiftung-st-zeno.fp-server.com\/site-bbw-kirchseeon\/wp-json\/wp\/v2\/users\/12"}],"replies":[{"embeddable":true,"href":"https:\/\/stiftung-st-zeno.fp-server.com\/site-bbw-kirchseeon\/wp-json\/wp\/v2\/comments?post=1145"}],"version-history":[{"count":46,"href":"https:\/\/stiftung-st-zeno.fp-server.com\/site-bbw-kirchseeon\/wp-json\/wp\/v2\/pages\/1145\/revisions"}],"predecessor-version":[{"id":1504,"href":"https:\/\/stiftung-st-zeno.fp-server.com\/site-bbw-kirchseeon\/wp-json\/wp\/v2\/pages\/1145\/revisions\/1504"}],"wp:attachment":[{"href":"https:\/\/stiftung-st-zeno.fp-server.com\/site-bbw-kirchseeon\/wp-json\/wp\/v2\/media?parent=1145"}],"curies":[{"name":"wp","href":"https:\/\/api.w.org\/{rel}","templated":true}]}}