{"id":116,"date":"2019-08-11T02:39:46","date_gmt":"2019-08-11T00:39:46","guid":{"rendered":"https:\/\/stzeno.de\/berufsbildungswerk\/?page_id=116"},"modified":"2021-04-04T16:03:02","modified_gmt":"2021-04-04T14:03:02","slug":"assistierte-ausbildung","status":"publish","type":"page","link":"https:\/\/stiftung-st-zeno.fp-server.com\/site-bbw-kirchseeon\/assistierte-ausbildung\/","title":{"rendered":"Assistierte Ausbildung"},"content":{"rendered":"<div class=\"wpb-content-wrapper\"><p>[vc_row][vc_column][vc_column_text]<\/p>\n<h1>Willkommen in der Assistieren Ausbildung<\/h1>\n<h3>Die Assistierte Ausbildung ist eine individuelle Unterst\u00fctzung von Teilnehmer und deren Ausbildungsbetriebs<\/h3>\n<p>[\/vc_column_text][vc_row_inner][vc_column_inner][vc_column_text]Die assistierte Ausbildung kann gew\u00e4hrt werden, wenn zu erwarten ist, dass ausbildungsbegleitende Hilfen (abH) nicht ausreichend sind, um eine Ausbildung zu erm\u00f6glichen. Die F\u00f6rderung besteht einerseits aus der individuellen und kontinuierlichen Unterst\u00fctzung des\/der jungen Menschen vor und w\u00e4hrend der Ausbildung. Die Hilfsangebote dienen dazu Bildungsdefizite abzubauen, den Eintritt in ein Ausbildungsverh\u00e4ltnis zu erm\u00f6glichen, das Ausbildungsverh\u00e4ltnis zu stabilisieren sowie einen erfolgreichen Berufsabschluss und \u00dcbergang in den Arbeitsmarkt zu erm\u00f6glichen. Andererseits kann der ausbildende Betrieb Unterst\u00fctzung bei der Anbahnung und anschlie\u00dfend bei der Durchf\u00fchrung der Ausbildung erhalten. Hierzu geh\u00f6rt die Unterst\u00fctzung im organisatorischen und administrativen Bereich, aber auch regelm\u00e4\u00dfige Gespr\u00e4che mit allen an der Ausbildung Beteiligten, um das Berufsausbildungsverh\u00e4ltnis zu stabilisieren und zu einem erfolgreichen Abschluss zu f\u00fchren.[\/vc_column_text][\/vc_column_inner][\/vc_row_inner][\/vc_column][\/vc_row][vc_row][vc_column][vc_single_image image=&#8220;329&#8243;][vc_btn title=&#8220;Mehr Erfahren&#8220; link=&#8220;url:https%3A%2F%2Fwww.arbeitsagentur.de%2Funternehmen%2Fausbildungsbetriebe%2Fassistierte-ausbildung-arbeitgeber||target:%20_blank|&#8220;][\/vc_column][\/vc_row][vc_row][vc_column][vc_column_text]<\/p>\n<h1>Testimonials<\/h1>\n<p>[\/vc_column_text]        <div class=\"slider testimonial\" data-id=\"72153\">\n          <div class=\"image-box\">\n            <div class=\"slides\">\n                                  <div class=\"slide\">\n                      <img loading=\"lazy\" decoding=\"async\" width=\"800\" height=\"534\" data-position=\"center\" src=\"https:\/\/stiftung-st-zeno.fp-server.com\/wp-content\/themes\/fp-theme\/dist\/images\/placeholders\/placeholder.png\" data-src=\"https:\/\/stiftung-st-zeno.fp-server.com\/wp-content\/uploads\/sites\/2\/2016\/12\/vertrag.jpg\" class=\"lazyload object-fit-cover\" alt=\"Vertragsunterzeichnung AsA Lidl\" data-sizes=\"auto\" data-srcset=\"https:\/\/stiftung-st-zeno.fp-server.com\/wp-content\/uploads\/sites\/2\/2016\/12\/vertrag.jpg 800w, https:\/\/stiftung-st-zeno.fp-server.com\/wp-content\/uploads\/sites\/2\/2016\/12\/vertrag-768x513.jpg 768w, https:\/\/stiftung-st-zeno.fp-server.com\/wp-content\/uploads\/sites\/2\/2016\/12\/vertrag-640x427.jpg 640w, https:\/\/stiftung-st-zeno.fp-server.com\/wp-content\/uploads\/sites\/2\/2016\/12\/vertrag-480x320.jpg 480w, https:\/\/stiftung-st-zeno.fp-server.com\/wp-content\/uploads\/sites\/2\/2016\/12\/vertrag-320x214.jpg 320w\" \/>                    <\/div>\n                                      <div class=\"slide\">\n                      <img loading=\"lazy\" decoding=\"async\" width=\"1200\" height=\"647\" data-position=\"center\" src=\"https:\/\/stiftung-st-zeno.fp-server.com\/wp-content\/themes\/fp-theme\/dist\/images\/placeholders\/placeholder.png\" data-src=\"https:\/\/stiftung-st-zeno.fp-server.com\/wp-content\/uploads\/sites\/2\/2017\/01\/fluechtlingprobezeit.jpg\" class=\"lazyload object-fit-cover\" alt=\"fluechtlingprobezeit\" data-sizes=\"auto\" data-srcset=\"https:\/\/stiftung-st-zeno.fp-server.com\/wp-content\/uploads\/sites\/2\/2017\/01\/fluechtlingprobezeit.jpg 1200w, https:\/\/stiftung-st-zeno.fp-server.com\/wp-content\/uploads\/sites\/2\/2017\/01\/fluechtlingprobezeit-768x414.jpg 768w, https:\/\/stiftung-st-zeno.fp-server.com\/wp-content\/uploads\/sites\/2\/2017\/01\/fluechtlingprobezeit-1024x552.jpg 1024w, https:\/\/stiftung-st-zeno.fp-server.com\/wp-content\/uploads\/sites\/2\/2017\/01\/fluechtlingprobezeit-640x345.jpg 640w, https:\/\/stiftung-st-zeno.fp-server.com\/wp-content\/uploads\/sites\/2\/2017\/01\/fluechtlingprobezeit-480x259.jpg 480w, https:\/\/stiftung-st-zeno.fp-server.com\/wp-content\/uploads\/sites\/2\/2017\/01\/fluechtlingprobezeit-320x173.jpg 320w\" \/>                    <\/div>\n                              <\/div>\n          <\/div>\n          <div class=\"content-box\">\n            <div class=\"slides\">\n                                  <div class=\"slide\">\n                                                  <h3>AsA Lidl <\/h3>\n                                                <hr \/>\n                                                  <q>Duale Ausbildung von 23 Fl\u00fcchtlingen zur Fachkraft f\u00fcr Lagerlogistik, bzw. Einzelhandelskaufmann in Kooperation mit Lidl<\/q>\n                                                      <a class=\"button\" href=\"https:\/\/stzeno.de\/berufsbildungswerk\/diese-fluechtlinge-werden-azubis\/\" target=\"\">Diese Fl\u00fcchtlinge werden Azubis<\/a>\n                                              <\/div>\n                                      <div class=\"slide\">\n                                                  <h3>AsA Landkreis <\/h3>\n                                                <hr \/>\n                                                  <q>Duale Ausbildung von 22 jugendlichen Fl\u00fcchtlingen in Kooperation mit dem Landkreis Ebersberg<\/q>\n                                                      <a class=\"button\" href=\"https:\/\/stzeno.de\/berufsbildungswerk\/asylbewerber-sollen-fachkraefte-werden\/\" target=\"\">Asylbewerber sollen Fachkr\u00e4fte werden<\/a>\n                                              <\/div>\n                              <\/div>\n                  <div class=\"slider-arrows\"><!--\n                      --><a class=\"arrow prev\">\n                <svg xmlns=\"http:\/\/www.w3.org\/2000\/svg\" width=\"8.717\" height=\"15.297\" viewBox=\"0 0 8.717 15.297\">\n                  <path d=\"M962.03,228.521l7.646,7.344-7.646,7.229\" transform=\"translate(970.401 243.457) rotate(180)\" stroke-width=\"1\" \/>\n                <\/svg>\n              <\/a><!--\n                          --><a class=\"arrow next\">\n                <svg xmlns=\"http:\/\/www.w3.org\/2000\/svg\" width=\"8.717\" height=\"15.297\" viewBox=\"0 0 8.717 15.297\">\n                  <path d=\"M962.03,228.521l7.646,7.344-7.646,7.229\" transform=\"translate(-961.684 -228.16)\" stroke-width=\"1\" \/>\n                <\/svg>\n              <\/a><!--\n                  --><\/div>\n              <\/div>\n        <\/div>\n      [\/vc_column][\/vc_row][vc_row][vc_column][vc_column_text]<\/p>\n<h2>Zielgruppen<\/h2>\n<p>[\/vc_column_text]        <div class=\"teasers target-groups\">\n                <div class=\"teaser monochrome\">\n                <h3>Auszubildende duale Ausbildung<\/h3>\n                      <hr \/>\n                          <p>Alle Auszubildenden in einer dualen Ausbildung mit Wohnsitz im Landkreis Ebersberg.<\/p>\n                  <\/div>\n          <div class=\"teaser monochrome\">\n                <h3>Kooperationspartner<\/h3>\n                      <hr \/>\n                          <p>F\u00fcr Betriebe, \u00c4mter und Innungen usw.<\/p>\n                  <\/div>\n            <\/div>\n      [\/vc_column][\/vc_row][vc_row][vc_column][vc_column_text]PDF Datei zum Download:<br \/>\n<a href=\"https:\/\/stzeno.de\/wp-content\/uploads\/sites\/2\/2021\/04\/pressemitteilung-asa-landkreis-ebersberg_vert.pdf\" target=\"_blank\" rel=\"noopener noreferrer\">PRESSEMITTEILUNG ASA LANDKREIS EBERSBER<\/a><a href=\"https:\/\/stzeno.de\/wp-content\/uploads\/sites\/2\/2021\/04\/pressemitteilung-asa-landkreis-ebersberg_vert.pdf\" target=\"_blank\" rel=\"noopener noreferrer\">G<\/a>[\/vc_column_text][\/vc_column][\/vc_row]<\/p>\n<\/div>","protected":false},"excerpt":{"rendered":"<p>[vc_row][vc_column][vc_column_text] Willkommen in der Assistieren Ausbildung Die Assistierte Ausbildung ist eine individuelle Unterst\u00fctzung von Teilnehmer und deren Ausbildungsbetriebs [\/vc_column_text][vc_row_inner][vc_column_inner][vc_column_text]Die assistierte Ausbildung kann gew\u00e4hrt werden, wenn zu erwarten ist, dass ausbildungsbegleitende Hilfen (abH) nicht ausreichend sind, um eine Ausbildung zu erm\u00f6glichen. Die F\u00f6rderung besteht einerseits aus der individuellen und kontinuierlichen Unterst\u00fctzung des\/der jungen Menschen vor und [&hellip;]<\/p>\n","protected":false},"author":1,"featured_media":0,"parent":0,"menu_order":19,"comment_status":"closed","ping_status":"closed","template":"","meta":{"_acf_changed":false,"footnotes":""},"acf":[],"_links":{"self":[{"href":"https:\/\/stiftung-st-zeno.fp-server.com\/site-bbw-kirchseeon\/wp-json\/wp\/v2\/pages\/116"}],"collection":[{"href":"https:\/\/stiftung-st-zeno.fp-server.com\/site-bbw-kirchseeon\/wp-json\/wp\/v2\/pages"}],"about":[{"href":"https:\/\/stiftung-st-zeno.fp-server.com\/site-bbw-kirchseeon\/wp-json\/wp\/v2\/types\/page"}],"author":[{"embeddable":true,"href":"https:\/\/stiftung-st-zeno.fp-server.com\/site-bbw-kirchseeon\/wp-json\/wp\/v2\/users\/1"}],"replies":[{"embeddable":true,"href":"https:\/\/stiftung-st-zeno.fp-server.com\/site-bbw-kirchseeon\/wp-json\/wp\/v2\/comments?post=116"}],"version-history":[{"count":20,"href":"https:\/\/stiftung-st-zeno.fp-server.com\/site-bbw-kirchseeon\/wp-json\/wp\/v2\/pages\/116\/revisions"}],"predecessor-version":[{"id":1321,"href":"https:\/\/stiftung-st-zeno.fp-server.com\/site-bbw-kirchseeon\/wp-json\/wp\/v2\/pages\/116\/revisions\/1321"}],"wp:attachment":[{"href":"https:\/\/stiftung-st-zeno.fp-server.com\/site-bbw-kirchseeon\/wp-json\/wp\/v2\/media?parent=116"}],"curies":[{"name":"wp","href":"https:\/\/api.w.org\/{rel}","templated":true}]}}