{"id":1335,"date":"2021-04-06T15:27:44","date_gmt":"2021-04-06T13:27:44","guid":{"rendered":"https:\/\/www.bbw-kirchseeon.de\/?page_id=1335"},"modified":"2021-04-06T15:38:06","modified_gmt":"2021-04-06T13:38:06","slug":"wohnen-2","status":"publish","type":"page","link":"https:\/\/stiftung-st-zeno.fp-server.com\/site-bbw-kirchseeon\/wohnen-2\/","title":{"rendered":"Wohnen"},"content":{"rendered":"<div class=\"wpb-content-wrapper\"><p>[vc_row][vc_column][vc_column_text]Die Teilnehmer an unseren berufsvorbereitenden Bildungsma\u00dfnahmen und Ausbildungen kommen vorwiegend aus S\u00fcdbayern. Aber auch aus Nordbayern oder anderen Bundesl\u00e4ndern absolvieren junge Menschen Ausbildungen und Kurse im Berufsbildungswerk. Viele von Ihnen aus der n\u00e4heren Umgebung k\u00f6nnen dazu weiterhin zu Hause bei den Eltern oder in der eigenen Wohnung wohnen und t\u00e4glich zum Berufsbildungswerk pendeln. F\u00fcr die Teilnehmer, die das Berufsbildungswerk nicht zu den entsprechenden Arbeitszeiten erreichen k\u00f6nnen oder aus anderen Gr\u00fcnden eine Unterst\u00fctzung beim Wohnen ben\u00f6tigen, steht unser Internat auf dem Gel\u00e4nde zur Verf\u00fcgung.[\/vc_column_text]        <div class=\"slider content large-content-box\" data-id=\"72578\">\n          <div class=\"image-box\">\n\n            <div class=\"slides\">\n                                  <div class=\"slide \">\n                      <img loading=\"lazy\" decoding=\"async\" width=\"1920\" height=\"1347\" data-position=\"center\" src=\"https:\/\/stiftung-st-zeno.fp-server.com\/wp-content\/themes\/fp-theme\/dist\/images\/placeholders\/placeholder.png\" data-src=\"https:\/\/stiftung-st-zeno.fp-server.com\/wp-content\/uploads\/sites\/2\/2021\/02\/internat_luftbild_50_scaled.jpg\" class=\"lazyload object-fit-cover\" alt=\"\" data-sizes=\"auto\" data-srcset=\"https:\/\/stiftung-st-zeno.fp-server.com\/wp-content\/uploads\/sites\/2\/2021\/02\/internat_luftbild_50_scaled.jpg 1920w, https:\/\/stiftung-st-zeno.fp-server.com\/wp-content\/uploads\/sites\/2\/2021\/02\/internat_luftbild_50_scaled-768x539.jpg 768w, https:\/\/stiftung-st-zeno.fp-server.com\/wp-content\/uploads\/sites\/2\/2021\/02\/internat_luftbild_50_scaled-1600x1123.jpg 1600w, https:\/\/stiftung-st-zeno.fp-server.com\/wp-content\/uploads\/sites\/2\/2021\/02\/internat_luftbild_50_scaled-1536x1078.jpg 1536w, https:\/\/stiftung-st-zeno.fp-server.com\/wp-content\/uploads\/sites\/2\/2021\/02\/internat_luftbild_50_scaled-1280x898.jpg 1280w, https:\/\/stiftung-st-zeno.fp-server.com\/wp-content\/uploads\/sites\/2\/2021\/02\/internat_luftbild_50_scaled-1024x718.jpg 1024w, https:\/\/stiftung-st-zeno.fp-server.com\/wp-content\/uploads\/sites\/2\/2021\/02\/internat_luftbild_50_scaled-640x449.jpg 640w, https:\/\/stiftung-st-zeno.fp-server.com\/wp-content\/uploads\/sites\/2\/2021\/02\/internat_luftbild_50_scaled-480x337.jpg 480w, https:\/\/stiftung-st-zeno.fp-server.com\/wp-content\/uploads\/sites\/2\/2021\/02\/internat_luftbild_50_scaled-320x225.jpg 320w\" \/>                    <\/div>\n                                      <div class=\"slide \">\n                      <img loading=\"lazy\" decoding=\"async\" width=\"1920\" height=\"1032\" data-position=\"center\" src=\"https:\/\/stiftung-st-zeno.fp-server.com\/wp-content\/themes\/fp-theme\/dist\/images\/placeholders\/placeholder.png\" data-src=\"https:\/\/stiftung-st-zeno.fp-server.com\/wp-content\/uploads\/sites\/2\/2019\/08\/bild-1-1920x1032.jpg\" class=\"lazyload object-fit-cover\" alt=\"\" data-sizes=\"auto\" data-srcset=\"https:\/\/stiftung-st-zeno.fp-server.com\/wp-content\/uploads\/sites\/2\/2019\/08\/bild-1.jpg 1920w, https:\/\/stiftung-st-zeno.fp-server.com\/wp-content\/uploads\/sites\/2\/2019\/08\/bild-1-768x413.jpg 768w, https:\/\/stiftung-st-zeno.fp-server.com\/wp-content\/uploads\/sites\/2\/2019\/08\/bild-1-1600x860.jpg 1600w, https:\/\/stiftung-st-zeno.fp-server.com\/wp-content\/uploads\/sites\/2\/2019\/08\/bild-1-1280x688.jpg 1280w, https:\/\/stiftung-st-zeno.fp-server.com\/wp-content\/uploads\/sites\/2\/2019\/08\/bild-1-1024x550.jpg 1024w, https:\/\/stiftung-st-zeno.fp-server.com\/wp-content\/uploads\/sites\/2\/2019\/08\/bild-1-640x344.jpg 640w, https:\/\/stiftung-st-zeno.fp-server.com\/wp-content\/uploads\/sites\/2\/2019\/08\/bild-1-480x258.jpg 480w, https:\/\/stiftung-st-zeno.fp-server.com\/wp-content\/uploads\/sites\/2\/2019\/08\/bild-1-320x172.jpg 320w\" \/>                    <\/div>\n                                      <div class=\"slide \">\n                      <img loading=\"lazy\" decoding=\"async\" width=\"1600\" height=\"1200\" data-position=\"center\" src=\"https:\/\/stiftung-st-zeno.fp-server.com\/wp-content\/themes\/fp-theme\/dist\/images\/placeholders\/placeholder.png\" data-src=\"https:\/\/stiftung-st-zeno.fp-server.com\/wp-content\/uploads\/sites\/2\/2019\/08\/p1390152-4-2.jpg\" class=\"lazyload object-fit-cover\" alt=\"\" data-sizes=\"auto\" data-srcset=\"https:\/\/stiftung-st-zeno.fp-server.com\/wp-content\/uploads\/sites\/2\/2019\/08\/p1390152-4-2.jpg 1600w, https:\/\/stiftung-st-zeno.fp-server.com\/wp-content\/uploads\/sites\/2\/2019\/08\/p1390152-4-2-768x576.jpg 768w, https:\/\/stiftung-st-zeno.fp-server.com\/wp-content\/uploads\/sites\/2\/2019\/08\/p1390152-4-2-1536x1152.jpg 1536w, https:\/\/stiftung-st-zeno.fp-server.com\/wp-content\/uploads\/sites\/2\/2019\/08\/p1390152-4-2-1280x960.jpg 1280w, https:\/\/stiftung-st-zeno.fp-server.com\/wp-content\/uploads\/sites\/2\/2019\/08\/p1390152-4-2-1024x768.jpg 1024w, https:\/\/stiftung-st-zeno.fp-server.com\/wp-content\/uploads\/sites\/2\/2019\/08\/p1390152-4-2-640x480.jpg 640w, https:\/\/stiftung-st-zeno.fp-server.com\/wp-content\/uploads\/sites\/2\/2019\/08\/p1390152-4-2-480x360.jpg 480w, https:\/\/stiftung-st-zeno.fp-server.com\/wp-content\/uploads\/sites\/2\/2019\/08\/p1390152-4-2-320x240.jpg 320w\" \/>                    <\/div>\n                              <\/div>\n                      <\/div>\n          <div class=\"content-box\">\n            <div class=\"slides\">\n                                  <div class=\"slide\">\n                                                  <h3>Wohnen und Leben im Internat des Berufbildungswerkes<\/h3>\n                            <hr \/>\n                                                      <p>F\u00fcr die Teilnehmerinnen und Teilnehmer, die nicht t\u00e4glich zum Berufsbildungswerk pendeln k\u00f6nnen oder eine zus\u00e4tzliche Unterst\u00fctzung im schulischen Lernen, der pers\u00f6nlichen Entwicklung und der Verselbst\u00e4ndigung w\u00fcnschen, bieten wir in unserem Internat unterschiedliche Wohn- und Betreuungsformen an.<\/p>\n                                                        <a class=\"button\" href=\"https:\/\/www.bbw-kirchseeon.de\/overlay\/wohnen-und-leben-im-internat-des-berufsbildungswerkes\/\" target=\"_blank\" data-group=\"43042\">Weiterlesen<\/a>\n                                                <\/div>\n                                      <div class=\"slide\">\n                                                  <h3>Pendeln zwischen BBW und Zuhause<\/h3>\n                            <hr \/>\n                                                      <p>Kirchseeon liegt verkehrsg\u00fcnstig am S\u00fcdrand des Ebersberger Forstes und ist auch mit \u00f6ffentlichen Verkehrsmitteln gut erreichbar.<br \/>\r\n<br \/>\r\n    mit der Bahn aus Richtung Wasserburg, Rosenheim, Kufstein<br \/>\r\n    mit der S-Bahn Linie 4 aus Richtung M\u00fcnchen und Ebersberg- Grafing<br \/>\r\n    mit verschiedenen reginalen Buslinien<br \/>\r\n    mit eigenen Pendelbuslinien aus Miesbach und dem Erdinger Land<br \/>\r\n    Pendelbus vom Bahnhof in Kirchseeon (zum f\u00fcr die meisten Ausbildungswerkst\u00e4tten \u00fcblichen Arbeitsbeginn)<\/p>\n                                              <\/div>\n                                      <div class=\"slide\">\n                                                  <h3>Weitere Wohnformen mit Unterst\u00fctzung <\/h3>\n                            <hr \/>\n                                                      <p>Weitere Wohnm\u00f6glichkeiten bestehen:<br \/>\r\n -   im \u201eJohannesheim\u201c in Holzolling. Das Johannesheim Holzolling ist eine Jugendhilfeeinrichtung der Stiftung St. Zeno und ist mit einem morgendlichen und abendlichen Pendelbus direkt mit dem Berufsbildungswerk verbunden.<br \/>\r\n -   in der \u201eSch\u00f6nen Aussicht\u201c in Rosenheim einer station\u00e4ren sozialp\u00e4dagogischen Jugendhilfeeinrichtung der Stiftung St. Zeno. Mit dem Linienbus ist man in wenigen Minuten in der Stadt und am Bahnhof von wo aus gute und schnelle Verbindungen zum  Berufsbildungswerk bestehen.<br \/>\r\n -  oder der \u201eTherapeutischen Wohngemeinschaft\u201c in Kirchseeon-Eglharting. Dort leben Menschen mit psychischen Beeintr\u00e4chtigungen, das Berufsbildungswerk ist nur wenige Kilometer entfernt und schnell zu erreichen.<\/p>\n                                              <\/div>\n                              <\/div>\n                  <div class=\"slider-arrows\"><!--\n                      --><a class=\"arrow prev\">\n                <svg xmlns=\"http:\/\/www.w3.org\/2000\/svg\" width=\"8.717\" height=\"15.297\" viewBox=\"0 0 8.717 15.297\">\n                  <path d=\"M962.03,228.521l7.646,7.344-7.646,7.229\" transform=\"translate(970.401 243.457) rotate(180)\" stroke-width=\"1\" \/>\n                <\/svg>\n              <\/a><!--\n                          --><a class=\"arrow next\">\n                <svg xmlns=\"http:\/\/www.w3.org\/2000\/svg\" width=\"8.717\" height=\"15.297\" viewBox=\"0 0 8.717 15.297\">\n                  <path d=\"M962.03,228.521l7.646,7.344-7.646,7.229\" transform=\"translate(-961.684 -228.16)\" stroke-width=\"1\" \/>\n                <\/svg>\n              <\/a><!--\n                  --><\/div>\n              <\/div>\n        <\/div>\n      [\/vc_column][\/vc_row]<\/p>\n<\/div>","protected":false},"excerpt":{"rendered":"<p>[vc_row][vc_column][vc_column_text]Die Teilnehmer an unseren berufsvorbereitenden Bildungsma\u00dfnahmen und Ausbildungen kommen vorwiegend aus S\u00fcdbayern. Aber auch aus Nordbayern oder anderen Bundesl\u00e4ndern absolvieren junge Menschen Ausbildungen und Kurse im Berufsbildungswerk. Viele von Ihnen aus der n\u00e4heren Umgebung k\u00f6nnen dazu weiterhin zu Hause bei den Eltern oder in der eigenen Wohnung wohnen und t\u00e4glich zum Berufsbildungswerk pendeln. F\u00fcr die [&hellip;]<\/p>\n","protected":false},"author":21,"featured_media":0,"parent":0,"menu_order":0,"comment_status":"closed","ping_status":"closed","template":"","meta":{"_acf_changed":false,"footnotes":""},"acf":[],"_links":{"self":[{"href":"https:\/\/stiftung-st-zeno.fp-server.com\/site-bbw-kirchseeon\/wp-json\/wp\/v2\/pages\/1335"}],"collection":[{"href":"https:\/\/stiftung-st-zeno.fp-server.com\/site-bbw-kirchseeon\/wp-json\/wp\/v2\/pages"}],"about":[{"href":"https:\/\/stiftung-st-zeno.fp-server.com\/site-bbw-kirchseeon\/wp-json\/wp\/v2\/types\/page"}],"author":[{"embeddable":true,"href":"https:\/\/stiftung-st-zeno.fp-server.com\/site-bbw-kirchseeon\/wp-json\/wp\/v2\/users\/21"}],"replies":[{"embeddable":true,"href":"https:\/\/stiftung-st-zeno.fp-server.com\/site-bbw-kirchseeon\/wp-json\/wp\/v2\/comments?post=1335"}],"version-history":[{"count":15,"href":"https:\/\/stiftung-st-zeno.fp-server.com\/site-bbw-kirchseeon\/wp-json\/wp\/v2\/pages\/1335\/revisions"}],"predecessor-version":[{"id":1362,"href":"https:\/\/stiftung-st-zeno.fp-server.com\/site-bbw-kirchseeon\/wp-json\/wp\/v2\/pages\/1335\/revisions\/1362"}],"wp:attachment":[{"href":"https:\/\/stiftung-st-zeno.fp-server.com\/site-bbw-kirchseeon\/wp-json\/wp\/v2\/media?parent=1335"}],"curies":[{"name":"wp","href":"https:\/\/api.w.org\/{rel}","templated":true}]}}