{"id":1744,"date":"2021-11-15T17:07:13","date_gmt":"2021-11-15T16:07:13","guid":{"rendered":"https:\/\/www.bbw-kirchseeon.de\/?page_id=1744"},"modified":"2021-11-15T17:07:13","modified_gmt":"2021-11-15T16:07:13","slug":"werbefilme-berufe-im-bbw","status":"publish","type":"page","link":"https:\/\/stiftung-st-zeno.fp-server.com\/site-bbw-kirchseeon\/werbefilme-berufe-im-bbw\/","title":{"rendered":"Werbefilme Berufe im BBW"},"content":{"rendered":"<div class=\"wpb-content-wrapper\"><p>[vc_row][vc_column width=&#8220;1\/2&#8243;][vc_column_text]<\/p>\n<h3>Werbefilm aus unseren Werkst\u00e4tten f\u00fcr Objekt und Bauten Beschichter<\/h3>\n<p>[\/vc_column_text][vc_video link=&#8220;https:\/\/stzeno.de\/wp-content\/uploads\/sites\/2\/2021\/11\/bauten_und_objektbeschickter_2021.mp4&#8243; css=&#8220;.vc_custom_1636990195614{background: #ffffff url(https:\/\/stzeno.de\/wp-content\/uploads\/sites\/2\/2021\/01\/istock-170104934-3-1600&#215;1161-1.jpg?id=982) !important;border-radius: 1px !important;}&#8220;][\/vc_column][vc_column width=&#8220;1\/2&#8243;][vc_column_text]<\/p>\n<h3>Werbefilm aus unseren Werkst\u00e4tten f\u00fcr Raumausstatter<\/h3>\n<p>[\/vc_column_text][vc_video link=&#8220;https:\/\/stzeno.de\/wp-content\/uploads\/sites\/2\/2021\/11\/raumausstatter_2021.mp4&#8243; css=&#8220;.vc_custom_1636990977901{background: #ffffff url(https:\/\/stzeno.de\/wp-content\/uploads\/sites\/2\/2021\/01\/istock-170104934-3-1600&#215;1161-1.jpg?id=982) !important;border-radius: 1px !important;}&#8220;][\/vc_column][\/vc_row][vc_row][vc_column width=&#8220;1\/2&#8243;][vc_column_text]<\/p>\n<h3>Werbefilm aus unseren Werkst\u00e4tten f\u00fcr Verk\u00e4ufer<\/h3>\n<p>[\/vc_column_text][vc_video link=&#8220;https:\/\/stzeno.de\/wp-content\/uploads\/sites\/2\/2021\/11\/verkaeufer_2021.mp4&#8243; css=&#8220;.vc_custom_1636990936277{background: #ffffff url(https:\/\/stzeno.de\/wp-content\/uploads\/sites\/2\/2021\/01\/istock-170104934-3-1600&#215;1161-1.jpg?id=982) !important;border-radius: 1px !important;}&#8220;][\/vc_column][vc_column width=&#8220;1\/2&#8243;][vc_column_text]<\/p>\n<h3>Werbefilm aus unseren Werkst\u00e4tten f\u00fcr Hauswirtschaft<\/h3>\n<p>[\/vc_column_text][vc_video link=&#8220;https:\/\/stzeno.de\/wp-content\/uploads\/sites\/2\/2021\/11\/hauswirtschaft_2021.mp4&#8243; css=&#8220;.vc_custom_1636991051204{background: #ffffff url(https:\/\/stzeno.de\/wp-content\/uploads\/sites\/2\/2021\/01\/istock-170104934-3-1600&#215;1161-1.jpg?id=982) !important;border-radius: 1px !important;}&#8220;][\/vc_column][\/vc_row][vc_row][vc_column width=&#8220;1\/2&#8243;][vc_column_text]<\/p>\n<h3>Werbefilm aus unseren Werkst\u00e4tten f\u00fcr Fachlageristen<\/h3>\n<p>[\/vc_column_text][vc_video link=&#8220;https:\/\/stzeno.de\/wp-content\/uploads\/sites\/2\/2021\/11\/fachlageristen_2021.mp4&#8243; css=&#8220;.vc_custom_1636991148082{background: #ffffff url(https:\/\/stzeno.de\/wp-content\/uploads\/sites\/2\/2021\/01\/istock-170104934-3-1600&#215;1161-1.jpg?id=982) !important;border-radius: 1px !important;}&#8220;][\/vc_column][vc_column width=&#8220;1\/2&#8243;][vc_column_text]<\/p>\n<h3>Werbefilm aus unseren Werkst\u00e4tten f\u00fcr Medientechnologie<\/h3>\n<p>[\/vc_column_text][vc_video link=&#8220;https:\/\/stzeno.de\/wp-content\/uploads\/sites\/2\/2021\/11\/web-video-mt.mp4&#8243; css=&#8220;.vc_custom_1636991270249{background: #ffffff url(https:\/\/stzeno.de\/wp-content\/uploads\/sites\/2\/2021\/01\/istock-170104934-3-1600&#215;1161-1.jpg?id=982) !important;border-radius: 1px !important;}&#8220;][\/vc_column][\/vc_row][vc_row][vc_column width=&#8220;1\/2&#8243;][vc_column_text]<\/p>\n<h3>Werbefilm aus unseren Werkst\u00e4tten f\u00fcr Feinwerkmechaniker<\/h3>\n<p>[\/vc_column_text][vc_video link=&#8220;https:\/\/stzeno.de\/wp-content\/uploads\/sites\/2\/2021\/11\/feinwerkmechaniker_2021.mp4&#8243; css=&#8220;.vc_custom_1636991081788{background: #ffffff url(https:\/\/stzeno.de\/wp-content\/uploads\/sites\/2\/2021\/01\/istock-170104934-3-1600&#215;1161-1.jpg?id=982) !important;border-radius: 1px !important;}&#8220;][\/vc_column][vc_column width=&#8220;1\/2&#8243;][vc_column_text]<\/p>\n<h3>Werbefilm aus unseren Werkst\u00e4tten f\u00fcr Metalltechnik<\/h3>\n<p>[\/vc_column_text][vc_video link=&#8220;https:\/\/stzeno.de\/wp-content\/uploads\/sites\/2\/2021\/11\/metalltechnik_2021.mp4&#8243; css=&#8220;.vc_custom_1636991021124{background: #ffffff url(https:\/\/stzeno.de\/wp-content\/uploads\/sites\/2\/2021\/01\/istock-170104934-3-1600&#215;1161-1.jpg?id=982) !important;border-radius: 1px !important;}&#8220;][\/vc_column][\/vc_row]<\/p>\n<\/div>","protected":false},"excerpt":{"rendered":"<p>[vc_row][vc_column width=&#8220;1\/2&#8243;][vc_column_text] Werbefilm aus unseren Werkst\u00e4tten f\u00fcr Objekt und Bauten Beschichter [\/vc_column_text][vc_video link=&#8220;https:\/\/stzeno.de\/wp-content\/uploads\/sites\/2\/2021\/11\/bauten_und_objektbeschickter_2021.mp4&#8243; css=&#8220;.vc_custom_1636990195614{background: #ffffff url(https:\/\/stzeno.de\/wp-content\/uploads\/sites\/2\/2021\/01\/istock-170104934-3-1600&#215;1161-1.jpg?id=982) !important;border-radius: 1px !important;}&#8220;][\/vc_column][vc_column width=&#8220;1\/2&#8243;][vc_column_text] Werbefilm aus unseren Werkst\u00e4tten f\u00fcr Raumausstatter [\/vc_column_text][vc_video link=&#8220;https:\/\/stzeno.de\/wp-content\/uploads\/sites\/2\/2021\/11\/raumausstatter_2021.mp4&#8243; css=&#8220;.vc_custom_1636990977901{background: #ffffff url(https:\/\/stzeno.de\/wp-content\/uploads\/sites\/2\/2021\/01\/istock-170104934-3-1600&#215;1161-1.jpg?id=982) !important;border-radius: 1px !important;}&#8220;][\/vc_column][\/vc_row][vc_row][vc_column width=&#8220;1\/2&#8243;][vc_column_text] Werbefilm aus unseren Werkst\u00e4tten f\u00fcr Verk\u00e4ufer [\/vc_column_text][vc_video link=&#8220;https:\/\/stzeno.de\/wp-content\/uploads\/sites\/2\/2021\/11\/verkaeufer_2021.mp4&#8243; css=&#8220;.vc_custom_1636990936277{background: #ffffff url(https:\/\/stzeno.de\/wp-content\/uploads\/sites\/2\/2021\/01\/istock-170104934-3-1600&#215;1161-1.jpg?id=982) !important;border-radius: 1px !important;}&#8220;][\/vc_column][vc_column width=&#8220;1\/2&#8243;][vc_column_text] Werbefilm aus unseren Werkst\u00e4tten f\u00fcr [&hellip;]<\/p>\n","protected":false},"author":28,"featured_media":0,"parent":0,"menu_order":0,"comment_status":"closed","ping_status":"closed","template":"","meta":{"_acf_changed":false,"footnotes":""},"acf":[],"_links":{"self":[{"href":"https:\/\/stiftung-st-zeno.fp-server.com\/site-bbw-kirchseeon\/wp-json\/wp\/v2\/pages\/1744"}],"collection":[{"href":"https:\/\/stiftung-st-zeno.fp-server.com\/site-bbw-kirchseeon\/wp-json\/wp\/v2\/pages"}],"about":[{"href":"https:\/\/stiftung-st-zeno.fp-server.com\/site-bbw-kirchseeon\/wp-json\/wp\/v2\/types\/page"}],"author":[{"embeddable":true,"href":"https:\/\/stiftung-st-zeno.fp-server.com\/site-bbw-kirchseeon\/wp-json\/wp\/v2\/users\/28"}],"replies":[{"embeddable":true,"href":"https:\/\/stiftung-st-zeno.fp-server.com\/site-bbw-kirchseeon\/wp-json\/wp\/v2\/comments?post=1744"}],"version-history":[{"count":10,"href":"https:\/\/stiftung-st-zeno.fp-server.com\/site-bbw-kirchseeon\/wp-json\/wp\/v2\/pages\/1744\/revisions"}],"predecessor-version":[{"id":1879,"href":"https:\/\/stiftung-st-zeno.fp-server.com\/site-bbw-kirchseeon\/wp-json\/wp\/v2\/pages\/1744\/revisions\/1879"}],"wp:attachment":[{"href":"https:\/\/stiftung-st-zeno.fp-server.com\/site-bbw-kirchseeon\/wp-json\/wp\/v2\/media?parent=1744"}],"curies":[{"name":"wp","href":"https:\/\/api.w.org\/{rel}","templated":true}]}}