{"id":175,"date":"2019-08-15T21:09:29","date_gmt":"2019-08-15T19:09:29","guid":{"rendered":"https:\/\/bs-st-zeno.de\/?page_id=175"},"modified":"2021-12-06T10:46:38","modified_gmt":"2021-12-06T09:46:38","slug":"schulprofil","status":"publish","type":"page","link":"https:\/\/stiftung-st-zeno.fp-server.com\/site-bs-st-zeno\/schulprofil\/","title":{"rendered":"Schulprofil"},"content":{"rendered":"<div class=\"wpb-content-wrapper\"><p>[vc_row][vc_column][vc_column_text]<\/p>\n<h1><span data-sheets-value=\"{&quot;1&quot;:2,&quot;2&quot;:&quot;\\rWillkommen auf den Seiten der Berufsschule St. Zeno Kirchseeon\\r\\nam Berufsbildungswerk der Stiftung St. Zeno Kirchseeon!&quot;}\" data-sheets-userformat=\"{&quot;2&quot;:4993,&quot;3&quot;:{&quot;1&quot;:0},&quot;10&quot;:2,&quot;11&quot;:4,&quot;12&quot;:0,&quot;15&quot;:&quot;arial,sans,sans-serif&quot;}\">Willkommen<\/span><\/h1>\n<h3><span data-sheets-value=\"{&quot;1&quot;:2,&quot;2&quot;:&quot;\\rWillkommen auf den Seiten der Berufsschule St. Zeno Kirchseeon\\r\\nam Berufsbildungswerk der Stiftung St. Zeno Kirchseeon!&quot;}\" data-sheets-userformat=\"{&quot;2&quot;:4993,&quot;3&quot;:{&quot;1&quot;:0},&quot;10&quot;:2,&quot;11&quot;:4,&quot;12&quot;:0,&quot;15&quot;:&quot;arial,sans,sans-serif&quot;}\">Berufsschule St. Zeno Kirchseeon am Berufsbildungswerk der Stiftung St. Zeno Kirchseeon<\/span><\/h3>\n<p>[\/vc_column_text][vc_row_inner][vc_column_inner][vc_column_text]<span data-sheets-value=\"{&quot;1&quot;:2,&quot;2&quot;:&quot;Als Berufsschule zur sonderp\u00e4dagogischen F\u00f6rderung und individuellen Lernf\u00f6rderung ist es unsere Aufgabe, die Sch\u00fclerinnen und Sch\u00fcler auf ihrem individuellen Weg in das Berufsleben zu begleiten, zu fordern und zu f\u00f6rdern, sowie als junge Erwachsene auch zu einem beruflichen Abschluss zu bringen. Wir freuen uns auf Dich!&quot;}\" data-sheets-userformat=\"{&quot;2&quot;:4993,&quot;3&quot;:{&quot;1&quot;:0},&quot;10&quot;:2,&quot;11&quot;:4,&quot;12&quot;:0,&quot;15&quot;:&quot;arial,sans,sans-serif&quot;}\">Als Berufsschule zur sonderp\u00e4dagogischen F\u00f6rderung und individuellen Lernf\u00f6rderung ist es unsere Aufgabe, die Sch\u00fclerinnen und Sch\u00fcler auf ihrem individuellen Weg in das Berufsleben zu begleiten, zu fordern und zu f\u00f6rdern, sowie als junge Erwachsene auch zu einem beruflichen Abschluss zu bringen. Wir freuen uns auf Dich!<\/span>[\/vc_column_text][vc_column_text]Die UN-Behindertenrechtskonvention hat die Teilhabe behinderter Menschen am \u00f6ffentlichen Leben wesentlich gest\u00e4rkt. Im Bayerischen Erziehungs- und Unterrichtsgesetz wurden deshalb zentrale Aussagen zu den Rechten behinderter Menschen neu gefasst. Eltern und Erziehungsberechtigte haben demnach st\u00e4rkere Rechte bei der Wahl des Schulortes. Sie k\u00f6nnen entscheidend mitbestimmen, ob ihr Kind eine Regel-, eine F\u00f6rderschule oder eine Schule mit dem Schulprofil Inklusion besucht. Wir beraten hierzu gerne und ausf\u00fchrlich![\/vc_column_text][\/vc_column_inner][\/vc_row_inner][\/vc_column][\/vc_row][vc_row][vc_column][vc_column_text]<\/p>\n<h1 style=\"text-align: center;\">Unsere Schule<\/h1>\n<p>[\/vc_column_text]        <div class=\"slider content large-content-box\" data-id=\"75348\">\n          <div class=\"image-box\">\n\n            <div class=\"slides\">\n                                  <div class=\"slide \">\n                      <img loading=\"lazy\" decoding=\"async\" width=\"1600\" height=\"1067\" data-position=\"center\" src=\"https:\/\/stiftung-st-zeno.fp-server.com\/wp-content\/themes\/fp-theme\/dist\/images\/placeholders\/placeholder.png\" data-src=\"https:\/\/stiftung-st-zeno.fp-server.com\/wp-content\/uploads\/sites\/4\/2019\/11\/ueber-uns-bild-01.jpg\" class=\"lazyload object-fit-cover\" alt=\"\" data-sizes=\"auto\" data-srcset=\"https:\/\/stiftung-st-zeno.fp-server.com\/wp-content\/uploads\/sites\/4\/2019\/11\/ueber-uns-bild-01.jpg 1600w, https:\/\/stiftung-st-zeno.fp-server.com\/wp-content\/uploads\/sites\/4\/2019\/11\/ueber-uns-bild-01-768x512.jpg 768w, https:\/\/stiftung-st-zeno.fp-server.com\/wp-content\/uploads\/sites\/4\/2019\/11\/ueber-uns-bild-01-1280x854.jpg 1280w, https:\/\/stiftung-st-zeno.fp-server.com\/wp-content\/uploads\/sites\/4\/2019\/11\/ueber-uns-bild-01-1024x683.jpg 1024w, https:\/\/stiftung-st-zeno.fp-server.com\/wp-content\/uploads\/sites\/4\/2019\/11\/ueber-uns-bild-01-640x427.jpg 640w, https:\/\/stiftung-st-zeno.fp-server.com\/wp-content\/uploads\/sites\/4\/2019\/11\/ueber-uns-bild-01-480x320.jpg 480w, https:\/\/stiftung-st-zeno.fp-server.com\/wp-content\/uploads\/sites\/4\/2019\/11\/ueber-uns-bild-01-320x213.jpg 320w\" \/>                    <\/div>\n                                      <div class=\"slide \">\n                      <img loading=\"lazy\" decoding=\"async\" width=\"1600\" height=\"1067\" data-position=\"center\" src=\"https:\/\/stiftung-st-zeno.fp-server.com\/wp-content\/themes\/fp-theme\/dist\/images\/placeholders\/placeholder.png\" data-src=\"https:\/\/stiftung-st-zeno.fp-server.com\/wp-content\/uploads\/sites\/4\/2020\/01\/ueber-uns-bild-05.jpg\" class=\"lazyload object-fit-cover\" alt=\"\" data-sizes=\"auto\" data-srcset=\"https:\/\/stiftung-st-zeno.fp-server.com\/wp-content\/uploads\/sites\/4\/2020\/01\/ueber-uns-bild-05.jpg 1600w, https:\/\/stiftung-st-zeno.fp-server.com\/wp-content\/uploads\/sites\/4\/2020\/01\/ueber-uns-bild-05-768x512.jpg 768w, https:\/\/stiftung-st-zeno.fp-server.com\/wp-content\/uploads\/sites\/4\/2020\/01\/ueber-uns-bild-05-1280x854.jpg 1280w, https:\/\/stiftung-st-zeno.fp-server.com\/wp-content\/uploads\/sites\/4\/2020\/01\/ueber-uns-bild-05-1024x683.jpg 1024w, https:\/\/stiftung-st-zeno.fp-server.com\/wp-content\/uploads\/sites\/4\/2020\/01\/ueber-uns-bild-05-640x427.jpg 640w, https:\/\/stiftung-st-zeno.fp-server.com\/wp-content\/uploads\/sites\/4\/2020\/01\/ueber-uns-bild-05-480x320.jpg 480w, https:\/\/stiftung-st-zeno.fp-server.com\/wp-content\/uploads\/sites\/4\/2020\/01\/ueber-uns-bild-05-320x213.jpg 320w\" \/>                    <\/div>\n                                      <div class=\"slide \">\n                      <img loading=\"lazy\" decoding=\"async\" width=\"1600\" height=\"1067\" data-position=\"center\" src=\"https:\/\/stiftung-st-zeno.fp-server.com\/wp-content\/themes\/fp-theme\/dist\/images\/placeholders\/placeholder.png\" data-src=\"https:\/\/stiftung-st-zeno.fp-server.com\/wp-content\/uploads\/sites\/4\/2020\/01\/ueber-uns-bild-03.jpg\" class=\"lazyload object-fit-cover\" alt=\"\" data-sizes=\"auto\" data-srcset=\"https:\/\/stiftung-st-zeno.fp-server.com\/wp-content\/uploads\/sites\/4\/2020\/01\/ueber-uns-bild-03.jpg 1600w, https:\/\/stiftung-st-zeno.fp-server.com\/wp-content\/uploads\/sites\/4\/2020\/01\/ueber-uns-bild-03-768x512.jpg 768w, https:\/\/stiftung-st-zeno.fp-server.com\/wp-content\/uploads\/sites\/4\/2020\/01\/ueber-uns-bild-03-1280x854.jpg 1280w, https:\/\/stiftung-st-zeno.fp-server.com\/wp-content\/uploads\/sites\/4\/2020\/01\/ueber-uns-bild-03-1024x683.jpg 1024w, https:\/\/stiftung-st-zeno.fp-server.com\/wp-content\/uploads\/sites\/4\/2020\/01\/ueber-uns-bild-03-640x427.jpg 640w, https:\/\/stiftung-st-zeno.fp-server.com\/wp-content\/uploads\/sites\/4\/2020\/01\/ueber-uns-bild-03-480x320.jpg 480w, https:\/\/stiftung-st-zeno.fp-server.com\/wp-content\/uploads\/sites\/4\/2020\/01\/ueber-uns-bild-03-320x213.jpg 320w\" \/>                    <\/div>\n                                      <div class=\"slide \">\n                      <img loading=\"lazy\" decoding=\"async\" width=\"1024\" height=\"682\" data-position=\"center\" src=\"https:\/\/stiftung-st-zeno.fp-server.com\/wp-content\/themes\/fp-theme\/dist\/images\/placeholders\/placeholder.png\" data-src=\"https:\/\/stiftung-st-zeno.fp-server.com\/wp-content\/uploads\/sites\/4\/2020\/02\/lehrer1.jpg\" class=\"lazyload object-fit-cover\" alt=\"\" data-sizes=\"auto\" data-srcset=\"https:\/\/stiftung-st-zeno.fp-server.com\/wp-content\/uploads\/sites\/4\/2020\/02\/lehrer1.jpg 1024w, https:\/\/stiftung-st-zeno.fp-server.com\/wp-content\/uploads\/sites\/4\/2020\/02\/lehrer1-768x512.jpg 768w, https:\/\/stiftung-st-zeno.fp-server.com\/wp-content\/uploads\/sites\/4\/2020\/02\/lehrer1-640x426.jpg 640w, https:\/\/stiftung-st-zeno.fp-server.com\/wp-content\/uploads\/sites\/4\/2020\/02\/lehrer1-480x320.jpg 480w, https:\/\/stiftung-st-zeno.fp-server.com\/wp-content\/uploads\/sites\/4\/2020\/02\/lehrer1-320x213.jpg 320w\" \/>                    <\/div>\n                              <\/div>\n                      <\/div>\n          <div class=\"content-box\">\n            <div class=\"slides\">\n                                  <div class=\"slide\">\n                                                  <h3>\u00dcber uns <\/h3>\n                            <hr \/>\n                                                      <p>An der Berufsschule St. Zeno Kirchseeon haben wir das Ziel, die uns anvertrauten jungen Menschen bestm\u00f6glich zu f\u00f6rdern. Es geh\u00f6rt zu der Qualit\u00e4t unserer Schule, dass wir alle an der Entwicklung unserer Sch\u00fcler beteiligten Personen und Institutionen mit einbeziehen. <br \/>\r\n<br \/>\r\nDeshalb stehen wir in enger Zusammenarbeit mit Eltern, Erziehungsberechtigten, Agentur f\u00fcr Arbeit, Jugend\u00e4mter, Kammern, Innungen und Pr\u00fcfungsaussch\u00fcssen.<br \/>\r\n <br \/>\r\nWir arbeiten mit Mittelschulen und F\u00f6rderzentren zusammen, um den \u00dcbergang in das Berufsleben gut zu gestalten. Sch\u00fcler mit besonderen Lernschwierigkeiten an unserer Partnerberufsschule Erding unterst\u00fctzen wir im Rahmen des \u201eSchulprofil Inklusion\u201c mit dem Mobilen Sonderp\u00e4dagogischen Dienst (MSD).<br \/>\r\n<\/p>\n                                              <\/div>\n                                      <div class=\"slide\">\n                                                  <h3>Ziele unseres p\u00e4dagogischen Handels sind: <\/h3>\n                            <hr \/>\n                                                      <p>Die Steigerung der Lernmotivation.<br \/>\r\n<br \/>\r\nNur in einem positiven Umfeld kann Lernen gelingen. Durch einen vertrauensvollen Umgang miteinander versuchen wir die St\u00e4rken der Jugendlichen zu betonen.<br \/>\r\nH\u00e4ufiges \u00dcben und Wiederholen sowie anschaulicher handlungsorientierter  Unterricht erm\u00f6glichen vermehrt Erfolgserlebnisse und steigern damit die individuelle Lernmotivation.<br \/>\r\n<br \/>\r\nDas Vermitteln von Schl\u00fcsselqualifikationen.<br \/>\r\n<br \/>\r\nNur wer sich selbst realistisch einsch\u00e4tzt, kann sich auch in die Situation seiner Mitmenschen hineinversetzen (Empathie), lernt die Kritik von den Mitmenschen konstruktiv zu nutzen und kann die Mitmenschen in ihrem Anderssein respektieren.<br \/>\r\n<br \/>\r\n <\/p>\n                                                        <a class=\"button\" href=\"https:\/\/bs-st-zeno.de\/overlay\/ziele-unseres-paedagogischen-handelns-sind\/\" data-group=\"54010\">Mehr Erfahren<\/a>\n                                                <\/div>\n                                      <div class=\"slide\">\n                                                  <h3>Leitbild der Stiftung St. Zeno<\/h3>\n                            <hr \/>\n                                                      <p>Die Stiftung St. Zeno ist ein Verband der freien Wohlfahrtspflege  und Fachverband im Caritasverband. <br \/>\r\n<br \/>\r\nWir sind ein kirchlicher Tr\u00e4ger und damit mit unseren MitarbeiterInnen dem christlichen  Menschenbild - mit Unteilbarkeit der Person - verpflichtet. <br \/>\r\n<br \/>\r\nEin respektvoller und wertsch\u00e4tzender Umgang ist die Grundlage f\u00fcr unsere Lebens-, Arbeits- und Dienstgemeinschaften in der Stiftung St. Zeno, Kirchseeon. <br \/>\r\n<br \/>\r\nUnser zentraler Auftrag ist die Bef\u00e4higung der uns anvertrauten Menschen zur \u00dcbernahme von Verantwortung f\u00fcr das eigene Leben und die Gemeinschaft. <br \/>\r\n<br \/>\r\nDie eigene Wirtschaftlichkeit ist ein wesentliches Kriterium f\u00fcr die \u00dcberlebensf\u00e4higkeit jeder Einrichtung, stellt aber keinen Selbstzweck dar. <br \/>\r\n<br \/>\r\nDie Wahrnehmung unserer Aufgaben erfolgt unter bewusstem Einsatz aller Ressourcen. <\/p>\n                                              <\/div>\n                                      <div class=\"slide\">\n                                                  <h3>Qualit\u00e4tsmanagement <\/h3>\n                            <hr \/>\n                                                      <p>Die systematische Unterrichtsentwicklung, die B\u00fcndelung von Ressourcen und das Implementieren von effektiven Strukturen und Prozessen sind wichtige Ma\u00dfnahmen, mit denen wir kontinuierlich unsere Lehr- und Lernprozesse verbessern und unsere schulischen Gestaltungsspielr\u00e4ume erweitern.<br \/>\r\nDar\u00fcber hinaus sind wir Teil des Qualit\u00e4tsmanagementsystems des Berufsbildungswerkes mit gemeinsam formulierten und zertifizierten Verfahrensanleitungen. <\/p>\n                                              <\/div>\n                              <\/div>\n                  <div class=\"slider-arrows\"><!--\n                      --><a class=\"arrow prev\">\n                <svg xmlns=\"http:\/\/www.w3.org\/2000\/svg\" width=\"8.717\" height=\"15.297\" viewBox=\"0 0 8.717 15.297\">\n                  <path d=\"M962.03,228.521l7.646,7.344-7.646,7.229\" transform=\"translate(970.401 243.457) rotate(180)\" stroke-width=\"1\" \/>\n                <\/svg>\n              <\/a><!--\n                          --><a class=\"arrow next\">\n                <svg xmlns=\"http:\/\/www.w3.org\/2000\/svg\" width=\"8.717\" height=\"15.297\" viewBox=\"0 0 8.717 15.297\">\n                  <path d=\"M962.03,228.521l7.646,7.344-7.646,7.229\" transform=\"translate(-961.684 -228.16)\" stroke-width=\"1\" \/>\n                <\/svg>\n              <\/a><!--\n                  --><\/div>\n              <\/div>\n        <\/div>\n      [\/vc_column][\/vc_row][vc_row][vc_column][vc_column_text]<\/p>\n<h1>Das Inklusionsteam an unserer Schule<\/h1>\n<p>[\/vc_column_text][\/vc_column][\/vc_row][vc_row][vc_column width=&#8220;1\/2&#8243;][vc_single_image image=&#8220;752&#8243;][vc_column_text]Daniela M\u00e4rz (OStRin, Dipl. Handelslehrerin)<br \/>\nE-Mail: Daniela.maerz@bs-ed.de<br \/>\nTelefon: 08122\/95435-0[\/vc_column_text][\/vc_column][vc_column width=&#8220;1\/2&#8243;][vc_single_image image=&#8220;753&#8243;][vc_column_text]Stefan Schmidhuber (StR FS, Mobiler Sonderp\u00e4dagogischer Dienst)<br \/>\nE-Mail: Stefan.schmidhuber@bs-st-zeno.de<br \/>\nTelefon: 08091 \/ 5615-0[\/vc_column_text][\/vc_column][\/vc_row][vc_row][vc_column][vc_column_text]Zu Beginn des Schuljahres 2018\/2019 erhielten die Staatliche Berufsschule Erding und die Berufsschule St. Zeno Kirchseeon (Berufsschule zur Sonderp\u00e4dagogischen F\u00f6rderung, F\u00f6rderschwerpunkt Lernen) das Pr\u00e4dikat <strong>&#8222;Schule mit Profil Inklusion&#8220;<\/strong>. Mit diesem Pr\u00e4dikat wurde die jahrelange konzeptionelle Zusammenarbeit zur individuellen Betreuung von Sch\u00fclerinnen und Sch\u00fclern mit (Sonderp\u00e4dagogischem) F\u00f6rderbedarf anerkannt.<\/p>\n<h3>Unser Motto: \u201eKeiner darf verloren gehen!\u201c<\/h3>\n<p><strong>Unsere T\u00e4tigkeiten:<\/strong><\/p>\n<p>\u203a F\u00f6rderbedarf erkennen (Diagnose)<\/p>\n<p>\u203a F\u00f6rderkonzept entwickeln (Beratung)<\/p>\n<p>\u203a F\u00f6rderkonzept umsetzen (Durchf\u00fchrung)<\/p>\n<p><strong>Unsere Ziele:<\/strong><\/p>\n<p>\u203a Entwicklung passgenauer Lernangebote<\/p>\n<p>\u203a Schulortwechsel vermeiden<\/p>\n<p>\u203a Ausbildungsabbr\u00fcche vermeiden<\/p>\n<p>\u203a Unterst\u00fctzung auf dem Weg zum Ausbildungsabschluss[\/vc_column_text][vc_btn title=&#8220;Jetzt URKUNDE ansehen&#8220; style=&#8220;style-button&#8220; link=&#8220;url:https%3A%2F%2Fstiftung-st-zeno.fp-server.com%2Fwp-content%2Fuploads%2Fsites%2F4%2F2020%2F02%2Fbild-urkunde-inklusion.jpg||target:%20_blank|&#8220;][\/vc_column][\/vc_row][vc_row][vc_column][vc_column_text]<\/p>\n<h1>G\u00fctesiegel &#8222;Autismusgerechtes Berufsbildungswerk&#8220;<\/h1>\n<p>[\/vc_column_text][\/vc_column][\/vc_row][vc_row][vc_column][vc_column_text]Mit der Zertifizierung &#8222;Autismusgerechtes Berufsbildungswerk&#8220; m\u00f6chten wir die Qualifikation und die Integration von jungen Menschen mit Autismus unter Ber\u00fccksichtigung ihrer besonderen Bed\u00fcrfnisse verbessern.[\/vc_column_text][\/vc_column][\/vc_row][vc_row][vc_column][vc_btn title=&#8220;G\u00dcTESIEGEL&#8220; style=&#8220;style-button&#8220; link=&#8220;url:https%3A%2F%2Fstzeno.de%2Fwp-content%2Fuploads%2Fsites%2F4%2F2021%2F12%2Fguetesiegel-autismus-n.pdf||target:%20_blank|&#8220;][\/vc_column][\/vc_row][vc_row][vc_column][vc_column_text]<\/p>\n<h1>Erfolge<\/h1>\n<h3>Die theoretische Abschlusspr\u00fcfung im Fr\u00fchjahr und Sommer 2021 fiel sehr erfolgreich aus. 91,18 % der Sch\u00fcler und Sch\u00fclerinnen haben bestanden.<\/h3>\n<p>[\/vc_column_text][\/vc_column][\/vc_row]<\/p>\n<\/div>","protected":false},"excerpt":{"rendered":"<p>[vc_row][vc_column][vc_column_text] Willkommen Berufsschule St. Zeno Kirchseeon am Berufsbildungswerk der Stiftung St. Zeno Kirchseeon [\/vc_column_text][vc_row_inner][vc_column_inner][vc_column_text]Als Berufsschule zur sonderp\u00e4dagogischen F\u00f6rderung und individuellen Lernf\u00f6rderung ist es unsere Aufgabe, die Sch\u00fclerinnen und Sch\u00fcler auf ihrem individuellen Weg in das Berufsleben zu begleiten, zu fordern und zu f\u00f6rdern, sowie als junge Erwachsene auch zu einem beruflichen Abschluss zu bringen. Wir [&hellip;]<\/p>\n","protected":false},"author":1,"featured_media":0,"parent":0,"menu_order":0,"comment_status":"closed","ping_status":"closed","template":"","meta":{"_acf_changed":false,"footnotes":""},"acf":[],"_links":{"self":[{"href":"https:\/\/stiftung-st-zeno.fp-server.com\/site-bs-st-zeno\/wp-json\/wp\/v2\/pages\/175"}],"collection":[{"href":"https:\/\/stiftung-st-zeno.fp-server.com\/site-bs-st-zeno\/wp-json\/wp\/v2\/pages"}],"about":[{"href":"https:\/\/stiftung-st-zeno.fp-server.com\/site-bs-st-zeno\/wp-json\/wp\/v2\/types\/page"}],"author":[{"embeddable":true,"href":"https:\/\/stiftung-st-zeno.fp-server.com\/site-bs-st-zeno\/wp-json\/wp\/v2\/users\/1"}],"replies":[{"embeddable":true,"href":"https:\/\/stiftung-st-zeno.fp-server.com\/site-bs-st-zeno\/wp-json\/wp\/v2\/comments?post=175"}],"version-history":[{"count":54,"href":"https:\/\/stiftung-st-zeno.fp-server.com\/site-bs-st-zeno\/wp-json\/wp\/v2\/pages\/175\/revisions"}],"predecessor-version":[{"id":826,"href":"https:\/\/stiftung-st-zeno.fp-server.com\/site-bs-st-zeno\/wp-json\/wp\/v2\/pages\/175\/revisions\/826"}],"wp:attachment":[{"href":"https:\/\/stiftung-st-zeno.fp-server.com\/site-bs-st-zeno\/wp-json\/wp\/v2\/media?parent=175"}],"curies":[{"name":"wp","href":"https:\/\/api.w.org\/{rel}","templated":true}]}}