{"id":188,"date":"2019-08-15T22:19:30","date_gmt":"2019-08-15T20:19:30","guid":{"rendered":"https:\/\/bs-st-zeno.de\/?page_id=188"},"modified":"2020-04-16T15:51:04","modified_gmt":"2020-04-16T13:51:04","slug":"aktuelles","status":"publish","type":"page","link":"https:\/\/stiftung-st-zeno.fp-server.com\/site-bs-st-zeno\/aktuelles\/","title":{"rendered":"Aktuelles"},"content":{"rendered":"<div class=\"wpb-content-wrapper\"><p>[vc_row][vc_column][vc_column_text]<\/p>\n<h1>Aktuelles<\/h1>\n<p>[\/vc_column_text]        <div class=\"news\">\n          <div class=\"teasers\">\n                  <a class=\"teaser light\" href=\"https:\/\/stiftung-st-zeno.fp-server.com\/site-bs-st-zeno\/aktuelles\/praemierung-fuer-gesellstueck-von-christine-wallner\/\">\n                <h3>Pr\u00e4mierung f\u00fcr Gesellenst\u00fcck von Christine Wallner<\/h3>\n                      <hr \/>\n                          <div class=\"button\">Weiterlesen<\/div>\n                  <\/a>\n          <a class=\"teaser light\" href=\"https:\/\/stiftung-st-zeno.fp-server.com\/site-bs-st-zeno\/aktuelles\/projekt-jugendarbeit\/\">\n                <h3>Projekt Jugendarbeit<\/h3>\n                      <hr \/>\n                          <p>Das Projekt der Jugendarbeit im BBW Kirchseeon unter der Leitung von Gerhard Endres hat wieder eine neue Ausgabe des Magazins Zeno rausgebracht! <\/p>\n                          <div class=\"button\">Weiterlesen<\/div>\n                  <\/a>\n          <a class=\"teaser light\" href=\"https:\/\/stiftung-st-zeno.fp-server.com\/site-bs-st-zeno\/aktuelles\/gratulation-an-unsere-absolventen-9118-haben-die-theoretische-abschlusspruefung-bestanden\/\">\n                <h3>Gratulation an unsere Absolventinnen und Absolventen! 96,30 % haben die Theoretische Abschlusspr\u00fcfung bestanden.<\/h3>\n                      <hr \/>\n                          <div class=\"button\">Weiterlesen<\/div>\n                  <\/a>\n          <a class=\"teaser light\" href=\"https:\/\/stiftung-st-zeno.fp-server.com\/site-bs-st-zeno\/aktuelles\/umgang-mit-erkaeltungssymptomen\/\">\n                <h3>Umgang mit Erk\u00e4ltungssymptomen<\/h3>\n                      <hr \/>\n                          <div class=\"button\">Weiterlesen<\/div>\n                  <\/a>\n          <a class=\"teaser light\" href=\"https:\/\/stiftung-st-zeno.fp-server.com\/site-bs-st-zeno\/aktuelles\/radiobeitrag-vom-21-01-2021-um-16-uhr\/\">\n                <h3>Radiobeitrag: Duale Berufsausbildung &#8211; Chancen und aktuelle Herausforderung<\/h3>\n                      <hr \/>\n                          <div class=\"button\">Weiterlesen<\/div>\n                  <\/a>\n          <a class=\"teaser light\" href=\"https:\/\/stiftung-st-zeno.fp-server.com\/site-bs-st-zeno\/aktuelles\/unsere-schuelerschaft-im-bvj-und-ihre-facebook-adventskalenderaktion\/\">\n                <h3>Unsere Sch\u00fclerschaft im BVJ und ihre Facebook-Adventskalender-aktion<\/h3>\n                      <hr \/>\n                          <div class=\"button\">Weiterlesen<\/div>\n                  <\/a>\n          <div class=\"teaser dark\">\n                <h3>Unsere Sch\u00fclersprecher<\/h3>\n                      <hr \/>\n                          <p>In der Klassensprecherversammlung wurden Jessica (Azubi zur Raumausstatterin, 3. LJ) und Niclas (Azubi zum Schreiner, 2. LJ) in ihr Amt als Sch\u00fclersprecherin und Sch\u00fclersprecher gew\u00e4hlt.<\/p>\n                  <\/div>\n          <a class=\"teaser light\" href=\"https:\/\/stiftung-st-zeno.fp-server.com\/site-bs-st-zeno\/aktuelles\/unsere-vertrauenslehrer\/\">\n                <h3>Unsere Vertrauenslehrer<\/h3>\n                      <hr \/>\n                          <p>Seit dem Schuljahr 2014\/15 gibt es einen Mann und eine Frau als Vertrauenslehrer<\/p>\n                          <div class=\"button\">Weiterlesen<\/div>\n                  <\/a>\n          <a class=\"teaser dark\" href=\"https:\/\/stiftung-st-zeno.fp-server.com\/site-bs-st-zeno\/aktuelles\/musikpaedagogik\/\">\n                <h3>Musikp\u00e4dagogik<\/h3>\n                      <hr \/>\n                          <p>Musikp\u00e4dagogik im BVJ 2018\/19! \r\n                  <\/p>\n                          <div class=\"button\">Weiterlesen<\/div>\n                  <\/a>\n          <a class=\"teaser light\" href=\"https:\/\/stiftung-st-zeno.fp-server.com\/site-bs-st-zeno\/aktuelles\/die-oase\/\">\n                <h3>Die OASE<\/h3>\n                      <hr \/>\n                          <p>OASE ist ein Angebot der Seelsorge & Schulpastoral im BBW.<\/p>\n                          <div class=\"button\">Weiterlesen<\/div>\n                  <\/a>\n          <a class=\"teaser dark\" href=\"https:\/\/stiftung-st-zeno.fp-server.com\/site-bs-st-zeno\/aktuelles\/290\/\">\n                <h3>Die neuen Lehrer<\/h3>\n                      <hr \/>\n                          <p>Die neuen Lehrer stellen sich vor. <\/p>\n                          <div class=\"button\">Weiterlesen<\/div>\n                  <\/a>\n          <a class=\"teaser light\" href=\"https:\/\/stiftung-st-zeno.fp-server.com\/site-bs-st-zeno\/aktuelles\/das-projekt-sheldon\/\">\n                <h3>Das Projekt SHELDON<\/h3>\n                      <hr \/>\n                          <p>Es geht um Ermutigung und Unterst\u00fctzung von Jugendlichen, die von vorzeitigen Schulabbr\u00fcchen bedroht sind und emotionale, Verhaltens- und Lernschwierigkeiten aufweisen.<\/p>\n                          <div class=\"button\">Weiterlesen<\/div>\n                  <\/a>\n              <\/div>\n        <\/div>\n      [\/vc_column][\/vc_row]<\/p>\n<\/div>","protected":false},"excerpt":{"rendered":"<p>[vc_row][vc_column][vc_column_text] Aktuelles [\/vc_column_text][\/vc_column][\/vc_row]<\/p>\n","protected":false},"author":1,"featured_media":0,"parent":0,"menu_order":0,"comment_status":"closed","ping_status":"closed","template":"","meta":{"_acf_changed":false,"footnotes":""},"acf":[],"_links":{"self":[{"href":"https:\/\/stiftung-st-zeno.fp-server.com\/site-bs-st-zeno\/wp-json\/wp\/v2\/pages\/188"}],"collection":[{"href":"https:\/\/stiftung-st-zeno.fp-server.com\/site-bs-st-zeno\/wp-json\/wp\/v2\/pages"}],"about":[{"href":"https:\/\/stiftung-st-zeno.fp-server.com\/site-bs-st-zeno\/wp-json\/wp\/v2\/types\/page"}],"author":[{"embeddable":true,"href":"https:\/\/stiftung-st-zeno.fp-server.com\/site-bs-st-zeno\/wp-json\/wp\/v2\/users\/1"}],"replies":[{"embeddable":true,"href":"https:\/\/stiftung-st-zeno.fp-server.com\/site-bs-st-zeno\/wp-json\/wp\/v2\/comments?post=188"}],"version-history":[{"count":3,"href":"https:\/\/stiftung-st-zeno.fp-server.com\/site-bs-st-zeno\/wp-json\/wp\/v2\/pages\/188\/revisions"}],"predecessor-version":[{"id":614,"href":"https:\/\/stiftung-st-zeno.fp-server.com\/site-bs-st-zeno\/wp-json\/wp\/v2\/pages\/188\/revisions\/614"}],"wp:attachment":[{"href":"https:\/\/stiftung-st-zeno.fp-server.com\/site-bs-st-zeno\/wp-json\/wp\/v2\/media?parent=188"}],"curies":[{"name":"wp","href":"https:\/\/api.w.org\/{rel}","templated":true}]}}