{"id":236,"date":"2019-08-18T04:33:10","date_gmt":"2019-08-18T02:33:10","guid":{"rendered":"https:\/\/camino.stiftung-st-zeno.de\/?page_id=236"},"modified":"2022-09-09T07:42:04","modified_gmt":"2022-09-09T05:42:04","slug":"hort","status":"publish","type":"page","link":"https:\/\/stiftung-st-zeno.fp-server.com\/site-camino\/hort\/","title":{"rendered":"Hort"},"content":{"rendered":"<div class=\"wpb-content-wrapper\"><p>[vc_row][vc_column][vc_column_text]<\/p>\n<h1>Unser Hort<\/h1>\n<p>[\/vc_column_text][\/vc_column][\/vc_row][vc_row][vc_column]        <div class=\"slider content\" data-id=\"56573\">\n          <div class=\"image-box\">\n\n            <div class=\"slides\">\n                                  <div class=\"slide \">\n                      <img loading=\"lazy\" decoding=\"async\" width=\"1440\" height=\"1920\" data-position=\"center\" src=\"https:\/\/stiftung-st-zeno.fp-server.com\/wp-content\/themes\/fp-theme\/dist\/images\/placeholders\/placeholder.png\" data-src=\"https:\/\/stiftung-st-zeno.fp-server.com\/wp-content\/uploads\/sites\/5\/2021\/01\/hort-gruppenraum-1440x1920.jpg\" class=\"lazyload object-fit-cover\" alt=\"\" data-sizes=\"auto\" data-srcset=\"https:\/\/stiftung-st-zeno.fp-server.com\/wp-content\/uploads\/sites\/5\/2021\/01\/hort-gruppenraum-1440x1920.jpg 1440w, https:\/\/stiftung-st-zeno.fp-server.com\/wp-content\/uploads\/sites\/5\/2021\/01\/hort-gruppenraum-576x768.jpg 576w, https:\/\/stiftung-st-zeno.fp-server.com\/wp-content\/uploads\/sites\/5\/2021\/01\/hort-gruppenraum-1200x1600.jpg 1200w, https:\/\/stiftung-st-zeno.fp-server.com\/wp-content\/uploads\/sites\/5\/2021\/01\/hort-gruppenraum-768x1024.jpg 768w, https:\/\/stiftung-st-zeno.fp-server.com\/wp-content\/uploads\/sites\/5\/2021\/01\/hort-gruppenraum-1152x1536.jpg 1152w, https:\/\/stiftung-st-zeno.fp-server.com\/wp-content\/uploads\/sites\/5\/2021\/01\/hort-gruppenraum-1536x2048.jpg 1536w, https:\/\/stiftung-st-zeno.fp-server.com\/wp-content\/uploads\/sites\/5\/2021\/01\/hort-gruppenraum-960x1280.jpg 960w, https:\/\/stiftung-st-zeno.fp-server.com\/wp-content\/uploads\/sites\/5\/2021\/01\/hort-gruppenraum-480x640.jpg 480w, https:\/\/stiftung-st-zeno.fp-server.com\/wp-content\/uploads\/sites\/5\/2021\/01\/hort-gruppenraum-360x480.jpg 360w, https:\/\/stiftung-st-zeno.fp-server.com\/wp-content\/uploads\/sites\/5\/2021\/01\/hort-gruppenraum-240x320.jpg 240w, https:\/\/stiftung-st-zeno.fp-server.com\/wp-content\/uploads\/sites\/5\/2021\/01\/hort-gruppenraum-scaled.jpg 1920w\" \/>                    <\/div>\n                                      <div class=\"slide \">\n                      <img loading=\"lazy\" decoding=\"async\" width=\"1920\" height=\"1440\" data-position=\"center\" src=\"https:\/\/stiftung-st-zeno.fp-server.com\/wp-content\/themes\/fp-theme\/dist\/images\/placeholders\/placeholder.png\" data-src=\"https:\/\/stiftung-st-zeno.fp-server.com\/wp-content\/uploads\/sites\/5\/2021\/01\/hort-freispielzeit-1920x1440.jpg\" class=\"lazyload object-fit-cover\" alt=\"\" data-sizes=\"auto\" data-srcset=\"https:\/\/stiftung-st-zeno.fp-server.com\/wp-content\/uploads\/sites\/5\/2021\/01\/hort-freispielzeit-1920x1440.jpg 1920w, https:\/\/stiftung-st-zeno.fp-server.com\/wp-content\/uploads\/sites\/5\/2021\/01\/hort-freispielzeit-768x576.jpg 768w, https:\/\/stiftung-st-zeno.fp-server.com\/wp-content\/uploads\/sites\/5\/2021\/01\/hort-freispielzeit-1600x1200.jpg 1600w, https:\/\/stiftung-st-zeno.fp-server.com\/wp-content\/uploads\/sites\/5\/2021\/01\/hort-freispielzeit-1536x1152.jpg 1536w, https:\/\/stiftung-st-zeno.fp-server.com\/wp-content\/uploads\/sites\/5\/2021\/01\/hort-freispielzeit-2048x1536.jpg 2048w, https:\/\/stiftung-st-zeno.fp-server.com\/wp-content\/uploads\/sites\/5\/2021\/01\/hort-freispielzeit-1280x960.jpg 1280w, https:\/\/stiftung-st-zeno.fp-server.com\/wp-content\/uploads\/sites\/5\/2021\/01\/hort-freispielzeit-1024x768.jpg 1024w, https:\/\/stiftung-st-zeno.fp-server.com\/wp-content\/uploads\/sites\/5\/2021\/01\/hort-freispielzeit-640x480.jpg 640w, https:\/\/stiftung-st-zeno.fp-server.com\/wp-content\/uploads\/sites\/5\/2021\/01\/hort-freispielzeit-480x360.jpg 480w, https:\/\/stiftung-st-zeno.fp-server.com\/wp-content\/uploads\/sites\/5\/2021\/01\/hort-freispielzeit-320x240.jpg 320w\" \/>                    <\/div>\n                                      <div class=\"slide \">\n                      <img loading=\"lazy\" decoding=\"async\" width=\"1600\" height=\"1065\" data-position=\"center\" src=\"https:\/\/stiftung-st-zeno.fp-server.com\/wp-content\/themes\/fp-theme\/dist\/images\/placeholders\/placeholder.png\" data-src=\"https:\/\/stiftung-st-zeno.fp-server.com\/wp-content\/uploads\/sites\/5\/2020\/02\/dsc07161.jpg\" class=\"lazyload object-fit-cover\" alt=\"\" data-sizes=\"auto\" data-srcset=\"https:\/\/stiftung-st-zeno.fp-server.com\/wp-content\/uploads\/sites\/5\/2020\/02\/dsc07161.jpg 1600w, https:\/\/stiftung-st-zeno.fp-server.com\/wp-content\/uploads\/sites\/5\/2020\/02\/dsc07161-768x511.jpg 768w, https:\/\/stiftung-st-zeno.fp-server.com\/wp-content\/uploads\/sites\/5\/2020\/02\/dsc07161-1536x1022.jpg 1536w, https:\/\/stiftung-st-zeno.fp-server.com\/wp-content\/uploads\/sites\/5\/2020\/02\/dsc07161-1280x852.jpg 1280w, https:\/\/stiftung-st-zeno.fp-server.com\/wp-content\/uploads\/sites\/5\/2020\/02\/dsc07161-1024x682.jpg 1024w, https:\/\/stiftung-st-zeno.fp-server.com\/wp-content\/uploads\/sites\/5\/2020\/02\/dsc07161-640x426.jpg 640w, https:\/\/stiftung-st-zeno.fp-server.com\/wp-content\/uploads\/sites\/5\/2020\/02\/dsc07161-480x320.jpg 480w, https:\/\/stiftung-st-zeno.fp-server.com\/wp-content\/uploads\/sites\/5\/2020\/02\/dsc07161-320x213.jpg 320w\" \/>                    <\/div>\n                                      <div class=\"slide \">\n                      <img loading=\"lazy\" decoding=\"async\" width=\"1440\" height=\"1920\" data-position=\"center\" src=\"https:\/\/stiftung-st-zeno.fp-server.com\/wp-content\/themes\/fp-theme\/dist\/images\/placeholders\/placeholder.png\" data-src=\"https:\/\/stiftung-st-zeno.fp-server.com\/wp-content\/uploads\/sites\/5\/2021\/01\/hort-1440x1920.jpg\" class=\"lazyload object-fit-cover\" alt=\"\" data-sizes=\"auto\" data-srcset=\"https:\/\/stiftung-st-zeno.fp-server.com\/wp-content\/uploads\/sites\/5\/2021\/01\/hort-1440x1920.jpg 1440w, https:\/\/stiftung-st-zeno.fp-server.com\/wp-content\/uploads\/sites\/5\/2021\/01\/hort-576x768.jpg 576w, https:\/\/stiftung-st-zeno.fp-server.com\/wp-content\/uploads\/sites\/5\/2021\/01\/hort-1200x1600.jpg 1200w, https:\/\/stiftung-st-zeno.fp-server.com\/wp-content\/uploads\/sites\/5\/2021\/01\/hort-768x1024.jpg 768w, https:\/\/stiftung-st-zeno.fp-server.com\/wp-content\/uploads\/sites\/5\/2021\/01\/hort-1152x1536.jpg 1152w, https:\/\/stiftung-st-zeno.fp-server.com\/wp-content\/uploads\/sites\/5\/2021\/01\/hort-1536x2048.jpg 1536w, https:\/\/stiftung-st-zeno.fp-server.com\/wp-content\/uploads\/sites\/5\/2021\/01\/hort-960x1280.jpg 960w, https:\/\/stiftung-st-zeno.fp-server.com\/wp-content\/uploads\/sites\/5\/2021\/01\/hort-480x640.jpg 480w, https:\/\/stiftung-st-zeno.fp-server.com\/wp-content\/uploads\/sites\/5\/2021\/01\/hort-360x480.jpg 360w, https:\/\/stiftung-st-zeno.fp-server.com\/wp-content\/uploads\/sites\/5\/2021\/01\/hort-240x320.jpg 240w, https:\/\/stiftung-st-zeno.fp-server.com\/wp-content\/uploads\/sites\/5\/2021\/01\/hort-scaled.jpg 1920w\" \/>                    <\/div>\n                              <\/div>\n                  <div class=\"slider-arrows\"><!--\n                      --><a class=\"arrow prev\">\n                <svg xmlns=\"http:\/\/www.w3.org\/2000\/svg\" width=\"8.717\" height=\"15.297\" viewBox=\"0 0 8.717 15.297\">\n                  <path d=\"M962.03,228.521l7.646,7.344-7.646,7.229\" transform=\"translate(970.401 243.457) rotate(180)\" stroke-width=\"1\" \/>\n                <\/svg>\n              <\/a><!--\n                          --><a class=\"arrow next\">\n                <svg xmlns=\"http:\/\/www.w3.org\/2000\/svg\" width=\"8.717\" height=\"15.297\" viewBox=\"0 0 8.717 15.297\">\n                  <path d=\"M962.03,228.521l7.646,7.344-7.646,7.229\" transform=\"translate(-961.684 -228.16)\" stroke-width=\"1\" \/>\n                <\/svg>\n              <\/a><!--\n                  --><\/div>\n              <\/div>\n          <div class=\"content-box\">\n            <div class=\"slides\">\n                                  <div class=\"slide\">\n                                                  <h3>Orange Gruppe - Hort<\/h3>\n                            <hr \/>\n                                                      <p>Der Hort ist eine familienunterst\u00fctzende und familienerg\u00e4nzende Einrichtung, indem Kinder von der 1. Bis zur 4. Klasse betreut werden.  Zu den p\u00e4dagogischen Kernaufgaben z\u00e4hlen im Hort des Kinderhauses Camino die professionelle Begleitung der kindlichen Entwicklung zu einer eigenverantwortlichen und gemeinschaftsf\u00e4higen Person. Durch bereitgestellte Lernarrangements k\u00f6nnen sich die Kinder verschiedene Schl\u00fcsselkompetenzen, die sie zur Bew\u00e4ltigung des t\u00e4glichen Alltags ben\u00f6tigen, aneignen. Das Arbeiten nach dem Situationsansatz bietet uns daf\u00fcr die richtige Grundlage. Wir orientieren uns an den Bed\u00fcrfnissen und F\u00e4higkeiten der Kinder und passen uns an diese an. Gleichberechtigung, Solidarit\u00e4t und Partizipation werden in unserer p\u00e4dagogischen Arbeit gro\u00df geschrieben.<br \/>\r\nDas Kinderhaus Camino steht allen Kindern unabh\u00e4ngig von ihrer individuellen physischen Entwicklung, ihrer Konfession und Nationalit\u00e4t offen. <\/p>\n                                              <\/div>\n                                      <div class=\"slide\">\n                                                  <h3>Orange Gruppe - Hort<\/h3>\n                            <hr \/>\n                                                      <p>Der Hort ist eine familienunterst\u00fctzende und familienerg\u00e4nzende Einrichtung, indem Kinder von der 1. Bis zur 4. Klasse betreut werden.  Zu den p\u00e4dagogischen Kernaufgaben z\u00e4hlen im Hort des Kinderhauses Camino die professionelle Begleitung der kindlichen Entwicklung zu einer eigenverantwortlichen und gemeinschaftsf\u00e4higen Person. Durch bereitgestellte Lernarrangements k\u00f6nnen sich die Kinder verschiedene Schl\u00fcsselkompetenzen, die sie zur Bew\u00e4ltigung des t\u00e4glichen Alltags ben\u00f6tigen, aneignen. Das Arbeiten nach dem Situationsansatz bietet uns daf\u00fcr die richtige Grundlage. Wir orientieren uns an den Bed\u00fcrfnissen und F\u00e4higkeiten der Kinder und passen uns an diese an. Gleichberechtigung, Solidarit\u00e4t und Partizipation werden in unserer p\u00e4dagogischen Arbeit gro\u00df geschrieben.<br \/>\r\nDas Kinderhaus Camino steht allen Kindern unabh\u00e4ngig von ihrer individuellen physischen Entwicklung, ihrer Konfession und Nationalit\u00e4t offen. <\/p>\n                                              <\/div>\n                                      <div class=\"slide\">\n                                                  <h3>Orange Gruppe - Hort<\/h3>\n                            <hr \/>\n                                                      <p>Der Hort ist eine familienunterst\u00fctzende und familienerg\u00e4nzende Einrichtung, indem Kinder von der 1. Bis zur 4. Klasse betreut werden.  Zu den p\u00e4dagogischen Kernaufgaben z\u00e4hlen im Hort des Kinderhauses Camino die professionelle Begleitung der kindlichen Entwicklung zu einer eigenverantwortlichen und gemeinschaftsf\u00e4higen Person. Durch bereitgestellte Lernarrangements k\u00f6nnen sich die Kinder verschiedene Schl\u00fcsselkompetenzen, die sie zur Bew\u00e4ltigung des t\u00e4glichen Alltags ben\u00f6tigen, aneignen. Das Arbeiten nach dem Situationsansatz bietet uns daf\u00fcr die richtige Grundlage. Wir orientieren uns an den Bed\u00fcrfnissen und F\u00e4higkeiten der Kinder und passen uns an diese an. Gleichberechtigung, Solidarit\u00e4t und Partizipation werden in unserer p\u00e4dagogischen Arbeit gro\u00df geschrieben.<br \/>\r\nDas Kinderhaus Camino steht allen Kindern unabh\u00e4ngig von ihrer individuellen physischen Entwicklung, ihrer Konfession und Nationalit\u00e4t offen. <\/p>\n                                              <\/div>\n                                      <div class=\"slide\">\n                                                  <h3>Orange Gruppe - Hort<\/h3>\n                            <hr \/>\n                                                      <p>Der Hort ist eine familienunterst\u00fctzende und familienerg\u00e4nzende Einrichtung, indem Kinder von der 1. Bis zur 4. Klasse betreut werden.  Zu den p\u00e4dagogischen Kernaufgaben z\u00e4hlen im Hort des Kinderhauses Camino die professionelle Begleitung der kindlichen Entwicklung zu einer eigenverantwortlichen und gemeinschaftsf\u00e4higen Person. Durch bereitgestellte Lernarrangements k\u00f6nnen sich die Kinder verschiedene Schl\u00fcsselkompetenzen, die sie zur Bew\u00e4ltigung des t\u00e4glichen Alltags ben\u00f6tigen, aneignen. Das Arbeiten nach dem Situationsansatz bietet uns daf\u00fcr die richtige Grundlage. Wir orientieren uns an den Bed\u00fcrfnissen und F\u00e4higkeiten der Kinder und passen uns an diese an. Gleichberechtigung, Solidarit\u00e4t und Partizipation werden in unserer p\u00e4dagogischen Arbeit gro\u00df geschrieben.<br \/>\r\nDas Kinderhaus Camino steht allen Kindern unabh\u00e4ngig von ihrer individuellen physischen Entwicklung, ihrer Konfession und Nationalit\u00e4t offen. <\/p>\n                                              <\/div>\n                              <\/div>\n                      <\/div>\n        <\/div>\n      [\/vc_column][\/vc_row][vc_row][vc_column][vc_column_text]<\/p>\n<h2>Tagesablauf<\/h2>\n<h3><\/h3>\n<p>[\/vc_column_text][vc_row_inner][vc_column_inner][vc_column_text]<\/p>\n<p style=\"text-align: left;\">Die Kinder kommen t\u00e4glich gegen Mittag aus der Schule, dabei kann die Uhrzeit je nach Alter und Klasse variieren. Wenn alle Kinder im Hort angekommen sind beginnt das gemeinsame Mittagessen. Bis zum Eintreffen der letzten Kinder besteht die M\u00f6glichkeit des Freispiels oder der Hausaufgabenerledigung. Nach dem Mittagessen bieten wir eine weitere Hausaufgabenzeit an. Anschlie\u00dfend d\u00fcrfen sich die Kinder individuell entscheiden welcher Aktivit\u00e4t sie nachgehen wollen. Daf\u00fcr stehen ihnen alle Gruppenr\u00e4ume sowie der Turnraum, das Atelier und der Garten zur Verf\u00fcgung.<\/p>\n<p>[\/vc_column_text][\/vc_column_inner][\/vc_row_inner][\/vc_column][\/vc_row][vc_row][vc_column][vc_column_text]<\/p>\n<h2>Hausaufgaben im Hort<\/h2>\n<h3><\/h3>\n<p>[\/vc_column_text][vc_row_inner][vc_column_inner][vc_column_text]Das Kinderhaus Camino verf\u00fcgt \u00fcber einen separaten Hausaufgabenraum, indem die Hausaufgaben erledigt werden k\u00f6nnen. Dieser bietet eine ruhige Atmosph\u00e4re, in der ein konzentriertes Arbeiten erm\u00f6glicht wird. Die Hausaufgabenzeit betr\u00e4gt eine Stunde, da dies der optimale Zeitrahmen zur Erledigung der Aufgaben ist. Wir als p\u00e4dagogisches Personal stehen den Kindern dabei motivierend, beratend und unterst\u00fctzend zur Seite.<br \/>\nFreitags werden aus p\u00e4dagogischen Gr\u00fcnden keine Hausaufgaben im Hort erledigt.[\/vc_column_text][\/vc_column_inner][\/vc_row_inner][\/vc_column][\/vc_row][vc_row][vc_column][vc_column_text]<\/p>\n<h2>Feriengestaltung<\/h2>\n<p>[\/vc_column_text][vc_row_inner][vc_column_inner][vc_column_text]<\/p>\n<p style=\"text-align: left;\">In den Ferien bieten wir ein abwechslungsreiches Ferienprogramm an, welches auf die Bed\u00fcrfnisse der Kinder abgestimmt wird (z.B. Ausflug zum Kletterwald, Minigolf etc.). Im Vorfeld der jeweiligen Ferien erhalten Sie hierf\u00fcr einen Elternbrief indem das jeweilige Programm mit den damit verbundenen Kosten vorgestellt wird.<\/p>\n<p>[\/vc_column_text][\/vc_column_inner][\/vc_row_inner][\/vc_column][\/vc_row][vc_row][vc_column][vc_column_text]<\/p>\n<h2>Elternarbeit<\/h2>\n<p>[\/vc_column_text][vc_row_inner][vc_column_inner][vc_column_text]<\/p>\n<p style=\"text-align: left;\">Es findet pro Kind ein Elternsprechtag im Kinderhausjahr statt, indem \u00fcber wichtige Themen und die Entwicklung des Kindes gesprochen wird. Sollte dringender Gespr\u00e4chsbedarf bestehen, kann jederzeit ein individueller Gespr\u00e4chstermin vereinbart werden. Im Sommer findet j\u00e4hrlich ein Elternabend statt, der zum gegenseitigen Kennenlernen und zur pers\u00f6nlichen Vorstellung des Hortes dient.<\/p>\n<p>[\/vc_column_text][\/vc_column_inner][\/vc_row_inner][\/vc_column][\/vc_row][vc_row][vc_column][vc_column_text]<\/p>\n<h1>Das Hort-Team<\/h1>\n<p>[\/vc_column_text]        <div class=\"slider testimonial\" data-id=\"42219\">\n          <div class=\"image-box\">\n            <div class=\"slides\">\n                                  <div class=\"slide\">\n                                          <\/div>\n                              <\/div>\n          <\/div>\n          <div class=\"content-box\">\n            <div class=\"slides\">\n                                  <div class=\"slide\">\n                                                  <h3>Vivien M.<\/h3>\n                                                      <div class=\"position\">Fachkraft <\/div>\n                                                <hr \/>\n                                                  <q>\"Und am Ende des Tages sollen Deine F\u00fc\u00dfe dreckig, deine Haare zerzaust und deine Augen leuchtend sein.\"<\/q>\n                                              <\/div>\n                              <\/div>\n                      <\/div>\n        <\/div>\n      [\/vc_column][\/vc_row]<\/p>\n<\/div>","protected":false},"excerpt":{"rendered":"<p>[vc_row][vc_column][vc_column_text] Unser Hort [\/vc_column_text][\/vc_column][\/vc_row][vc_row][vc_column][\/vc_column][\/vc_row][vc_row][vc_column][vc_column_text] Tagesablauf [\/vc_column_text][vc_row_inner][vc_column_inner][vc_column_text] Die Kinder kommen t\u00e4glich gegen Mittag aus der Schule, dabei kann die Uhrzeit je nach Alter und Klasse variieren. Wenn alle Kinder im Hort angekommen sind beginnt das gemeinsame Mittagessen. Bis zum Eintreffen der letzten Kinder besteht die M\u00f6glichkeit des Freispiels oder der Hausaufgabenerledigung. Nach dem Mittagessen bieten wir [&hellip;]<\/p>\n","protected":false},"author":1,"featured_media":0,"parent":0,"menu_order":6,"comment_status":"closed","ping_status":"closed","template":"","meta":{"_acf_changed":false,"footnotes":""},"acf":[],"_links":{"self":[{"href":"https:\/\/stiftung-st-zeno.fp-server.com\/site-camino\/wp-json\/wp\/v2\/pages\/236"}],"collection":[{"href":"https:\/\/stiftung-st-zeno.fp-server.com\/site-camino\/wp-json\/wp\/v2\/pages"}],"about":[{"href":"https:\/\/stiftung-st-zeno.fp-server.com\/site-camino\/wp-json\/wp\/v2\/types\/page"}],"author":[{"embeddable":true,"href":"https:\/\/stiftung-st-zeno.fp-server.com\/site-camino\/wp-json\/wp\/v2\/users\/1"}],"replies":[{"embeddable":true,"href":"https:\/\/stiftung-st-zeno.fp-server.com\/site-camino\/wp-json\/wp\/v2\/comments?post=236"}],"version-history":[{"count":21,"href":"https:\/\/stiftung-st-zeno.fp-server.com\/site-camino\/wp-json\/wp\/v2\/pages\/236\/revisions"}],"predecessor-version":[{"id":927,"href":"https:\/\/stiftung-st-zeno.fp-server.com\/site-camino\/wp-json\/wp\/v2\/pages\/236\/revisions\/927"}],"wp:attachment":[{"href":"https:\/\/stiftung-st-zeno.fp-server.com\/site-camino\/wp-json\/wp\/v2\/media?parent=236"}],"curies":[{"name":"wp","href":"https:\/\/api.w.org\/{rel}","templated":true}]}}