{"id":240,"date":"2019-08-18T04:35:53","date_gmt":"2019-08-18T02:35:53","guid":{"rendered":"https:\/\/camino.stiftung-st-zeno.de\/?page_id=240"},"modified":"2020-07-02T16:27:54","modified_gmt":"2020-07-02T14:27:54","slug":"team","status":"publish","type":"page","link":"https:\/\/stiftung-st-zeno.fp-server.com\/site-camino\/team\/","title":{"rendered":"Das Kinderhaus-Team &#8222;F\u00fcreinander statt Miteinander&#8220;"},"content":{"rendered":"<div class=\"wpb-content-wrapper\"><p>[vc_row][vc_column][vc_column_text]<\/p>\n<h1>Das Kinderhaus CAMINO Team<\/h1>\n<h3>In einem Team arbeiten hei\u00dft, nicht allein arbeiten.<\/h3>\n<p>[\/vc_column_text][vc_row_inner][vc_column_inner][vc_column_text]Auf Grund der \u00d6ffnung bzw. Teil\u00f6ffnung aller Gruppen, arbeiten alle MitarbeiterInnen zeitweise in gruppen\u00fcbergreifenden Projekten. Durch vielf\u00e4ltige Zusatzqualifikationen der p\u00e4dagogischen Betreuungskr\u00e4fte in den unterschiedlichsten Bereichen, wie Fachwirt(in) f\u00fcr Erziehungswesen, Religionsp\u00e4dagogik, Kybernetische Methode, Konfliktmanagement und systemische Beratung, Krippenp\u00e4dagogen und Kleinkindbegleiter, k\u00f6nnen wir unsere F\u00f6rderangebote und die Bildung durch den Bayerischen Bildungs- und Erziehungsplan f\u00fcr die Kinder im Kinderhaus CAMINO optimal erweitern und erg\u00e4nzen. Die Verantwortlichkeit f\u00fcr das Kinderhaus CAMINO liegt bei der Gesamtleitung. Sie ist zust\u00e4ndig f\u00fcr Verwaltungsaufgaben, Teamf\u00fchrung und \u2013 entwicklung, Qualit\u00e4tsmanagement und \u2013sicherung, \u00d6ffentlichkeitsarbeit, sowie Zusammenarbeit mit Tr\u00e4ger, Eltern und Elternbeirat, als auch verschiedener Institutionen, Fachdiensten und anderen Kindereinrichtung in und um Bad Aibling.[\/vc_column_text][\/vc_column_inner][\/vc_row_inner][\/vc_column][\/vc_row][vc_row][vc_column width=&#8220;1\/2&#8243;][vc_column_text]<\/p>\n<h1>Team<\/h1>\n<p>Ein Team ist mehr als die Summe seiner Mitglieder, es zeichnet sich aus durch Kommunikation und Kooperation, Offenheit und Vertrauen, Verantwortlichkeit untereinander und kritische R\u00fcckmeldungen. Diese Umgangsformen und Regeln des Miteinanders haben wir als Team in unserer Teamverfassung festgeschrieben, die insbesondere bei Konflikten zur Geltung kommt. Auch in der Teamarbeit spiegelt sich unser Leitbild \u201eVom ICH zum DU zum WIR\u201c wieder. Jede p\u00e4dagogische Betreuungskraft bringt die eigenen St\u00e4rken ein, beachtet die St\u00e4rken der anderen, um schlie\u00dflich ein gemeinsames p\u00e4dagogisches Konzept umzusetzen.[\/vc_column_text][\/vc_column][vc_column width=&#8220;1\/2&#8243;][vc_single_image image=&#8220;590&#8243;][\/vc_column][\/vc_row][vc_row][vc_column]        <div class=\"custom-eyecatcher-wrapper\">\n                <a class=\"custom-eyecatcher\" href=\"https:\/\/camino.stiftung-st-zeno.de\/karriere\/\">\n                      <div class=\"headline\">Werde Teil des Teams!<\/div>\n                          <div class=\"text\">Wir freuen uns auf deine Bewerbung!<\/div>\n                          <div class=\"button\">Jetzt informieren<\/div>\n                  <\/a>\n            <\/div>\n              <div class=\"slider testimonial\" data-id=\"79069\">\n          <div class=\"image-box\">\n            <div class=\"slides\">\n                                  <div class=\"slide\">\n                      <img loading=\"lazy\" decoding=\"async\" width=\"1920\" height=\"1868\" data-position=\"center\" src=\"https:\/\/stiftung-st-zeno.fp-server.com\/wp-content\/themes\/fp-theme\/dist\/images\/placeholders\/placeholder.png\" data-src=\"https:\/\/stiftung-st-zeno.fp-server.com\/wp-content\/uploads\/sites\/5\/2019\/09\/stefanie-pomberger-bild-scaled.jpg\" class=\"lazyload object-fit-cover\" alt=\"\" data-sizes=\"auto\" data-srcset=\"https:\/\/stiftung-st-zeno.fp-server.com\/wp-content\/uploads\/sites\/5\/2019\/09\/stefanie-pomberger-bild-scaled.jpg 2560w, https:\/\/stiftung-st-zeno.fp-server.com\/wp-content\/uploads\/sites\/5\/2019\/09\/stefanie-pomberger-bild-768x747.jpg 768w, https:\/\/stiftung-st-zeno.fp-server.com\/wp-content\/uploads\/sites\/5\/2019\/09\/stefanie-pomberger-bild-1600x1557.jpg 1600w, https:\/\/stiftung-st-zeno.fp-server.com\/wp-content\/uploads\/sites\/5\/2019\/09\/stefanie-pomberger-bild-1536x1495.jpg 1536w, https:\/\/stiftung-st-zeno.fp-server.com\/wp-content\/uploads\/sites\/5\/2019\/09\/stefanie-pomberger-bild-2048x1993.jpg 2048w\" \/>                    <\/div>\n                                      <div class=\"slide\">\n                      <img loading=\"lazy\" decoding=\"async\" width=\"1920\" height=\"1280\" data-position=\"center\" src=\"https:\/\/stiftung-st-zeno.fp-server.com\/wp-content\/themes\/fp-theme\/dist\/images\/placeholders\/placeholder.png\" data-src=\"https:\/\/stiftung-st-zeno.fp-server.com\/wp-content\/uploads\/sites\/5\/2021\/11\/dsc_0156-3-scaled.jpg\" class=\"lazyload object-fit-cover\" alt=\"\" data-sizes=\"auto\" data-srcset=\"https:\/\/stiftung-st-zeno.fp-server.com\/wp-content\/uploads\/sites\/5\/2021\/11\/dsc_0156-3-scaled.jpg 2560w, https:\/\/stiftung-st-zeno.fp-server.com\/wp-content\/uploads\/sites\/5\/2021\/11\/dsc_0156-3-768x512.jpg 768w, https:\/\/stiftung-st-zeno.fp-server.com\/wp-content\/uploads\/sites\/5\/2021\/11\/dsc_0156-3-1600x1067.jpg 1600w, https:\/\/stiftung-st-zeno.fp-server.com\/wp-content\/uploads\/sites\/5\/2021\/11\/dsc_0156-3-1536x1024.jpg 1536w\" \/>                    <\/div>\n                              <\/div>\n          <\/div>\n          <div class=\"content-box\">\n            <div class=\"slides\">\n                                  <div class=\"slide\">\n                                                  <h3>Stefanie Pomberger<\/h3>\n                                                      <div class=\"position\">Kinderhaus Leitung<\/div>\n                                                <hr \/>\n                                                  <q>Erzieherin, Kindheitsp\u00e4dagogin (B.A.) <br \/>\r\n<br \/>\r\nKinderhaus CAMINO Kellerstra\u00dfe und Wildstra\u00dfe.<br \/>\r\n<br \/>\r\n<br \/>\r\n<\/q>\n                                              <\/div>\n                                      <div class=\"slide\">\n                                                  <h3>Stephanie Acherer<\/h3>\n                                                      <div class=\"position\">stellvertretende Leitung<\/div>\n                                                <hr \/>\n                                                  <q>Erzieherin, Kommunikations- und Konfliktmanagement. Kinderhaus CAMINO Kellerstra\u00dfe und Wildstra\u00dfe.<br \/>\r\n<br \/>\r\n<\/q>\n                                              <\/div>\n                              <\/div>\n                  <div class=\"slider-arrows\"><!--\n                      --><a class=\"arrow prev\">\n                <svg xmlns=\"http:\/\/www.w3.org\/2000\/svg\" width=\"8.717\" height=\"15.297\" viewBox=\"0 0 8.717 15.297\">\n                  <path d=\"M962.03,228.521l7.646,7.344-7.646,7.229\" transform=\"translate(970.401 243.457) rotate(180)\" stroke-width=\"1\" \/>\n                <\/svg>\n              <\/a><!--\n                          --><a class=\"arrow next\">\n                <svg xmlns=\"http:\/\/www.w3.org\/2000\/svg\" width=\"8.717\" height=\"15.297\" viewBox=\"0 0 8.717 15.297\">\n                  <path d=\"M962.03,228.521l7.646,7.344-7.646,7.229\" transform=\"translate(-961.684 -228.16)\" stroke-width=\"1\" \/>\n                <\/svg>\n              <\/a><!--\n                  --><\/div>\n              <\/div>\n        <\/div>\n      [\/vc_column][\/vc_row]<\/p>\n<\/div>","protected":false},"excerpt":{"rendered":"<p>[vc_row][vc_column][vc_column_text] Das Kinderhaus CAMINO Team In einem Team arbeiten hei\u00dft, nicht allein arbeiten. [\/vc_column_text][vc_row_inner][vc_column_inner][vc_column_text]Auf Grund der \u00d6ffnung bzw. Teil\u00f6ffnung aller Gruppen, arbeiten alle MitarbeiterInnen zeitweise in gruppen\u00fcbergreifenden Projekten. Durch vielf\u00e4ltige Zusatzqualifikationen der p\u00e4dagogischen Betreuungskr\u00e4fte in den unterschiedlichsten Bereichen, wie Fachwirt(in) f\u00fcr Erziehungswesen, Religionsp\u00e4dagogik, Kybernetische Methode, Konfliktmanagement und systemische Beratung, Krippenp\u00e4dagogen und Kleinkindbegleiter, k\u00f6nnen wir unsere [&hellip;]<\/p>\n","protected":false},"author":1,"featured_media":0,"parent":0,"menu_order":8,"comment_status":"closed","ping_status":"closed","template":"","meta":{"_acf_changed":false,"footnotes":""},"acf":[],"_links":{"self":[{"href":"https:\/\/stiftung-st-zeno.fp-server.com\/site-camino\/wp-json\/wp\/v2\/pages\/240"}],"collection":[{"href":"https:\/\/stiftung-st-zeno.fp-server.com\/site-camino\/wp-json\/wp\/v2\/pages"}],"about":[{"href":"https:\/\/stiftung-st-zeno.fp-server.com\/site-camino\/wp-json\/wp\/v2\/types\/page"}],"author":[{"embeddable":true,"href":"https:\/\/stiftung-st-zeno.fp-server.com\/site-camino\/wp-json\/wp\/v2\/users\/1"}],"replies":[{"embeddable":true,"href":"https:\/\/stiftung-st-zeno.fp-server.com\/site-camino\/wp-json\/wp\/v2\/comments?post=240"}],"version-history":[{"count":19,"href":"https:\/\/stiftung-st-zeno.fp-server.com\/site-camino\/wp-json\/wp\/v2\/pages\/240\/revisions"}],"predecessor-version":[{"id":674,"href":"https:\/\/stiftung-st-zeno.fp-server.com\/site-camino\/wp-json\/wp\/v2\/pages\/240\/revisions\/674"}],"wp:attachment":[{"href":"https:\/\/stiftung-st-zeno.fp-server.com\/site-camino\/wp-json\/wp\/v2\/media?parent=240"}],"curies":[{"name":"wp","href":"https:\/\/api.w.org\/{rel}","templated":true}]}}