{"id":244,"date":"2019-08-18T04:37:29","date_gmt":"2019-08-18T02:37:29","guid":{"rendered":"https:\/\/camino.stiftung-st-zeno.de\/?page_id=244"},"modified":"2020-07-02T16:30:55","modified_gmt":"2020-07-02T14:30:55","slug":"leitbild","status":"publish","type":"page","link":"https:\/\/stiftung-st-zeno.fp-server.com\/site-camino\/leitbild\/","title":{"rendered":"Leitbild und p\u00e4dagogische Arbeit"},"content":{"rendered":"<div class=\"wpb-content-wrapper\"><p>[vc_row][vc_column][vc_column_text]<\/p>\n<h1 style=\"text-align: left;\">Unser gemeinsames Leitbild<\/h1>\n<h3 style=\"text-align: left;\">Das Kinderhaus Camino ist eine Einrichtung der Stiftung St. Zeno Kirchseeon und hat mit allen weiteren Einrichtungen der Stiftung ein gemeinsames Leitbild konzipiert.<\/h3>\n<p>[\/vc_column_text][vc_row_inner][vc_column_inner][vc_column_text]Die Stiftung St. Zeno ist ein Verband der freien Wohlfahrtspflege und Fachverband im Caritasverband. Wir sind ein kirchlicher Tr\u00e4ger und damit mit unseren MitarbeiterInnen dem christlichen Menschenbild -mit Unteilbarkeit der Person- verpflichtet. Ein respektvoller und wertsch\u00e4tzender Umgang ist die Grundlage f\u00fcr unsere Lebens-, Arbeits- und Dienstgemeinschaften in der Stiftung St. Zeno, Kirchseeon. Unser zentraler Auftrag ist die Bef\u00e4higung der uns anvertrauten Menschen zur \u00dcbernahme von Verantwortung f\u00fcr das eigene Leben und die Gemeinschaft. Die eigene Wirtschaftlichkeit ist ein wesentliches Kriterium f\u00fcr die \u00dcberlebensf\u00e4higkeit jeder Einrichtung, stellt aber keinen Selbstzweck dar. Die Wahrnehmung unserer Aufgaben erfolgt unter bewusstem Einsatz aller Ressourcen.[\/vc_column_text][\/vc_column_inner][\/vc_row_inner][\/vc_column][\/vc_row][vc_row][vc_column][vc_column_text]<\/p>\n<h2 style=\"text-align: left;\">Kinderhaus CAMINO Leitsatz<\/h2>\n<h3 style=\"text-align: left;\">Unsere Sichtweisen ergeben einen Kreislauf in der Entwicklung jedes einzelnen Kindes<\/h3>\n<p>[\/vc_column_text][\/vc_column][\/vc_row][vc_row][vc_column][vc_single_image image=&#8220;399&#8243;][\/vc_column][\/vc_row][vc_row][vc_column][vc_column_text]<\/p>\n<h2>Unser Bild vom Kind<\/h2>\n<h3>&#8222;Oft sind es die kleinsten F\u00fc\u00dfe, die die gr\u00f6\u00dften Spuren hinterlassen.&#8220; (A. Lincoln)<\/h3>\n<p>[\/vc_column_text][vc_row_inner][vc_column_inner][vc_column_text]Aufgrund unseres christlichen Hintergrundes ist das christliche Menschenbild die Grundlage unserer t\u00e4glichen Arbeit mit den Kindern. Daraus ergibt sich f\u00fcr uns das Bild vom Kind. Jeder Mensch ist einzigartig und einmalig, und hat einen unermesslichen Wert, der nicht durch Leistung bewiesen werden muss. Kinder haben von Anfang an eigene Rechte und vollziehen die f\u00fcr ihre Entwicklung und Entfaltung notwendigen Schritte durch eigene Aktivit\u00e4t. Kinder sind schon vollst\u00e4ndige und vollwertige Personen, sie m\u00fcssen es nicht erst werden. Sie sind kompetent, f\u00e4hig und absichtsvoll, sie setzten sich mit Problemen und Eindr\u00fccken auseinander. Wir wollen die Kinder in ihrer individuellen Entwicklung begleiten, um sie zu st\u00e4rken und ihnen die M\u00f6glichkeit zu bieten, ihre Zukunft selbst zu gestalten. Als Entwicklungsbegleiter lassen wir dem Kind Raum, Erlebnisse zu verarbeiten und verschiedene Verhaltensweisen zur Bew\u00e4ltigung der unterschiedlichen Lebenssituationen ausprobieren zu k\u00f6nnen. Wir zeigen nicht wie die Welt funktioniert, sondern beobachten das Kind in seinem Verhalten sorgf\u00e4ltig, bekr\u00e4ftigen es in seinen F\u00e4higkeiten und erm\u00f6glichen Rahmenbedingungen f\u00fcr die Entwicklung von F\u00e4higkeiten, um sich die Welt selbst zu erschlie\u00dfen. F\u00fcr uns als Lernbegleiter bedeutet dieser Ansatz, dem Kind im Lernen und Wachsen so viel Autonomie wie m\u00f6glich und so wenig Anleitung wie n\u00f6tig zu geben.[\/vc_column_text][\/vc_column_inner][\/vc_row_inner][\/vc_column][\/vc_row][vc_row][vc_column][vc_column_text]<\/p>\n<h1>Unsere p\u00e4dagogische Arbeit<\/h1>\n<p>[\/vc_column_text]        <div class=\"slider content large-content-box\" data-id=\"83334\">\n          <div class=\"image-box\">\n\n            <div class=\"slides\">\n                                  <div class=\"slide \">\n                      <img loading=\"lazy\" decoding=\"async\" width=\"800\" height=\"1600\" data-position=\"center\" src=\"https:\/\/stiftung-st-zeno.fp-server.com\/wp-content\/themes\/fp-theme\/dist\/images\/placeholders\/placeholder.png\" data-src=\"https:\/\/stiftung-st-zeno.fp-server.com\/wp-content\/uploads\/sites\/5\/2019\/09\/img-20190417-wa0033.jpg\" class=\"lazyload object-fit-cover\" alt=\"\" data-sizes=\"auto\" data-srcset=\"https:\/\/stiftung-st-zeno.fp-server.com\/wp-content\/uploads\/sites\/5\/2019\/09\/img-20190417-wa0033.jpg 800w, https:\/\/stiftung-st-zeno.fp-server.com\/wp-content\/uploads\/sites\/5\/2019\/09\/img-20190417-wa0033-384x768.jpg 384w, https:\/\/stiftung-st-zeno.fp-server.com\/wp-content\/uploads\/sites\/5\/2019\/09\/img-20190417-wa0033-768x1536.jpg 768w, https:\/\/stiftung-st-zeno.fp-server.com\/wp-content\/uploads\/sites\/5\/2019\/09\/img-20190417-wa0033-640x1280.jpg 640w, https:\/\/stiftung-st-zeno.fp-server.com\/wp-content\/uploads\/sites\/5\/2019\/09\/img-20190417-wa0033-512x1024.jpg 512w, https:\/\/stiftung-st-zeno.fp-server.com\/wp-content\/uploads\/sites\/5\/2019\/09\/img-20190417-wa0033-320x640.jpg 320w, https:\/\/stiftung-st-zeno.fp-server.com\/wp-content\/uploads\/sites\/5\/2019\/09\/img-20190417-wa0033-240x480.jpg 240w, https:\/\/stiftung-st-zeno.fp-server.com\/wp-content\/uploads\/sites\/5\/2019\/09\/img-20190417-wa0033-160x320.jpg 160w\" \/>                    <\/div>\n                                      <div class=\"slide \">\n                      <img loading=\"lazy\" decoding=\"async\" width=\"1600\" height=\"1065\" data-position=\"center\" src=\"https:\/\/stiftung-st-zeno.fp-server.com\/wp-content\/themes\/fp-theme\/dist\/images\/placeholders\/placeholder.png\" data-src=\"https:\/\/stiftung-st-zeno.fp-server.com\/wp-content\/uploads\/sites\/5\/2019\/09\/dsc07172.jpg\" class=\"lazyload object-fit-cover\" alt=\"\" data-sizes=\"auto\" data-srcset=\"https:\/\/stiftung-st-zeno.fp-server.com\/wp-content\/uploads\/sites\/5\/2019\/09\/dsc07172.jpg 1600w, https:\/\/stiftung-st-zeno.fp-server.com\/wp-content\/uploads\/sites\/5\/2019\/09\/dsc07172-768x511.jpg 768w, https:\/\/stiftung-st-zeno.fp-server.com\/wp-content\/uploads\/sites\/5\/2019\/09\/dsc07172-1536x1022.jpg 1536w, https:\/\/stiftung-st-zeno.fp-server.com\/wp-content\/uploads\/sites\/5\/2019\/09\/dsc07172-1280x852.jpg 1280w, https:\/\/stiftung-st-zeno.fp-server.com\/wp-content\/uploads\/sites\/5\/2019\/09\/dsc07172-1024x682.jpg 1024w, https:\/\/stiftung-st-zeno.fp-server.com\/wp-content\/uploads\/sites\/5\/2019\/09\/dsc07172-640x426.jpg 640w, https:\/\/stiftung-st-zeno.fp-server.com\/wp-content\/uploads\/sites\/5\/2019\/09\/dsc07172-480x320.jpg 480w, https:\/\/stiftung-st-zeno.fp-server.com\/wp-content\/uploads\/sites\/5\/2019\/09\/dsc07172-320x213.jpg 320w\" \/>                    <\/div>\n                                      <div class=\"slide \">\n                      <img loading=\"lazy\" decoding=\"async\" width=\"1065\" height=\"1600\" data-position=\"center\" src=\"https:\/\/stiftung-st-zeno.fp-server.com\/wp-content\/themes\/fp-theme\/dist\/images\/placeholders\/placeholder.png\" data-src=\"https:\/\/stiftung-st-zeno.fp-server.com\/wp-content\/uploads\/sites\/5\/2019\/09\/dsc07241.jpg\" class=\"lazyload object-fit-cover\" alt=\"\" data-sizes=\"auto\" data-srcset=\"https:\/\/stiftung-st-zeno.fp-server.com\/wp-content\/uploads\/sites\/5\/2019\/09\/dsc07241.jpg 1065w, https:\/\/stiftung-st-zeno.fp-server.com\/wp-content\/uploads\/sites\/5\/2019\/09\/dsc07241-511x768.jpg 511w, https:\/\/stiftung-st-zeno.fp-server.com\/wp-content\/uploads\/sites\/5\/2019\/09\/dsc07241-768x1154.jpg 768w, https:\/\/stiftung-st-zeno.fp-server.com\/wp-content\/uploads\/sites\/5\/2019\/09\/dsc07241-852x1280.jpg 852w, https:\/\/stiftung-st-zeno.fp-server.com\/wp-content\/uploads\/sites\/5\/2019\/09\/dsc07241-682x1024.jpg 682w, https:\/\/stiftung-st-zeno.fp-server.com\/wp-content\/uploads\/sites\/5\/2019\/09\/dsc07241-426x640.jpg 426w, https:\/\/stiftung-st-zeno.fp-server.com\/wp-content\/uploads\/sites\/5\/2019\/09\/dsc07241-320x480.jpg 320w, https:\/\/stiftung-st-zeno.fp-server.com\/wp-content\/uploads\/sites\/5\/2019\/09\/dsc07241-213x320.jpg 213w\" \/>                    <\/div>\n                              <\/div>\n                      <\/div>\n          <div class=\"content-box\">\n            <div class=\"slides\">\n                                  <div class=\"slide\">\n                                                  <h3>offene Arbeit - Partizipation<\/h3>\n                            <hr \/>\n                                                      <p>Die Offene Arbeit erm\u00f6glicht die partizipatorische Teilnahme der Kinder am Kinderhausalltag. Die Kinder lernen schnell mit pers\u00f6nlichen Entscheidungen und Verantwortung umzugehen. Dadurch werden sie unabh\u00e4ngiger und eigenst\u00e4ndig. Sie k\u00f6nnen nach ihrem eigenen Rhythmus leben, ihre Spielpartner frei w\u00e4hlen und entsprechend ihrer M\u00f6glichkeiten lernen, sich selbst zu organisieren. Zu den unterschiedlichen R\u00e4umen sollen Kinder einen freien und einfachen Zugang haben, damit sie ihren Tagesablauf innerhalb einer wiederkehrenden Struktur mitbestimmen k\u00f6nnen. Kinder m\u00fcssen die M\u00f6glichkeit haben, ihre Interessen, W\u00fcnsche, Hoffnungen, \u00c4ngste und Probleme \u00fcberall dort einzubringen, wo es um ihre Belange geht. So sollen die Kinder im Kinderhaus die M\u00f6glichkeit haben, innerhalb verschiedenster Themen, die f\u00fcr sie wichtig sind, mit zu sprechen. Die Aufgabe besteht f\u00fcr uns darin, M\u00f6glichkeiten und Methoden zu schaffen Kinder zu beteiligen und ihre Entscheidungen in einem demokratischen Konsens zu respektieren.<\/p>\n                                              <\/div>\n                                      <div class=\"slide\">\n                                                  <h3>situationsorientierter Ansatz<\/h3>\n                            <hr \/>\n                                                      <p>Der situationsorientierte Ansatz ist ein lebensnahes Lernen in und aus allt\u00e4glichen Situationen.  <br \/>\r\nAusgangspunkt aller p\u00e4dagogischen Handlungen ist das Kind mit seinen aktuellen Spiel- und Lernbed\u00fcrfnissen, seinem derzeitigen Entwicklungsstand, mit seiner sozialen Situation in der Gruppe und seinem Hintergrund in Familie und Gesellschaft. Die Kinder lernen in konkreten Situationen ihre Lebenswelt zu verstehen und selbst bestimmt, kompetent und verantwortungsvoll zu gestalten. Dazu werden zielgerichtet allt\u00e4gliche Lebenssituationen von Kindern und ihren Familien aufgegriffen, aus denen Projekte entstehen, die zusammen mit den Kindern erarbeitet werden. Durch dieses \u201eLernen an realen Situationen\u201c sollen die Kinder auf ihr zuk\u00fcnftiges Leben vorbereitet werden. Durch die Beteiligung der Kinder am Planungsprozess (Ideensammlung, <br \/>\r\nKinderkonferenz, Mitbringen von Materialien), wird ihre Selbst\u00e4ndigkeit und ihr Selbstbewusstsein gest\u00e4rkt. Sie lernen ihre Meinung zu \u00e4u\u00dfern, h\u00f6ren dem anderen zu, genauso wie ihnen zugeh\u00f6rt wird und lernen so das Miteinander und R\u00fccksicht nehmen auf andere. <\/p>\n                                              <\/div>\n                                      <div class=\"slide\">\n                                                  <h3>Projektarbeit<\/h3>\n                            <hr \/>\n                                                      <p>Aus dem situationsorientierten Ansatz entstehen sogenannte Projekte, die sich aus der Lebenswelt des Kindes entwickeln. Themen solcher Projekte ergeben sich aus besonderem Bed\u00fcrfnissen, Interessen und Alltagssituationen. Auch die Beteiligung an einer Kinderkonferenz, kann zu einem Thema f\u00fchren. Die Kinder tragen ihre Vorschl\u00e4ge vor und diese werden notiert bzw. meist mit einem Bild gekennzeichnet. Jedes Kind hat die M\u00f6glichkeit am Bildungsprozess mitzuwirken (= Partizipation) und w\u00e4chst in die anfangs etwas abstrakte Situation schnell hinein. Anschlie\u00dfend erfolgt eine Abstimmung, in dem sich jedes Kind gem\u00e4\u00df seinem Interesse entscheiden darf. Am Ende werden die \u201eStimmen\u201c gez\u00e4hlt und ein neues Thema steht fest. Nun werden in einem bestimmten Zeitrahmen, den die Kinder vorgeben, verschiedene Besch\u00e4ftigungen ausgef\u00fchrt. Die einzelnen Teile eines Projektes sollen aufeinander aufbauen. Kinder sollen die M\u00f6glichkeit erhalten, Erfahrungen zu sammeln, Hintergrundwissen zu erweitern, ihr Langzeitged\u00e4chtnis zu trainieren und spannende Experimente zu machen. <\/p>\n                                              <\/div>\n                              <\/div>\n                  <div class=\"slider-arrows\"><!--\n                      --><a class=\"arrow prev\">\n                <svg xmlns=\"http:\/\/www.w3.org\/2000\/svg\" width=\"8.717\" height=\"15.297\" viewBox=\"0 0 8.717 15.297\">\n                  <path d=\"M962.03,228.521l7.646,7.344-7.646,7.229\" transform=\"translate(970.401 243.457) rotate(180)\" stroke-width=\"1\" \/>\n                <\/svg>\n              <\/a><!--\n                          --><a class=\"arrow next\">\n                <svg xmlns=\"http:\/\/www.w3.org\/2000\/svg\" width=\"8.717\" height=\"15.297\" viewBox=\"0 0 8.717 15.297\">\n                  <path d=\"M962.03,228.521l7.646,7.344-7.646,7.229\" transform=\"translate(-961.684 -228.16)\" stroke-width=\"1\" \/>\n                <\/svg>\n              <\/a><!--\n                  --><\/div>\n              <\/div>\n        <\/div>\n      [\/vc_column][\/vc_row]<\/p>\n<\/div>","protected":false},"excerpt":{"rendered":"<p>[vc_row][vc_column][vc_column_text] Unser gemeinsames Leitbild Das Kinderhaus Camino ist eine Einrichtung der Stiftung St. Zeno Kirchseeon und hat mit allen weiteren Einrichtungen der Stiftung ein gemeinsames Leitbild konzipiert. [\/vc_column_text][vc_row_inner][vc_column_inner][vc_column_text]Die Stiftung St. Zeno ist ein Verband der freien Wohlfahrtspflege und Fachverband im Caritasverband. Wir sind ein kirchlicher Tr\u00e4ger und damit mit unseren MitarbeiterInnen dem christlichen Menschenbild -mit [&hellip;]<\/p>\n","protected":false},"author":1,"featured_media":0,"parent":0,"menu_order":7,"comment_status":"closed","ping_status":"closed","template":"","meta":{"_acf_changed":false,"footnotes":""},"acf":[],"_links":{"self":[{"href":"https:\/\/stiftung-st-zeno.fp-server.com\/site-camino\/wp-json\/wp\/v2\/pages\/244"}],"collection":[{"href":"https:\/\/stiftung-st-zeno.fp-server.com\/site-camino\/wp-json\/wp\/v2\/pages"}],"about":[{"href":"https:\/\/stiftung-st-zeno.fp-server.com\/site-camino\/wp-json\/wp\/v2\/types\/page"}],"author":[{"embeddable":true,"href":"https:\/\/stiftung-st-zeno.fp-server.com\/site-camino\/wp-json\/wp\/v2\/users\/1"}],"replies":[{"embeddable":true,"href":"https:\/\/stiftung-st-zeno.fp-server.com\/site-camino\/wp-json\/wp\/v2\/comments?post=244"}],"version-history":[{"count":25,"href":"https:\/\/stiftung-st-zeno.fp-server.com\/site-camino\/wp-json\/wp\/v2\/pages\/244\/revisions"}],"predecessor-version":[{"id":600,"href":"https:\/\/stiftung-st-zeno.fp-server.com\/site-camino\/wp-json\/wp\/v2\/pages\/244\/revisions\/600"}],"wp:attachment":[{"href":"https:\/\/stiftung-st-zeno.fp-server.com\/site-camino\/wp-json\/wp\/v2\/media?parent=244"}],"curies":[{"name":"wp","href":"https:\/\/api.w.org\/{rel}","templated":true}]}}