{"id":4,"date":"2019-08-01T22:22:33","date_gmt":"2019-08-01T20:22:33","guid":{"rendered":"https:\/\/camino.stiftung-st-zeno.de\/?page_id=4"},"modified":"2023-02-22T15:35:18","modified_gmt":"2023-02-22T14:35:18","slug":"startseite","status":"publish","type":"page","link":"https:\/\/stiftung-st-zeno.fp-server.com\/site-camino\/","title":{"rendered":"Startseite"},"content":{"rendered":"<div class=\"wpb-content-wrapper\"><p>[vc_row][vc_column][vc_row_inner][vc_column_inner][vc_column_text][\/vc_column_text][vc_column_text]<\/p>\n<p style=\"text-align: left;\">Das Kinderhaus Camino setzt sich aus zwei Einrichtungen im Herzen der Stadt Bad Aibling zusammen. Insgesamt nehmen wir den Erziehungs- und Bildungsauftrag f\u00fcr ca. 135 Kinder im Alter von 0 \u2013 10 Jahren wahr.<\/p>\n<p style=\"text-align: left;\">Das Kinderhaus Camino in der Kellerstrasse befindet sich nur f\u00fcnf Gehminuten vom Stadtzentrum unserer beschaulichen Kurstadt Bad Aibling entfernt. Von hier aus lassen sich zu Fu\u00df nahe gelegene Ausflugs- und Erholungsziele f\u00fcr die Gruppen erreichen, wie z. B. der Kurpark, die Birkenallee und verschiedene Spielpl\u00e4tze. Unser sch\u00f6nes gro\u00dfes Haus bietet rund 110 Kindern Platz zum Spielen, Toben, Lernen, Entspannen, kurz gesagt zum Entwickeln und zum Wohlf\u00fchlen. Unter dem Motto \u201eAlles unter einem Dach\u201c macht es unser Konzept m\u00f6glich, die Kinder vom Eintritt in die Krippe bis zum Ende der Grundschulzeit in einem Haus zu betreuen, so dass die \u00dcberg\u00e4nge sehr sanft verlaufen. Durch die \u00d6ffnung der Gruppen schaffen wir immer wieder Gelegenheit f\u00fcr Begegnungen zwischen Gro\u00df und Klein und bieten den Kindern so die Chance, voneinander zu lernen, miteinander zu spielen und gemeinsam zu wachsen. Neben diesen vielen M\u00f6glichkeiten haben aber alle Kinder trotzdem die Wahl, in der jeweiligen Stammgruppe f\u00fcr sich zu sein. Das ist gerade im Krippenbereich und den Eingew\u00f6hnungsphasen der Kinder oft von gro\u00dfer Bedeutung, um den Kindern Sicherheit, Orientierung und ausreichend Ruhephasen zu erm\u00f6glichen. Die Gruppenaufteilung gestaltet sich in 1Krippengruppen, 2 Kindergartengruppen, 1 Vorschulgruppe, sowie 1 Hortgruppe.<\/p>\n<p style=\"text-align: left;\">Das Kinderhaus CAMINO in der Wildstrasse ist ein Einfamilienhaus mit famili\u00e4rem Charme und liegt etwa 10 Gehminuten vom Stadtzentrum entfernt. Es bietet 24 Kindern von 0 \u2013 3 Jahren Raum zum Spielen, Lernen, Toben und vieles mehr. Hier sind die Kleinen unter sich. Durch gemeinsame Aktionen, wie Feste, Ausfl\u00fcge und Schnuppertage schaffen wir immer wieder Gelegenheit zur Begegnung und zum Austausch zwischen dem kleinen Camino und dem gro\u00dfen Kinderhaus, um den m\u00f6glichen sp\u00e4teren \u00dcbergang in den Kindergarten der Kellerstrasse zu erleichtern. Die zentrale Lage in einer kleinen Wohnsiedlung bietet auch den Kleinsten die M\u00f6glichkeit, nahe gelegene Ausflugsziele zu Fu\u00df zu erreichen, wie z. B. den Kurpark, den Bahnhof oder die Westendstrasse mit ihren weiten Feldern und Wiesen.<\/p>\n<p>[\/vc_column_text][vc_btn title=&#8220;Unsere Konzeption&#8220; style=&#8220;style-button&#8220; link=&#8220;url:https%3A%2F%2Fstiftung-st-zeno.fp-server.com%2Fwp-content%2Fuploads%2Fsites%2F5%2F2020%2F02%2Fkinderhaus-camino-konzeption-homepage.pdf||target:%20_blank|&#8220;][\/vc_column_inner][\/vc_row_inner][\/vc_column][\/vc_row][vc_row][vc_column][vc_row_inner][vc_column_inner width=&#8220;1\/2&#8243;][vc_column_text]<\/p>\n<h2>\u00dcber uns<\/h2>\n<p>[\/vc_column_text][\/vc_column_inner][vc_column_inner width=&#8220;1\/2&#8243;]        <div class=\"custom-eyecatcher-wrapper\">\n                <a class=\"custom-eyecatcher\" href=\"https:\/\/camino.stiftung-st-zeno.de\/karriere\/\">\n                      <div class=\"headline\">Werde Teil des Teams!<\/div>\n                          <div class=\"text\">Wir freuen uns auf deine Bewerbung!<\/div>\n                          <div class=\"button\">Jetzt informieren<\/div>\n                  <\/a>\n            <\/div>\n      [\/vc_column_inner][\/vc_row_inner]        <div class=\"teasers\">\n                <a class=\"teaser light\" href=\"https:\/\/stiftung-st-zeno.fp-server.com\/site-camino\/geschichte\/\" data-group=\"92964\">\n                <h3>Stiftung St. Zeno &#8211; Die Geschichte des Kinderhauses<\/h3>\n                      <hr \/>\n                          <p>Das Kinderhaus CAMINO ist eine Einrichtung der Stiftung St. Zeno in Kirchseeon und befindet sich seit 2006 in dessen Tr\u00e4gerschaft. Durch eine grundlegende Sanierung durch die Stadt Bad Aibling, konnte das alte Brauereigeb\u00e4ude am Kellerberg zu einer modernen Kindereinrichtung umgebaut werden. Das Wahrzeichen, der Kamin im Garten des Kinderhauses, zeigt auf beeindruckende Weise den Weg aus der alten in die neue Zeit und symbolisiert die Best\u00e4ndigkeit. Im Jahr 2009 \u00fcbernahm die Stiftung St. Zeno eine weitere Einrichtung in Bad Aibling. Durch die Zusammengeh\u00f6rigkeit der beiden Einrichtung entschied man sich f\u00fcr den gleichen Namen. So entstand das \"kleine\" Kinderhaus CAMINO.   <\/p>\n                          <div class=\"button\">Weiterlesen<\/div>\n                  <\/a>\n          <a class=\"teaser dark\" href=\"https:\/\/stiftung-st-zeno.fp-server.com\/site-camino\/leitbild\/\" data-group=\"92964\">\n                <h3>Leitbild und p\u00e4dagogische Arbeit<\/h3>\n                      <hr \/>\n                          <p>Unser zentraler Auftrag ist die Bef\u00e4higung der uns anvertrauten Kinder zur \u00dcbernahme von Verantwortung f\u00fcr das eigene Leben und die Gemeinschaft. Der Schwerpunkt unseres p\u00e4dagogischen Alltags kennzeichnet sich durch offenes, situationsorientiertes Arbeiten aufgrund genauer und langfristiger Beobachtungen, bei dem sich Freispiel und Projektarbeit sowie die \u00d6ffnung unserer Gruppen erg\u00e4nzen.  <\/p>\n                          <div class=\"button\">Weiterlesen<\/div>\n                  <\/a>\n          <a class=\"teaser light\" href=\"https:\/\/stiftung-st-zeno.fp-server.com\/site-camino\/team\/\" data-group=\"92964\">\n                <h3>Das Kinderhaus-Team &#8222;F\u00fcreinander statt Miteinander&#8220;<\/h3>\n                      <hr \/>\n                          <p>Durch die Arbeit mit den Kindern steht die gef\u00fchlsm\u00e4\u00dfige Verbundenheit aller Mitarbeiter und Mitarbeiterinnen im CAMINO-Team im Vordergrund. Alle Teammitglieder k\u00f6nnen Ihre F\u00e4higkeiten im Alltag einbringen. So schaffen wir durch die p\u00e4dagogischen Aufgaben und die menschlichen Herausforderungen eine zusammenhaltende Ebene, auf der wir aufgaben- und zielorientiert die Entwicklung aller Kinder optimal f\u00f6rdern k\u00f6nnen.<\/p>\n                          <div class=\"button\">Weiterlesen<\/div>\n                  <\/a>\n            <\/div>\n      [\/vc_column][\/vc_row][vc_row][vc_column][vc_column_text]<\/p>\n<h2>Bereiche<\/h2>\n<p>[\/vc_column_text]        <div class=\"eyecatchers\">\n                          <a class=\"eyecatcher dark\" href=\"https:\/\/stiftung-st-zeno.fp-server.com\/site-camino\/krippen\/\">\n                  <h3>\n                    Krippe                  <\/h3>\n                  <div class=\"button\">Mehr Informationen<\/div>\n                <\/a>\n                              <a class=\"eyecatcher light\" href=\"https:\/\/stiftung-st-zeno.fp-server.com\/site-camino\/kindergarten\/\">\n                  <h3>\n                    Kinder&shy;garten und Vorschule                  <\/h3>\n                  <div class=\"button\">Mehr Informationen<\/div>\n                <\/a>\n                              <a class=\"eyecatcher dark\" href=\"https:\/\/stiftung-st-zeno.fp-server.com\/site-camino\/hort\/\">\n                  <h3>\n                    Hort                  <\/h3>\n                  <div class=\"button\">Mehr Informationen<\/div>\n                <\/a>\n                      <\/div>\n      [\/vc_column][\/vc_row][vc_row][vc_column][vc_row_inner][vc_column_inner width=&#8220;1\/2&#8243;][vc_column_text]<\/p>\n<h1>Aktuelles und Veranstaltungen<\/h1>\n<p>[\/vc_column_text][\/vc_column_inner][vc_column_inner width=&#8220;1\/2&#8243;]        <div class=\"custom-eyecatcher-wrapper\">\n                <a class=\"custom-eyecatcher\" href=\"https:\/\/camino.stiftung-st-zeno.de\/termine\/schliesszeiten\/\">\n                      <div class=\"headline\">Schlie\u00df&shy;zeiten<\/div>\n                          <div class=\"text\">JETZT INFORMIEREN<\/div>\n                  <\/a>\n            <\/div>\n      [\/vc_column_inner][\/vc_row_inner]        <div class=\"teasers\">\n                <a class=\"teaser dark\" href=\"https:\/\/stiftung-st-zeno.fp-server.com\/site-camino\/termine\/kalender\/\" data-group=\"57615\">\n                <h3>Kalenderdaten<\/h3>\n                      <hr \/>\n                          <p>Suchen und finden Sie in unserem Kalender anstehendene Veranstaltungen.<\/p>\n                          <div class=\"button\">Weiterlesen<\/div>\n                  <\/a>\n          <a class=\"teaser \" href=\"https:\/\/stiftung-st-zeno.fp-server.com\/site-camino\/aktuelles\/news\/\" data-group=\"57615\">\n                <h3>Corona-News<\/h3>\n                      <hr \/>\n                          <p>Hier finden Sie alle aktuellen Informationen zu den bestehenden Hygienema\u00dfnahmen und Regelungen f\u00fcr die Zeit der Corona-Pandemie.<\/p>\n                          <div class=\"button\">Weiterlesen<\/div>\n                  <\/a>\n          <a class=\"teaser white\" href=\"https:\/\/stiftung-st-zeno.fp-server.com\/site-camino\/gruppeninfo\/gruppeninfos\/\" data-group=\"57615\">\n                <h3>Gruppen<\/h3>\n                      <hr \/>\n                          <p>Informationen aus den Gruppen.<\/p>\n                          <div class=\"button\">Weiterlesen<\/div>\n                  <\/a>\n            <\/div>\n      [vc_btn title=&#8220;Mehr zu Aktuelles und Veranstaltung&#8220; link=&#8220;url:https%3A%2F%2Fcamino.stiftung-st-zeno.de%2Faktuelles%2F|title:Aktuelles||&#8220;][\/vc_column][\/vc_row][vc_row][vc_column][vc_column_text]<\/p>\n<h2>Projekte<\/h2>\n<p>[\/vc_column_text]        <div class=\"slider content\" data-id=\"70318\">\n          <div class=\"image-box\">\n\n            <div class=\"slides\">\n                                  <div class=\"slide \">\n                      <img loading=\"lazy\" decoding=\"async\" width=\"1600\" height=\"1071\" data-position=\"center\" src=\"https:\/\/stiftung-st-zeno.fp-server.com\/wp-content\/themes\/fp-theme\/dist\/images\/placeholders\/placeholder.png\" data-src=\"https:\/\/stiftung-st-zeno.fp-server.com\/wp-content\/uploads\/sites\/5\/2019\/09\/dsc_9959.jpg\" class=\"lazyload object-fit-cover\" alt=\"\" data-sizes=\"auto\" data-srcset=\"https:\/\/stiftung-st-zeno.fp-server.com\/wp-content\/uploads\/sites\/5\/2019\/09\/dsc_9959.jpg 1600w, https:\/\/stiftung-st-zeno.fp-server.com\/wp-content\/uploads\/sites\/5\/2019\/09\/dsc_9959-768x514.jpg 768w, https:\/\/stiftung-st-zeno.fp-server.com\/wp-content\/uploads\/sites\/5\/2019\/09\/dsc_9959-1280x857.jpg 1280w, https:\/\/stiftung-st-zeno.fp-server.com\/wp-content\/uploads\/sites\/5\/2019\/09\/dsc_9959-1024x685.jpg 1024w, https:\/\/stiftung-st-zeno.fp-server.com\/wp-content\/uploads\/sites\/5\/2019\/09\/dsc_9959-640x428.jpg 640w, https:\/\/stiftung-st-zeno.fp-server.com\/wp-content\/uploads\/sites\/5\/2019\/09\/dsc_9959-480x321.jpg 480w, https:\/\/stiftung-st-zeno.fp-server.com\/wp-content\/uploads\/sites\/5\/2019\/09\/dsc_9959-320x214.jpg 320w\" \/>                    <\/div>\n                                      <div class=\"slide \">\n                      <img loading=\"lazy\" decoding=\"async\" width=\"1200\" height=\"1600\" data-position=\"center\" src=\"https:\/\/stiftung-st-zeno.fp-server.com\/wp-content\/themes\/fp-theme\/dist\/images\/placeholders\/placeholder.png\" data-src=\"https:\/\/stiftung-st-zeno.fp-server.com\/wp-content\/uploads\/sites\/5\/2019\/09\/taschen-und-kaffee.jpg\" class=\"lazyload object-fit-cover\" alt=\"\" data-sizes=\"auto\" data-srcset=\"https:\/\/stiftung-st-zeno.fp-server.com\/wp-content\/uploads\/sites\/5\/2019\/09\/taschen-und-kaffee.jpg 1200w, https:\/\/stiftung-st-zeno.fp-server.com\/wp-content\/uploads\/sites\/5\/2019\/09\/taschen-und-kaffee-576x768.jpg 576w, https:\/\/stiftung-st-zeno.fp-server.com\/wp-content\/uploads\/sites\/5\/2019\/09\/taschen-und-kaffee-768x1024.jpg 768w, https:\/\/stiftung-st-zeno.fp-server.com\/wp-content\/uploads\/sites\/5\/2019\/09\/taschen-und-kaffee-960x1280.jpg 960w, https:\/\/stiftung-st-zeno.fp-server.com\/wp-content\/uploads\/sites\/5\/2019\/09\/taschen-und-kaffee-480x640.jpg 480w, https:\/\/stiftung-st-zeno.fp-server.com\/wp-content\/uploads\/sites\/5\/2019\/09\/taschen-und-kaffee-360x480.jpg 360w, https:\/\/stiftung-st-zeno.fp-server.com\/wp-content\/uploads\/sites\/5\/2019\/09\/taschen-und-kaffee-240x320.jpg 240w\" \/>                    <\/div>\n                                      <div class=\"slide \">\n                      <img loading=\"lazy\" decoding=\"async\" width=\"1600\" height=\"1065\" data-position=\"center\" src=\"https:\/\/stiftung-st-zeno.fp-server.com\/wp-content\/themes\/fp-theme\/dist\/images\/placeholders\/placeholder.png\" data-src=\"https:\/\/stiftung-st-zeno.fp-server.com\/wp-content\/uploads\/sites\/5\/2019\/09\/dsc07129.jpg\" class=\"lazyload object-fit-cover\" alt=\"\" data-sizes=\"auto\" data-srcset=\"https:\/\/stiftung-st-zeno.fp-server.com\/wp-content\/uploads\/sites\/5\/2019\/09\/dsc07129.jpg 1600w, https:\/\/stiftung-st-zeno.fp-server.com\/wp-content\/uploads\/sites\/5\/2019\/09\/dsc07129-768x511.jpg 768w, https:\/\/stiftung-st-zeno.fp-server.com\/wp-content\/uploads\/sites\/5\/2019\/09\/dsc07129-1280x852.jpg 1280w, https:\/\/stiftung-st-zeno.fp-server.com\/wp-content\/uploads\/sites\/5\/2019\/09\/dsc07129-1024x682.jpg 1024w, https:\/\/stiftung-st-zeno.fp-server.com\/wp-content\/uploads\/sites\/5\/2019\/09\/dsc07129-640x426.jpg 640w, https:\/\/stiftung-st-zeno.fp-server.com\/wp-content\/uploads\/sites\/5\/2019\/09\/dsc07129-480x320.jpg 480w, https:\/\/stiftung-st-zeno.fp-server.com\/wp-content\/uploads\/sites\/5\/2019\/09\/dsc07129-320x213.jpg 320w\" \/>                    <\/div>\n                                      <div class=\"slide \">\n                      <img loading=\"lazy\" decoding=\"async\" width=\"900\" height=\"675\" data-position=\"center\" src=\"https:\/\/stiftung-st-zeno.fp-server.com\/wp-content\/themes\/fp-theme\/dist\/images\/placeholders\/placeholder.png\" data-src=\"https:\/\/stiftung-st-zeno.fp-server.com\/wp-content\/uploads\/sites\/5\/2021\/01\/img-20201210-wa0003-e1610358919875.jpg\" class=\"lazyload object-fit-cover\" alt=\"\" data-sizes=\"auto\" \/>                    <\/div>\n                              <\/div>\n                  <div class=\"slider-arrows\"><!--\n                      --><a class=\"arrow prev\">\n                <svg xmlns=\"http:\/\/www.w3.org\/2000\/svg\" width=\"8.717\" height=\"15.297\" viewBox=\"0 0 8.717 15.297\">\n                  <path d=\"M962.03,228.521l7.646,7.344-7.646,7.229\" transform=\"translate(970.401 243.457) rotate(180)\" stroke-width=\"1\" \/>\n                <\/svg>\n              <\/a><!--\n                          --><a class=\"arrow next\">\n                <svg xmlns=\"http:\/\/www.w3.org\/2000\/svg\" width=\"8.717\" height=\"15.297\" viewBox=\"0 0 8.717 15.297\">\n                  <path d=\"M962.03,228.521l7.646,7.344-7.646,7.229\" transform=\"translate(-961.684 -228.16)\" stroke-width=\"1\" \/>\n                <\/svg>\n              <\/a><!--\n                  --><\/div>\n              <\/div>\n          <div class=\"content-box\">\n            <div class=\"slides\">\n                                  <div class=\"slide\">\n                                                  <h3>Eine Welt Kita: Fair und Global<\/h3>\n                            <hr \/>\n                                                      <p>Durch das Projekt \u201eEine Welt-Kita: fair und global\u201c, konnten wir das Kinderhaus CAMINO auf seinem Weg zu einer weltoffenen und interkulturellen Kindertagesst\u00e4tte ein gro\u00dfes St\u00fcck voran bringen. Durch die Zertifizierung erhielten wir einen Titel, der es uns erm\u00f6glicht, den Gedanken des globalen Lernens, der kultursensiblen Haltung, des fairen Handels und Handelns und den nachhaltigen Blick auf die Ressourcen unserer Umwelt in eine breite \u00d6ffentlichkeit zu tragen. <\/p>\n                                                        <a class=\"button\" href=\"https:\/\/camino.stiftung-st-zeno.de\/overlay\/eine-welt-kita-fair-und-global\/\" data-group=\"85510\">Mehr Erfahren<\/a>\n                                                <\/div>\n                                      <div class=\"slide\">\n                                                  <h3>Nachhaltigkeit und FairTrade<\/h3>\n                            <hr \/>\n                                                      <p>Ansto\u00df zur nachhaltigen Entwicklung gab uns die Stadt Bad Aibling mit ihrem Fairtrade Siegel. Hier beteiligen wir uns mit unserem Kinderhaus \u00fcberzeugt und engagiert.<br \/>\r\nGrundlegendes Ziel der Bildung f\u00fcr nachhaltige Entwicklung im Elementarbereich ist es, die F\u00e4higkeiten und Kompetenzen von Kindern zu f\u00f6rdern, die f\u00fcr eine verantwortungsbewusste Mitgestaltung der Gegenwart notwendig sind.<br \/>\r\n<br \/>\r\n\u2022        Weltoffenheit<br \/>\r\n\u2022        Achtung und Wertsch\u00e4tzung gegen\u00fcber Natur und Umwelt<br \/>\r\n\u2022        Toleranz gegen\u00fcber anderen Menschen, Meinungen und Andersartigem<br \/>\r\n\u2022        Gemeinsam an einem Problem arbeiten und zu L\u00f6sungen kommen k\u00f6nnen<br \/>\r\n\u2022        Sich bewusst werden, dass das eigene Handeln f\u00fcr sich selbst und andere von Bedeutung ist. Nachhaltiges Lernen beginnt bei den Kindern bereits im fr\u00fchkindlichen Entwicklungsprozess. Im Kinderhaus CAMINO k\u00f6nnen Kinder Vielfalt und einen achtsamen Umgang mit Mensch und Natur kennen und sch\u00e4tzen lernen.<\/p>\n                                                        <a class=\"button\" href=\"https:\/\/camino.stiftung-st-zeno.de\/overlay\/nachhaltigkeit-und-fairtrade\/\" data-group=\"11570\">Mehr Erfahren<\/a>\n                                                <\/div>\n                                      <div class=\"slide\">\n                                                  <h3>Edeka-Stiftung - Gartenprojekt<\/h3>\n                            <hr \/>\n                                                      <p>Im Kinderhausalltag k\u00f6nnen wir umweltbewusstes Denken und Handeln jederzeit und auf vielf\u00e4ltige Weise mit den Kindern umsetzen. Durch die Edeka-Stiftung und das gesponserte Hochbeet, sowie die Gartenger\u00e4te und die j\u00e4hrlich gestifteten Gem\u00fcsepflanzen, k\u00f6nnen wir den Kindern die Begegnung mit der Natur noch besser erm\u00f6glichen.<\/p>\n                                                        <a class=\"button\" href=\"https:\/\/camino.stiftung-st-zeno.de\/overlay\/edeka-stiftung\/\" data-group=\"59290\">Mehr Erfahren<\/a>\n                                                <\/div>\n                                      <div class=\"slide\">\n                                                  <h3>Kooperation Camino und SCA Bad Aibling<\/h3>\n                            <hr \/>\n                                                      <p>Wir freuen uns auf die Zusammenarbeit mit unserem Kooperationspartner und die gegenseitige Unterst\u00fctzung bei der F\u00f6rderung unserer Camino-Kinder.<br \/>\r\nBesonders stolz macht uns, dass es das erste Projekt seiner Art im Landkreis Rosenheim ist.<\/p>\n                                                        <a class=\"button\" href=\"https:\/\/camino.stiftung-st-zeno.de\/overlay\/paedagogische-qualitaetsbegleitung\/\" data-group=\"13143\">Mehr Erfahren<\/a>\n                                                <\/div>\n                              <\/div>\n                      <\/div>\n        <\/div>\n      [\/vc_column][\/vc_row][vc_row][vc_column][vc_column_text]<\/p>\n<h2 style=\"text-align: left;\">Herzlich Willkommen beim Elternbeirat des Kinderhauses<\/h2>\n<h3 style=\"text-align: left;\">Das Kinderhaus Camino und die Eltern begegnen sich als gleichberechtigte Partner in gemeinsamer Verantwortung f\u00fcr das Kind. Ein Gremium von gew\u00e4hlten Elternvertretern sichert die Interessen aller Eltern und Kinder im Kinderhaus CAMINO.<\/h3>\n<p>[\/vc_column_text][vc_row_inner][vc_column_inner width=&#8220;1\/2&#8243;][vc_column_text]<\/p>\n<p style=\"text-align: left;\">Der Elternbeirat setzt sich ein f\u00fcr die Zusammenarbeit zwischen den Eltern, dem Tr\u00e4ger und dem Kinderhaus-Team. Der Beirat hat keine entscheidende, jedoch eine beratende Funktion. Er wird vom Tr\u00e4ger und der Kinderhausleitung informiert und geh\u00f6rt, bevor wichtige Entscheidungen getroffen werden. Der Elternbeirat ist ein wichtiges Elterngremium. Er erf\u00fcllt eine wichtige ehrenamtliche Funktion im Hinblick auf eine zeitgem\u00e4\u00dfe, am Wohl der Kinder orientierte P\u00e4dagogik. Ebenso ist er ein wichtiges Bindeglied f\u00fcr die erfolgreiche Kooperation zwischen Eltern und dem Kinderhaus. Weiterhin fungiert der Elternbeirat als Vermittler zwischen den Eltern und dem Kinderhaus CAMINO und versucht, die Entscheidungen durch Kommunikation und Information transparent zu gestalten.<\/p>\n<p>[\/vc_column_text][vc_btn title=&#8220;Mehr Erfahren&#8220; style=&#8220;style-button&#8220; link=&#8220;url:https%3A%2F%2Fcamino.stiftung-st-zeno.de%2Felternbeirat%2F|title:Mehr%20Erfahren||&#8220;][\/vc_column_inner][vc_column_inner width=&#8220;1\/2&#8243;][vc_single_image image=&#8220;508&#8243;][\/vc_column_inner][\/vc_row_inner][\/vc_column][\/vc_row]<\/p>\n<\/div>","protected":false},"excerpt":{"rendered":"<p>[vc_row][vc_column][vc_row_inner][vc_column_inner][vc_column_text][\/vc_column_text][vc_column_text] Das Kinderhaus Camino setzt sich aus zwei Einrichtungen im Herzen der Stadt Bad Aibling zusammen. Insgesamt nehmen wir den Erziehungs- und Bildungsauftrag f\u00fcr ca. 135 Kinder im Alter von 0 \u2013 10 Jahren wahr. Das Kinderhaus Camino in der Kellerstrasse befindet sich nur f\u00fcnf Gehminuten vom Stadtzentrum unserer beschaulichen Kurstadt Bad Aibling entfernt. Von [&hellip;]<\/p>\n","protected":false},"author":1,"featured_media":0,"parent":0,"menu_order":12,"comment_status":"closed","ping_status":"closed","template":"","meta":{"_acf_changed":false,"footnotes":""},"acf":[],"_links":{"self":[{"href":"https:\/\/stiftung-st-zeno.fp-server.com\/site-camino\/wp-json\/wp\/v2\/pages\/4"}],"collection":[{"href":"https:\/\/stiftung-st-zeno.fp-server.com\/site-camino\/wp-json\/wp\/v2\/pages"}],"about":[{"href":"https:\/\/stiftung-st-zeno.fp-server.com\/site-camino\/wp-json\/wp\/v2\/types\/page"}],"author":[{"embeddable":true,"href":"https:\/\/stiftung-st-zeno.fp-server.com\/site-camino\/wp-json\/wp\/v2\/users\/1"}],"replies":[{"embeddable":true,"href":"https:\/\/stiftung-st-zeno.fp-server.com\/site-camino\/wp-json\/wp\/v2\/comments?post=4"}],"version-history":[{"count":151,"href":"https:\/\/stiftung-st-zeno.fp-server.com\/site-camino\/wp-json\/wp\/v2\/pages\/4\/revisions"}],"predecessor-version":[{"id":957,"href":"https:\/\/stiftung-st-zeno.fp-server.com\/site-camino\/wp-json\/wp\/v2\/pages\/4\/revisions\/957"}],"wp:attachment":[{"href":"https:\/\/stiftung-st-zeno.fp-server.com\/site-camino\/wp-json\/wp\/v2\/media?parent=4"}],"curies":[{"name":"wp","href":"https:\/\/api.w.org\/{rel}","templated":true}]}}