{"id":188,"date":"2019-08-15T22:19:30","date_gmt":"2019-08-15T20:19:30","guid":{"rendered":"https:\/\/glockenturm.stzeno.de\/?page_id=188"},"modified":"2023-01-10T13:09:44","modified_gmt":"2023-01-10T12:09:44","slug":"aktuelles","status":"publish","type":"page","link":"https:\/\/stiftung-st-zeno.fp-server.com\/site-glockenturm\/aktuelles\/","title":{"rendered":"Aktuelles"},"content":{"rendered":"<div class=\"wpb-content-wrapper\"><p>[vc_row][vc_column][vc_column_text]<\/p>\n<h1>Aktuelles<\/h1>\n<p>[\/vc_column_text]        <div class=\"news events\">\n                          <div class=\"filters\">\n                  <a class=\"filter button\" data-category=\"news\">Aktuelles<\/a>\n                                    <a class=\"filter button\" data-category=\"events\">Termine<\/a>\n                                            <a class=\"filter button\" data-category=\"groups\">Gruppeninfos<\/a>\n                                        <\/div>\n                        <div class=\"teasers\">\n                  <a class=\"teaser dark\" href=\"https:\/\/stiftung-st-zeno.fp-server.com\/site-glockenturm\/termine\/faschingswoche\/\" data-categories=\"events\">\n                <h3>Faschingswoche<\/h3>\n                      <div class=\"subline\">Termin<\/div>\n                          <hr \/>\n                          <div class=\"button\">Weiterlesen<\/div>\n                  <\/a>\n          <a class=\"teaser dark\" href=\"https:\/\/stiftung-st-zeno.fp-server.com\/site-glockenturm\/termine\/tag-der-offenen-tuer\/\" data-categories=\"events\">\n                <h3>Tag der offenen T\u00fcr<\/h3>\n                      <div class=\"subline\">Termin<\/div>\n                          <hr \/>\n                          <div class=\"button\">Weiterlesen<\/div>\n                  <\/a>\n          <a class=\"teaser dark\" href=\"https:\/\/stiftung-st-zeno.fp-server.com\/site-glockenturm\/termine\/vaeter-osternestbasteln\/\" data-categories=\"events\">\n                <h3>V\u00e4ter-Osternestbasteln<\/h3>\n                      <div class=\"subline\">Termin<\/div>\n                          <hr \/>\n                          <div class=\"button\">Weiterlesen<\/div>\n                  <\/a>\n              <\/div>\n        <\/div>\n      [\/vc_column][\/vc_row][vc_row][vc_column][\/vc_column][\/vc_row][vc_row][vc_column][vc_column_text]<strong>Zur\u00fcck im Kinderhaus Glockenturm <\/strong><\/p>\n<p>Wir w\u00fcnschen allen Familien ein frohes neues Jahr 2023 und blicken freudig auf das kommende Jahr.<\/p>\n<p>Voller Motivation starten wir bald mit Fasching unter dem diesj\u00e4hrigen Motto &#8222;1001 Nacht&#8220;.<\/p>\n<p>Au\u00dferdem laden wir Sie alle herzlich zu unserem &#8222;Tag der offenen T\u00fcr&#8220; am Samstag, den 18. Februar 2023, von 10:00 &#8211; 14:00 Uhr ein.<\/p>\n<p>Weiterhin suchen wir KinderpflegerInnen f\u00fcr unser Team und freuen uns \u00fcber Ihre Bewerbung. Weitere Infos hierzu, finden Sie auf unserer Homepage oder Sie melden sich pers\u00f6nlich bei uns im Kinderhaus.[\/vc_column_text][\/vc_column][\/vc_row]<\/p>\n<\/div>","protected":false},"excerpt":{"rendered":"<p>[vc_row][vc_column][vc_column_text] Aktuelles [\/vc_column_text][\/vc_column][\/vc_row][vc_row][vc_column][\/vc_column][\/vc_row][vc_row][vc_column][vc_column_text]Zur\u00fcck im Kinderhaus Glockenturm Wir w\u00fcnschen allen Familien ein frohes neues Jahr 2023 und blicken freudig auf das kommende Jahr. Voller Motivation starten wir bald mit Fasching unter dem diesj\u00e4hrigen Motto &#8222;1001 Nacht&#8220;. Au\u00dferdem laden wir Sie alle herzlich zu unserem &#8222;Tag der offenen T\u00fcr&#8220; am Samstag, den 18. Februar 2023, von 10:00 [&hellip;]<\/p>\n","protected":false},"author":1,"featured_media":0,"parent":0,"menu_order":0,"comment_status":"closed","ping_status":"closed","template":"","meta":{"_acf_changed":false,"footnotes":""},"acf":[],"_links":{"self":[{"href":"https:\/\/stiftung-st-zeno.fp-server.com\/site-glockenturm\/wp-json\/wp\/v2\/pages\/188"}],"collection":[{"href":"https:\/\/stiftung-st-zeno.fp-server.com\/site-glockenturm\/wp-json\/wp\/v2\/pages"}],"about":[{"href":"https:\/\/stiftung-st-zeno.fp-server.com\/site-glockenturm\/wp-json\/wp\/v2\/types\/page"}],"author":[{"embeddable":true,"href":"https:\/\/stiftung-st-zeno.fp-server.com\/site-glockenturm\/wp-json\/wp\/v2\/users\/1"}],"replies":[{"embeddable":true,"href":"https:\/\/stiftung-st-zeno.fp-server.com\/site-glockenturm\/wp-json\/wp\/v2\/comments?post=188"}],"version-history":[{"count":15,"href":"https:\/\/stiftung-st-zeno.fp-server.com\/site-glockenturm\/wp-json\/wp\/v2\/pages\/188\/revisions"}],"predecessor-version":[{"id":574,"href":"https:\/\/stiftung-st-zeno.fp-server.com\/site-glockenturm\/wp-json\/wp\/v2\/pages\/188\/revisions\/574"}],"wp:attachment":[{"href":"https:\/\/stiftung-st-zeno.fp-server.com\/site-glockenturm\/wp-json\/wp\/v2\/media?parent=188"}],"curies":[{"name":"wp","href":"https:\/\/api.w.org\/{rel}","templated":true}]}}