{"id":266,"date":"2019-08-18T05:05:38","date_gmt":"2019-08-18T03:05:38","guid":{"rendered":"https:\/\/glockenturm.stzeno.de\/?page_id=266"},"modified":"2023-02-14T07:46:20","modified_gmt":"2023-02-14T06:46:20","slug":"team","status":"publish","type":"page","link":"https:\/\/stiftung-st-zeno.fp-server.com\/site-glockenturm\/team\/","title":{"rendered":"Team"},"content":{"rendered":"<div class=\"wpb-content-wrapper\"><p>[vc_row][vc_column][vc_column_text]<\/p>\n<h1 style=\"text-align: center;\">Team des Kinderhauses Glockenturm<\/h1>\n<p style=\"text-align: left;\">Unser Personal im Kinderhaus Glockenturm setzt sich aus p\u00e4dagogischen Fachkr\u00e4ften, p\u00e4dagogischen Erg\u00e4nzungskr\u00e4ften sowie Hilfskr\u00e4ften zusammen. In Zusammenarbeit mit den Fachakademien, den Fachoberschulen und weiteren sozialp\u00e4dagogischen Ausbildungsst\u00e4tten bem\u00fchen wir uns, in Form von Bereitstellung von qualifizierten Praktikumsstellen, unseren Beitrag zur praktischen Ausbildung der zuk\u00fcnftigen KinderpflegerInnen und ErzieherInnen zu leisten. Um den Praktikanten in unserer Einrichtung eine bestm\u00f6gliche Ausbildung und Unterst\u00fctzung zu bieten, hat eine Erzieherin die Weiterbildung zur qualifizieren Praxisanleitung absolviert. Durch regelm\u00e4\u00dfige Fortbildungen, Klausurtage und teambildende Ma\u00dfnahmen, werden vorhandene Potentiale st\u00e4ndig erweitert.<\/p>\n<h3 style=\"text-align: center;\"><span style=\"color: #ff0000;\">Wir suchen Dich!!!<\/span><\/h3>\n<h3 style=\"text-align: center;\">Als KinderpflegerIn (m\/w\/d) oder als ErzieherIn\u00a0 (m\/w\/d) des Kinderhauses Glockenturm zum n\u00e4chstm\u00f6glichen Zeitpunkt in Vollzeit\u00a0 und nach Verg\u00fctung des AVR Caritas<\/h3>\n<p>Modern und attraktiv pr\u00e4sentiert sich unser Kinderhaus Glockenturm mit gro\u00dfz\u00fcgigem Au\u00dfengel\u00e4nde in mitten der Natur und in der n\u00e4heren Umgebung zur Gemeinde Kirchseeon. Auf dem Gel\u00e4nde des Berufsbildungswerkes Kirchseeon und unter der Tr\u00e4gerschaft der Stiftung St. Zeno Kirchseeon findest Du einen innovativen, vielseitigen und von Wertsch\u00e4tzung gepr\u00e4gten Arbeitsplatz. Die 50 Kinder im Alter von 1 \u2013 6 Jahren werden liebevoll und ganzheitlich in Ihrer individuellen Entwicklung begleitet und gef\u00f6rdert.<\/p>\n<p>Werde auch Du Teil eines harmonischen, aufgeschlossenen Teams und gestalte das Kinderhaus Glockenturm mit Deiner Kreativit\u00e4t und Deinem pers\u00f6nlichen Engagement mit.<\/p>\n<p>Haben wir Dein Interesse geweckt, dann erfahre mehr bei einem pers\u00f6nlichen Kennenlernen.<\/p>\n<p><strong>Wir freuen uns auf Deine aussagekr\u00e4ftige Bewerbung:<\/strong><\/p>\n<p>Stiftung St. Zeno \u00b7 Kinderhaus Glockenturm \u00b7 z.H. Magdalena Lettl,<\/p>\n<p>Am Hirtenfeld 11, 85614 Kirchseeon \u00b7 E-Mail: <a href=\"mailto:glockenturm@stzeno.de\">glockenturm@stzeno.de<\/a><\/p>\n<p>&nbsp;<\/p>\n<ul>\n<li>Eine abgeschlossene Ausbildung als KinderpflegerIn (m\/w\/d) oder ErzieherIn (m\/w\/d)<\/li>\n<li>Freude an der p\u00e4dagogischen Arbeit mit Kindern gepr\u00e4gt von einer wertsch\u00e4tzenden Grundhaltung<\/li>\n<li>Engagement, Freude und Begeisterung bei der Zusammenarbeit mit Kindern und Eltern<\/li>\n<li>Offene und motivierte Mitarbeit in unserem engagiertem Team<\/li>\n<li>Umsetzung eigener Ideen in unserem p\u00e4dagogischen Alltag<\/li>\n<\/ul>\n<h3 style=\"text-align: center;\"><\/h3>\n<h3 style=\"text-align: center;\"><\/h3>\n<p>[\/vc_column_text][\/vc_column][\/vc_row][vc_row][vc_column][vc_column_text]<\/p>\n<h2 style=\"text-align: center;\">Krippenteam &#8211; Vogelnestgruppe<\/h2>\n<h3 style=\"text-align: center;\">Katharina Blumenstock (Gruppenleitung\/Erzieherin)<\/h3>\n<h3 style=\"text-align: center;\">Renate Selnar (Kinderpflegerin)<\/h3>\n<h3 style=\"text-align: center;\">Petra Schwob (Kinderpflegerin)<\/h3>\n<p>&nbsp;<\/p>\n<h3 style=\"text-align: center;\"><\/h3>\n<p>[\/vc_column_text][vc_column_text]<\/p>\n<h2 style=\"text-align: center;\">Krippenteam &#8211; Eichh\u00f6rnchen<\/h2>\n<h3 style=\"text-align: center;\">Magdalena Lettl (Einrichtungsleitung\/Gruppenleitung\/Erzieherin)<\/h3>\n<h3 style=\"text-align: center;\">Anna Huber (Erzieherin im Anerkennungsjahr)<\/h3>\n<h3 style=\"text-align: center;\">Daniela Schulze (p\u00e4dagogische Hilfskraft)<\/h3>\n<h3 style=\"text-align: center;\">Bettina Hafenmair (p\u00e4dagogische Hilfskraft)<\/h3>\n<p>&nbsp;<\/p>\n<p>[\/vc_column_text][vc_column_text]<\/p>\n<h2 style=\"text-align: center;\">Kindergartenteam &#8211; Fuchsbau<\/h2>\n<h3 style=\"text-align: center;\">Sarah Bachschneider (Gruppenleitung\/Erzieherin)<\/h3>\n<h3 style=\"text-align: center;\">Christina G\u00f6ttinger (stellvertretende Leitung\/Erzieherin)<\/h3>\n<h3 style=\"text-align: center;\">Tanja Weigel (Kinderpflegerin)<\/h3>\n<h3 style=\"text-align: center;\">Qian Yang (Ausbildung zur Kinderpflegerin)<\/h3>\n<h3 style=\"text-align: center;\">Andelina Zefaj (p\u00e4dagogische Hilfskraft)<\/h3>\n<h3 style=\"text-align: center;\"><\/h3>\n<p>&nbsp;<\/p>\n<p>[\/vc_column_text][\/vc_column][\/vc_row]<\/p>\n<\/div>","protected":false},"excerpt":{"rendered":"<p>[vc_row][vc_column][vc_column_text] Team des Kinderhauses Glockenturm Unser Personal im Kinderhaus Glockenturm setzt sich aus p\u00e4dagogischen Fachkr\u00e4ften, p\u00e4dagogischen Erg\u00e4nzungskr\u00e4ften sowie Hilfskr\u00e4ften zusammen. In Zusammenarbeit mit den Fachakademien, den Fachoberschulen und weiteren sozialp\u00e4dagogischen Ausbildungsst\u00e4tten bem\u00fchen wir uns, in Form von Bereitstellung von qualifizierten Praktikumsstellen, unseren Beitrag zur praktischen Ausbildung der zuk\u00fcnftigen KinderpflegerInnen und ErzieherInnen zu leisten. Um den [&hellip;]<\/p>\n","protected":false},"author":1,"featured_media":0,"parent":0,"menu_order":0,"comment_status":"closed","ping_status":"closed","template":"","meta":{"_acf_changed":false,"footnotes":""},"acf":[],"_links":{"self":[{"href":"https:\/\/stiftung-st-zeno.fp-server.com\/site-glockenturm\/wp-json\/wp\/v2\/pages\/266"}],"collection":[{"href":"https:\/\/stiftung-st-zeno.fp-server.com\/site-glockenturm\/wp-json\/wp\/v2\/pages"}],"about":[{"href":"https:\/\/stiftung-st-zeno.fp-server.com\/site-glockenturm\/wp-json\/wp\/v2\/types\/page"}],"author":[{"embeddable":true,"href":"https:\/\/stiftung-st-zeno.fp-server.com\/site-glockenturm\/wp-json\/wp\/v2\/users\/1"}],"replies":[{"embeddable":true,"href":"https:\/\/stiftung-st-zeno.fp-server.com\/site-glockenturm\/wp-json\/wp\/v2\/comments?post=266"}],"version-history":[{"count":38,"href":"https:\/\/stiftung-st-zeno.fp-server.com\/site-glockenturm\/wp-json\/wp\/v2\/pages\/266\/revisions"}],"predecessor-version":[{"id":589,"href":"https:\/\/stiftung-st-zeno.fp-server.com\/site-glockenturm\/wp-json\/wp\/v2\/pages\/266\/revisions\/589"}],"wp:attachment":[{"href":"https:\/\/stiftung-st-zeno.fp-server.com\/site-glockenturm\/wp-json\/wp\/v2\/media?parent=266"}],"curies":[{"name":"wp","href":"https:\/\/api.w.org\/{rel}","templated":true}]}}