{"id":4,"date":"2019-08-01T22:22:33","date_gmt":"2019-08-01T20:22:33","guid":{"rendered":"https:\/\/glockenturm.stzeno.de\/?page_id=4"},"modified":"2023-02-22T12:02:04","modified_gmt":"2023-02-22T11:02:04","slug":"startseite","status":"publish","type":"page","link":"https:\/\/stiftung-st-zeno.fp-server.com\/site-glockenturm\/","title":{"rendered":"Startseite"},"content":{"rendered":"<div class=\"wpb-content-wrapper\"><p>[vc_row][vc_column][vc_row_inner][vc_column_inner][vc_column_text]Unser Kinderhaus ist eine Kindertageseinrichtung in kirchlicher Tr\u00e4gerschaft in der alle Kinder eines jeden Herkunftslandes, jeder Kultur und Religion herzlich willkommen sind. Kinder, welche unsere Einrichtung besuchen, stammen aus Kirchseeon und Eglharting. Insofern wir noch freie Pl\u00e4tze zur Verf\u00fcgung haben und keine Familien aus der Gemeinde Bedarf haben, k\u00f6nnen wir Kinder au\u00dferhalb des Einzugsgebietes (sog. Gastantrag) aufnehmen. Dies geschieht stehts in R\u00fccksprache mit dem Rathaus der Marktgemeinde Kirchseeon. Das Kinderhaus liegt am Ortsrand von Kirchseeon, im Landkreis Ebersberg, auf dem Gel\u00e4nde des Berufsbildungswerkes. Die Sportpl\u00e4tze auf dem Gel\u00e4nde des BBW\u00b4s sowie die Turnhalle und der angrenzende Wald, bieten zus\u00e4tzlich zu unserem Garten ideale Voraussetzungen an der frischen Luft die Umwelt zu erkunden und vielf\u00e4ltige Bewegungserfahrungen zu sammeln.[\/vc_column_text][vc_column_text][\/vc_column_text][vc_column_text]<\/p>\n<h2><\/h2>\n<h2>Schauen Sie hier nach unseren aktuellen Stellenangeboten:<\/h2>\n<p><a href=\"https:\/\/stzeno.de\/karriere\/\">Stiftung St. Zeno in Kirchseeon &#8211; Werden Sie Teil des Teams (stzeno.de)<\/a>[\/vc_column_text][\/vc_column_inner][\/vc_row_inner][\/vc_column][\/vc_row][vc_row][vc_column][vc_row_inner][vc_column_inner width=&#8220;1\/2&#8243;][vc_column_text]<\/p>\n<h2>Aktuelles aus unserem Kinderhaus<\/h2>\n<p>[\/vc_column_text][vc_column_text]<\/p>\n<h3>Tag der offenen T\u00fcr<\/h3>\n<p>Liebe Familien,<\/p>\n<p>wir laden Sie herzlich zu unserem j\u00e4hrlichen <span style=\"color: #ff99cc;\"><strong>&#8222;Tag der offenen T\u00fcr&#8220; am Samstag, den 18. Februar 2023<\/strong><\/span> ein. Dieser findet <span style=\"color: #ff99cc;\"><strong>von 10:00 &#8211; 14:00 Uhr<\/strong> <\/span>in den R\u00e4umlichkeiten des Provisoriums auf dem Gel\u00e4nde des BBW\u00b4s statt.<\/p>\n<p>Wir m\u00f6chten Ihnen hier die M\u00f6glichkeit geben, unser Kinderhaus, die Konzeption und das Personal kennenzulernen und Ihnen alle Fragen beantworten.<\/p>\n<p>Gerne k\u00f6nnen Sie an diesem Tag bereits eine Anmeldung f\u00fcr Ihr\/e Kind\/er ausf\u00fcllen.<\/p>\n<p>Wir freuen darauf, zahlreiche Besucher und viele neue Gesichter empfangen zu d\u00fcrfen und stehen schon jetzt jederzeit f\u00fcr Ihre Anliegen zur Verf\u00fcgung.[\/vc_column_text][vc_single_image][\/vc_column_inner][vc_column_inner width=&#8220;1\/2&#8243;]        <div class=\"custom-eyecatcher-wrapper\">\n                <a class=\"custom-eyecatcher\">\n                      <div class=\"headline\">Sie haben Fragen?<\/div>\n                          <div class=\"text\">Melden Sie sich gerne bei uns!<\/div>\n                  <\/a>\n            <\/div>\n      [\/vc_column_inner][\/vc_row_inner][vc_btn title=&#8220;Unsere Konzeption zum downloaden:&#8220; link=&#8220;url:https%3A%2F%2Fstiftung-st-zeno.fp-server.com%2Fwp-content%2Fuploads%2Fsites%2F6%2F2020%2F03%2Fkinderhauskonzeption-1.pdf||target:%20_blank|&#8220;]        <div class=\"teasers\">\n                  <\/div>\n      [\/vc_column][\/vc_row][vc_row el_id=&#8220;einblick&#8220;][vc_column][vc_row_inner][vc_column_inner][vc_column_text]<\/p>\n<h1>Einblick in unsere Gruppen<\/h1>\n<p>[\/vc_column_text][\/vc_column_inner][\/vc_row_inner]        <div class=\"teasers\">\n                <a class=\"teaser dark\" href=\"https:\/\/stiftung-st-zeno.fp-server.com\/site-glockenturm\/overlay\/einblick-in-unsere-gruppen\/\" data-group=\"81547\">\n                <h3>Vogelnest<\/h3>\n                      <hr \/>\n                          <p>Herzlich Willkommen in der Vogelnestgruppe. <\/p>\n                          <div class=\"button\">Weiterlesen<\/div>\n                  <\/a>\n          <a class=\"teaser light\" href=\"https:\/\/stiftung-st-zeno.fp-server.com\/site-glockenturm\/overlay\/eichhoernchennest\/\" data-group=\"81547\">\n                <h3>Eichh\u00f6rnchennest<\/h3>\n                      <hr \/>\n                          <p>Herzlich Willkommen bei den Eichh\u00f6rnchen.<\/p>\n                          <div class=\"button\">Weiterlesen<\/div>\n                  <\/a>\n          <a class=\"teaser dark\" href=\"https:\/\/stiftung-st-zeno.fp-server.com\/site-glockenturm\/overlay\/fuchsbau\/\" data-group=\"81547\">\n                <h3>Fuchsbau<\/h3>\n                      <hr \/>\n                          <p>Herzlich Willkommen in unserem Fuchsbau<\/p>\n                          <div class=\"button\">Weiterlesen<\/div>\n                  <\/a>\n            <\/div>\n      [\/vc_column][\/vc_row][vc_row][vc_column][vc_column_text]<\/p>\n<h2>Unser Kinderhaus ist eine Einrichtung der Stiftung St. Zeno, ein Verbund der freien Wohlfahrtspflege und des Fachverbandes im Caritasverbund.<\/h2>\n<h3>Die Stiftung ist ein kirchlicher Tr\u00e4ger und damit dem christlichen Menschenbild &#8211; mit Unteilbarkeit der Person &#8211; verpflichtet. Ein respektvoller und wertsch\u00e4tzender Umgang ist die Grundlage f\u00fcr unsere Lebens-, Arbeits- und Dienstgemeinschaften. Der zentrale Auftrag ist es die Bef\u00e4higung der uns anvertrauten Menschen zur \u00dcbernahme von Verantwortung f\u00fcr das eigene Leben und die Gemeinschaft. Die eigene Wirtschaftlichkeit ist ein wesentliches Kriterium f\u00fcr die \u00dcberlebensf\u00e4higkeit jeder Einrichtung, stellt aber keinen Selbstzweck dar. Die Wahrnehmung unserer Aufgabe erfolgt unter bewusstem Einsatz aller Ressourcen.<\/h3>\n<p>[\/vc_column_text][vc_row_inner][vc_column_inner][vc_column_text]Die Stiftung St. Zeno Kirchseeon ist eine \u00f6ffentliche Stiftung des b\u00fcrgerlichen Rechts, die in Tr\u00e4gerschaft von Einrichtungen der station\u00e4ren Jugendhilfe, eines Berufsbildungswerkes, zwei staatlich anerkannte, private F\u00f6rderschulen, eines Altenheimes, einer Therapeutischen Wohngruppe, sowie eines weiteren Kinderhauses steht. Im Jahr 2015 hat sich die Stiftung St. Zeno um die Betriebstr\u00e4gerschaft f\u00fcr die neue Kinderkrippe in Kirchseeon beworben und mit der Kernsanierung eines bestehenden Hauses begonnen. Bis zur Fertigstellung der zweigruppigen Kinderkrippe im Jahr 2016 wurde eine Krippengruppe in einem Provisorium er\u00f6ffnet. Den Betrieb nahm die Kinderkrippe im Februar 2016 auf. September 2016 war die neue Einrichtung bezugsfertig und wird seitdem genutzt. Seit September 2018 gibt es eine Kindergartengruppe, die ebenfalls vorzeitig in provisorischen R\u00e4umen untergebracht wurde und Platz f\u00fcr 25 Kinder bietet.[\/vc_column_text][\/vc_column_inner][\/vc_row_inner][\/vc_column][\/vc_row][vc_row][vc_column][vc_column_text]<\/p>\n<h2><span data-sheets-value=\"{&quot;1&quot;:2,&quot;2&quot;:&quot;Kooperation und Vernetzung&quot;}\" data-sheets-userformat=\"{&quot;2&quot;:4737,&quot;3&quot;:{&quot;1&quot;:0},&quot;10&quot;:2,&quot;12&quot;:0,&quot;15&quot;:&quot;arial,sans,sans-serif&quot;}\">Kooperation und Vernetzung<\/span><\/h2>\n<h3><\/h3>\n<p>[\/vc_column_text][vc_row_inner][vc_column_inner][vc_column_text]Vernetzung ist die Erschlie\u00dfung, Heranziehung und Verkn\u00fcpfung von Leistungen und Diensten, sowie die informelle Unterst\u00fctzung und Selbsthilfe. Eltern in schwierigen Familiensituationen, f\u00e4llt es oft schwer, sich an Erziehungs- oder Familienberatungsstellen zu wenden. In der Einrichtung arbeiten die Erzieher\/innen mit Beratungsstellen zusammen und entwickeln mit ihnen entsprechende Konzepte, um die sogenannte &#8222;Schwellenangst&#8220; abzubauen. Bei Kindern mit einem besonderen F\u00f6rderungsbedarf arbeiten wir mit Fr\u00fchf\u00f6rderstellen, heilp\u00e4dagogischen Einrichtungen und Kinder\u00e4rzten zusammen. Dar\u00fcber hinaus kn\u00fcpfen wir Kontakte zur fachlichen Unterst\u00fctzung bei der Planung und Durchf\u00fchrung unserer themenbezogenen Bildungs- und Erziehungsprojekten. Zur Gestaltung der \u00dcbergangssituation sowohl von der Kinderkrippe in den Kindergarten, als auch vom Kindergarten in die Schule arbeiten wir eng mit den anderen Einrichtungen (Kindertagesst\u00e4tten und Grundschule) des Ortes zusammen.[\/vc_column_text][\/vc_column_inner][\/vc_row_inner][\/vc_column][\/vc_row]<\/p>\n<\/div>","protected":false},"excerpt":{"rendered":"<p>[vc_row][vc_column][vc_row_inner][vc_column_inner][vc_column_text]Unser Kinderhaus ist eine Kindertageseinrichtung in kirchlicher Tr\u00e4gerschaft in der alle Kinder eines jeden Herkunftslandes, jeder Kultur und Religion herzlich willkommen sind. Kinder, welche unsere Einrichtung besuchen, stammen aus Kirchseeon und Eglharting. Insofern wir noch freie Pl\u00e4tze zur Verf\u00fcgung haben und keine Familien aus der Gemeinde Bedarf haben, k\u00f6nnen wir Kinder au\u00dferhalb des Einzugsgebietes (sog. [&hellip;]<\/p>\n","protected":false},"author":1,"featured_media":0,"parent":0,"menu_order":0,"comment_status":"closed","ping_status":"closed","template":"","meta":{"_acf_changed":false,"footnotes":""},"acf":[],"_links":{"self":[{"href":"https:\/\/stiftung-st-zeno.fp-server.com\/site-glockenturm\/wp-json\/wp\/v2\/pages\/4"}],"collection":[{"href":"https:\/\/stiftung-st-zeno.fp-server.com\/site-glockenturm\/wp-json\/wp\/v2\/pages"}],"about":[{"href":"https:\/\/stiftung-st-zeno.fp-server.com\/site-glockenturm\/wp-json\/wp\/v2\/types\/page"}],"author":[{"embeddable":true,"href":"https:\/\/stiftung-st-zeno.fp-server.com\/site-glockenturm\/wp-json\/wp\/v2\/users\/1"}],"replies":[{"embeddable":true,"href":"https:\/\/stiftung-st-zeno.fp-server.com\/site-glockenturm\/wp-json\/wp\/v2\/comments?post=4"}],"version-history":[{"count":128,"href":"https:\/\/stiftung-st-zeno.fp-server.com\/site-glockenturm\/wp-json\/wp\/v2\/pages\/4\/revisions"}],"predecessor-version":[{"id":595,"href":"https:\/\/stiftung-st-zeno.fp-server.com\/site-glockenturm\/wp-json\/wp\/v2\/pages\/4\/revisions\/595"}],"wp:attachment":[{"href":"https:\/\/stiftung-st-zeno.fp-server.com\/site-glockenturm\/wp-json\/wp\/v2\/media?parent=4"}],"curies":[{"name":"wp","href":"https:\/\/api.w.org\/{rel}","templated":true}]}}