{"id":330,"date":"2020-08-31T09:42:38","date_gmt":"2020-08-31T07:42:38","guid":{"rendered":"https:\/\/johannesheim-holzolling.de\/?page_id=330"},"modified":"2022-04-25T08:21:46","modified_gmt":"2022-04-25T06:21:46","slug":"karriere","status":"publish","type":"page","link":"https:\/\/stiftung-st-zeno.fp-server.com\/site-johannesheim-holzolling\/karriere\/","title":{"rendered":"Karriere"},"content":{"rendered":"<div class=\"wpb-content-wrapper\"><p>[vc_row][vc_column][vc_column_text css_animation=&#8220;none&#8220;]<\/p>\n<h1 style=\"padding-left: 40px;\">Wir stellen ein:<\/h1>\n<h2 style=\"padding-left: 40px;\"><strong>Psychologen (m\/w\/d) in Vollzeit\/Teilzeit<\/strong><\/h2>\n<p style=\"padding-left: 40px;\"><strong>\u00a0<\/strong><\/p>\n<p style=\"padding-left: 40px;\"><strong>Ihre Aufgaben:<\/strong><\/p>\n<ul>\n<li>In therapeutischer Kleingruppen- und Einzelarbeit erarbeiten Sie mit den Kindern und Jugendlichen alternative Handlungskonzepte,<\/li>\n<li>Sie stehen den Kindern und Jugendlichen in akuten Krisen als Ansprechpartner und Unterst\u00fctzung zur Verf\u00fcgung,<\/li>\n<li>Sie bearbeiten mit den Kindern und Jugendlichen belastende und traumatisierende Erfahrungen aus der Vergangenheit,<\/li>\n<li>Sie leiten regelm\u00e4\u00dfig ein Sozialtraining, das in Kleingruppen durchgef\u00fchrt wird,<\/li>\n<li>Sie beraten die Teams der Wohngruppen und die Erziehungs-\/Heimleitung,<\/li>\n<li>Im Bedarfsfall k\u00f6nnen Sie psychologische Testverfahren einsetzen.<\/li>\n<li>Mit Professionalit\u00e4t, hohem Einsatz, Esprit und Teamgeist beweisen wir, dass unsere Arbeit sinnvoll und erfolgreich ist<\/li>\n<\/ul>\n<p style=\"padding-left: 40px; text-align: left;\"><strong>Ihre fachlichen und pers\u00f6nlichen Qualifikationen:<\/strong><strong>\u00a0<\/strong><\/p>\n<ul>\n<li>Sie sind eine motivierende und wertsch\u00e4tzende Pers\u00f6nlichkeit,<\/li>\n<li style=\"list-style-type: none;\">\n<ul>\n<li style=\"text-align: left;\">Sie haben ein Studium der Psychologie erfolgreich abgeschlossen und verf\u00fcgen idealerweise \u00fcber Berufserfahrung.<\/li>\n<li style=\"text-align: left;\">Sie sind engagiert, teamf\u00e4hig und belastbar.<\/li>\n<li style=\"text-align: left;\">Sie reagieren auch in Stress- und Konfliktsituationen flexibel und angemessen.<\/li>\n<li style=\"text-align: left;\">Sie wollen Kindern und Jugendlichen helfen, ihre pers\u00f6nlichen F\u00e4higkeiten und Ressourcen zu erkennen und zu entwickeln.<\/li>\n<li style=\"text-align: left;\">Sie nehmen die Herausforderung an, mit Kindern und Jugendlichen zu arbeiten, die Ihre fachlichen und pers\u00f6nlichen Qualifikationen voll in Anspruch nehmen.<\/li>\n<li style=\"text-align: left;\">Humor und eine optimistische Lebenseinstellung sind hilfreich.<\/li>\n<\/ul>\n<\/li>\n<\/ul>\n<p style=\"padding-left: 40px;\"><strong>Wir bieten Ihnen:<\/strong><\/p>\n<ul>\n<li style=\"list-style-type: none;\">\n<ul>\n<li>eine tarifliche Verg\u00fctung nach AVR (Caritas) mit zus\u00e4tzlicher Altersversorgung, gute Sozialleistungen und einen ideellen Gewinn, den nur wenige Berufsfelder bieten<\/li>\n<li>die Mitarbeit in einem kollegialen, engagierten und interdisziplin\u00e4ren Team<\/li>\n<li>eine professionelle Einarbeitung, kollegiale Praxisberatung und Supervision<\/li>\n<li>interne und externe Fortbildungsm\u00f6glichkeiten, regelm\u00e4\u00dfige Inhouse-\u00a0 Schulung in PART (Professional Assault Response Training) durch zertifizierte Trainer, regelm\u00e4\u00dfige Betriebsfeiern<\/li>\n<\/ul>\n<\/li>\n<\/ul>\n<p style=\"text-align: left;\"><strong>Haben Sie Interesse?<\/strong><\/p>\n<p style=\"text-align: left;\">Dann freuen wir uns auf Ihre Bewerbung an:<\/p>\n<p style=\"text-align: left;\">Stiftung St. Zeno<\/p>\n<p style=\"text-align: left;\">Johannesheim Holzolling<\/p>\n<p style=\"text-align: left;\">Herrn Stock<\/p>\n<p style=\"text-align: left;\">Westerhamer Stra\u00dfe 31<\/p>\n<p style=\"text-align: left;\">83629 Weyarn<\/p>\n<p style=\"text-align: left;\">Oder via E-Mail an: <a href=\"mailto:udo.stock@johannesheim.stiftung-st-zeno.de\">udo.stock@johannesheim.stiftung-st-zeno.de<\/a><\/p>\n<p>Gerne beantwortet Herr Stock Ihre Fragen unter 08063\/8046-0<\/p>\n<p><a href=\"http:\/\/www.johannesheim.stiftung-st-zeno.de\">www.johannesheim.stiftung-st-zeno.de<\/a><\/p>\n<p>[\/vc_column_text][\/vc_column][\/vc_row][vc_row][vc_column][vc_column_text css_animation=&#8220;none&#8220;]<\/p>\n<h1 style=\"padding-left: 40px;\">Wir stellen ein:<\/h1>\n<h2 style=\"padding-left: 40px;\">Sozialp\u00e4dagogen \/ Sozialarbeiter \/ Erzieher (w\/m\/d):<\/h2>\n<p style=\"padding-left: 40px;\">Ihre Aufgabe<\/p>\n<p style=\"padding-left: 40px;\">Sie haben die interessante Aufgabe, die Kinder, Jugendlichen und jungen Erwachsenen in allen Lebensbereichen zu begleiten und zu f\u00f6rdern.<\/p>\n<p style=\"padding-left: 40px;\">Sie helfen den Kindern und Jugendlichen bei der Entfaltung ihrer individuellen F\u00e4higkeiten und Ressourcen.<\/p>\n<p style=\"padding-left: 40px;\">Sie gew\u00e4hrleisten eine regelm\u00e4\u00dfige Tagesstruktur, vermitteln Regeln und Werthaltungen und geben Lernhilfen.<\/p>\n<p style=\"padding-left: 40px;\">Dar\u00fcber hinaus sorgen sie mit pers\u00f6nlichen Interessen und Hobbys f\u00fcr eine kreative Freizeitgestaltung und erlebnisp\u00e4dagogische Angebote.<\/p>\n<p style=\"padding-left: 40px;\">Die Zusammenarbeit mit unserem psychologisch-therapeutischen Fachdienst, den gesetzlichen Betreuern, Dolmetschern sowie Jugend\u00e4mtern und Schulen\/Ausbildungseinrichtungen rundet ihre Aufgabe ab.<\/p>\n<p style=\"padding-left: 40px;\">Mit Professionalit\u00e4t, hohem Einsatz, Esprit und Teamgeist beweisen wir, dass unsere Arbeit sinnvoll und erfolgreich ist.<\/p>\n<h2 style=\"padding-left: 40px;\">Ihre fachlichen und pers\u00f6nlichen Qualifikationen:<\/h2>\n<p style=\"padding-left: 40px;\">Sie bringen eine abgeschlossene Ausbildung als Erzieher (m\/w) oder ein abgeschlossenes Studium als Sozialp\u00e4dagoge\/Sozialarbeiter (m\/w) mit und verf\u00fcgen als Gruppenleitung bereits \u00fcber Berufserfahrung und haben idealerweise eine therapeutische Zusatzausbildung absolviert.<\/p>\n<p style=\"padding-left: 40px;\">Sie sind teamf\u00e4hig, engagiert und belastbar.<\/p>\n<p style=\"padding-left: 40px;\">Sie reagieren auch in Stress- und Konfliktsituationen flexibel und ad\u00e4quat.<\/p>\n<p style=\"padding-left: 40px;\">Sie wollen Kindern und Jugendlichen helfen, ihre pers\u00f6nlichen F\u00e4higkeiten und Ressourcen zu erkennen und zu entwickeln.<\/p>\n<p style=\"padding-left: 40px;\">Sie nehmen die Herausforderung an, mit Kindern und Jugendlichen zu arbeiten, die Ihre fachlichen und pers\u00f6nlichen Qualifikationen voll in Anspruch nehmen.<\/p>\n<p style=\"padding-left: 40px;\">Sie k\u00f6nnen sich vorstellen, in Oberbayern zu leben und zu arbeiten.<\/p>\n<p style=\"padding-left: 40px;\">Humor und eine optimistische Lebenseinstellung sind hilfreich.<\/p>\n<h2 style=\"padding-left: 40px;\">Wir bieten Ihnen:<\/h2>\n<p style=\"padding-left: 40px;\">eine tarifliche Verg\u00fctung nach AVR (Caritas), gute Sozialleistungen und einen ideellen Gewinn, den nur wenige Berufsfelder bieten<\/p>\n<p style=\"padding-left: 40px;\">die Mitarbeit in einem kollegialen, engagierten und interdisziplin\u00e4ren Team<\/p>\n<p style=\"padding-left: 40px;\">eine professionelle Einarbeitung, kollegiale Praxisberatung und Supervisio<\/p>\n<p style=\"padding-left: 40px;\">interne und externe Fortbildungsm\u00f6glichkeiten, regelm\u00e4\u00dfige Inhouseschulung in PART (Professional Assault Response Training) durch zertifizierte Trainer<\/p>\n<p style=\"padding-left: 40px;\">regelm\u00e4\u00dfige Betriebsfeiern<\/p>\n<p style=\"padding-left: 40px;\">Haben Sie Interesse?<\/p>\n<p style=\"padding-left: 40px;\"><strong>Dann freuen wir uns auf Ihre Bewerbung an:<br \/>\n<\/strong>via email an:\u00a0<span id=\"cloak46048864d2af1945cb238a63cdb720e2\"><a href=\"mailto:udo.stock@johannesheim.stiftung-st-zeno.de\">udo.stock@johannesheim.stiftung-st-zeno.de \u00a0<\/a><\/span><\/p>\n<p style=\"padding-left: 40px;\">oder<\/p>\n<p style=\"padding-left: 40px;\">Stiftung St. Zeno<br \/>\nJohannesheim Holzolling<br \/>\nHerrn Stock<br \/>\nWesterhamerstr. 31<br \/>\n83629 Weyarn<\/p>\n<p>[\/vc_column_text][\/vc_column][\/vc_row]<\/p>\n<\/div>","protected":false},"excerpt":{"rendered":"<p>[vc_row][vc_column][vc_column_text css_animation=&#8220;none&#8220;] Wir stellen ein: Psychologen (m\/w\/d) in Vollzeit\/Teilzeit \u00a0 Ihre Aufgaben: In therapeutischer Kleingruppen- und Einzelarbeit erarbeiten Sie mit den Kindern und Jugendlichen alternative Handlungskonzepte, Sie stehen den Kindern und Jugendlichen in akuten Krisen als Ansprechpartner und Unterst\u00fctzung zur Verf\u00fcgung, Sie bearbeiten mit den Kindern und Jugendlichen belastende und traumatisierende Erfahrungen aus der Vergangenheit, [&hellip;]<\/p>\n","protected":false},"author":1,"featured_media":0,"parent":0,"menu_order":2,"comment_status":"closed","ping_status":"closed","template":"","meta":{"_acf_changed":false,"footnotes":""},"acf":[],"_links":{"self":[{"href":"https:\/\/stiftung-st-zeno.fp-server.com\/site-johannesheim-holzolling\/wp-json\/wp\/v2\/pages\/330"}],"collection":[{"href":"https:\/\/stiftung-st-zeno.fp-server.com\/site-johannesheim-holzolling\/wp-json\/wp\/v2\/pages"}],"about":[{"href":"https:\/\/stiftung-st-zeno.fp-server.com\/site-johannesheim-holzolling\/wp-json\/wp\/v2\/types\/page"}],"author":[{"embeddable":true,"href":"https:\/\/stiftung-st-zeno.fp-server.com\/site-johannesheim-holzolling\/wp-json\/wp\/v2\/users\/1"}],"replies":[{"embeddable":true,"href":"https:\/\/stiftung-st-zeno.fp-server.com\/site-johannesheim-holzolling\/wp-json\/wp\/v2\/comments?post=330"}],"version-history":[{"count":17,"href":"https:\/\/stiftung-st-zeno.fp-server.com\/site-johannesheim-holzolling\/wp-json\/wp\/v2\/pages\/330\/revisions"}],"predecessor-version":[{"id":792,"href":"https:\/\/stiftung-st-zeno.fp-server.com\/site-johannesheim-holzolling\/wp-json\/wp\/v2\/pages\/330\/revisions\/792"}],"wp:attachment":[{"href":"https:\/\/stiftung-st-zeno.fp-server.com\/site-johannesheim-holzolling\/wp-json\/wp\/v2\/media?parent=330"}],"curies":[{"name":"wp","href":"https:\/\/api.w.org\/{rel}","templated":true}]}}