{"id":366,"date":"2020-09-08T14:06:24","date_gmt":"2020-09-08T12:06:24","guid":{"rendered":"https:\/\/johannesheim-holzolling.de\/?page_id=366"},"modified":"2021-02-16T16:47:20","modified_gmt":"2021-02-16T15:47:20","slug":"unsere-arbeit","status":"publish","type":"page","link":"https:\/\/stiftung-st-zeno.fp-server.com\/site-johannesheim-holzolling\/unsere-arbeit\/","title":{"rendered":"Unsere Arbeit"},"content":{"rendered":"<div class=\"wpb-content-wrapper\"><p>[vc_row][vc_column][vc_column_text]<\/p>\n<h1>Wir \u00fcber uns<\/h1>\n<h3>Das Johannesheim Holzolling ist eine Jugendhilfeeinrichtung\u00a0 der Stiftung St. Zeno. Der Arbeit in unserem Hause liegen christlich fundierte Wertvorstellungen zugrunde.<\/h3>\n<p>Das Heim besteht als Einrichtung der Jugendhilfe seit 1965. 1989 \u00fcbernahm die Stiftung St.Zeno die Betriebstr\u00e4gerschaft.<br \/>\nDas Johannesheim liegt im Leitzachtal, einer landschaftlich sehr reizvollen Umgebung, im Landkreis Miesbach.<br \/>\nIm Heimgel\u00e4nde befindet sich die private Johann-Nepomuk-Werner-Schule, ein F\u00f6rderzentrum mit den F\u00f6rderschwerpunkten emotionale und soziale Entwicklung (Hauptschulstufe). Au\u00dferdem sind \u00f6ffentliche Schulen leicht erreichbar.<br \/>\nDer Landkreis Miesbach bietet viele Freizeitm\u00f6glichkeiten. Das Heim verf\u00fcgt \u00fcber eine ausreichende Zahl von Kleinbussen, um die\u00a0Freizeitm\u00f6glichkeiten zu erreichen.[\/vc_column_text][vc_row_inner][vc_column_inner css=&#8220;.vc_custom_1613487015772{margin-top: 50px !important;margin-right: 30px !important;margin-bottom: 0px !important;margin-left: 50px !important;padding-top: 30px !important;padding-right: 30px !important;padding-bottom: 30px !important;padding-left: 30px !important;background-color: #f2f2f2 !important;}&#8220;][vc_column_text]<\/p>\n<h2 style=\"text-align: center;\">P\u00e4dagogische und therapeutische Angebote<\/h2>\n<p>[\/vc_column_text][\/vc_column_inner][\/vc_row_inner][vc_row_inner css=&#8220;.vc_custom_1613486975474{margin-top: 30px !important;margin-right: 30px !important;margin-bottom: 30px !important;margin-left: 50px !important;padding-top: 30px !important;padding-right: 30px !important;padding-bottom: 30px !important;padding-left: 30px !important;background-color: #f2f2f2 !important;}&#8220;][vc_column_inner width=&#8220;1\/4&#8243; css=&#8220;.vc_custom_1613486780041{padding-top: 30px !important;padding-right: 30px !important;padding-bottom: 30px !important;padding-left: 30px !important;}&#8220;][vc_single_image image=&#8220;506&#8243; alignment=&#8220;center&#8220;][vc_column_text]<\/p>\n<h3 style=\"text-align: center;\">Elternarbeit<\/h3>\n<p>[\/vc_column_text][vc_btn title=&#8220;Mehr Infos&#8220; style=&#8220;style-button&#8220; align=&#8220;center&#8220; link=&#8220;url:https%3A%2F%2Fjohannesheim-holzolling.de%2Foverlay%2Felternarbeit%2F|title:Elternarbeit||&#8220;][\/vc_column_inner][vc_column_inner width=&#8220;1\/4&#8243; css=&#8220;.vc_custom_1613487061017{padding-top: 30px !important;padding-right: 30px !important;padding-bottom: 30px !important;padding-left: 30px !important;}&#8220;][vc_single_image image=&#8220;531&#8243; alignment=&#8220;center&#8220;][vc_column_text]<\/p>\n<h3 style=\"text-align: center;\">Therapie<\/h3>\n<p>[\/vc_column_text][vc_btn title=&#8220;Mehr Infos&#8220; style=&#8220;style-button&#8220; align=&#8220;center&#8220; link=&#8220;url:https%3A%2F%2Fjohannesheim-holzolling.de%2Foverlay%2Fkinder-und-jugendlichentherapie%2F|title:Kinder-%20und%20Jugendlichentherapie||&#8220;][\/vc_column_inner][vc_column_inner width=&#8220;1\/4&#8243; css=&#8220;.vc_custom_1613487070323{padding-top: 30px !important;padding-right: 30px !important;padding-bottom: 30px !important;padding-left: 30px !important;}&#8220;][vc_single_image image=&#8220;736&#8243; alignment=&#8220;center&#8220;][vc_column_text]<\/p>\n<h3>Erlebnisp\u00e4dagogik<\/h3>\n<p>[\/vc_column_text][vc_btn title=&#8220;Mehr Infos&#8220; style=&#8220;style-button&#8220; align=&#8220;center&#8220; link=&#8220;url:https%3A%2F%2Fjohannesheim-holzolling.de%2Foverlay%2Ferlebnispaedagogik%2F|title:Erlebnisp%C3%A4dagogik||&#8220;][\/vc_column_inner][vc_column_inner width=&#8220;1\/4&#8243; css=&#8220;.vc_custom_1613487086494{padding-top: 30px !important;padding-right: 30px !important;padding-bottom: 30px !important;padding-left: 30px !important;}&#8220;][vc_single_image image=&#8220;500&#8243; alignment=&#8220;center&#8220;][vc_column_text]<\/p>\n<h3 style=\"text-align: center;\">Freizeit<\/h3>\n<p>[\/vc_column_text][vc_btn title=&#8220;Mehr Infos&#8220; style=&#8220;style-button&#8220; align=&#8220;center&#8220; link=&#8220;url:https%3A%2F%2Fjohannesheim-holzolling.de%2Foverlay%2Ffreizeit%2F|title:Freizeit||&#8220;][\/vc_column_inner][\/vc_row_inner][\/vc_column][\/vc_row][vc_row][vc_column]        <div class=\"custom-eyecatcher-wrapper\">\n                <a class=\"custom-eyecatcher\">\n                      <div class=\"headline\">bestimme<\/div>\n                          <div class=\"text\">mit<\/div>\n                  <\/a>\n            <\/div>\n      [\/vc_column][\/vc_row][vc_row][vc_column width=&#8220;1\/2&#8243;][vc_column_text]<\/p>\n<h2>Partizipation:<\/h2>\n<h3>&#8222;Just for us&#8220;<\/h3>\n<p>Jeder Jugendliche ist berechtigt und verpflichtet, das Leben im Johannesheim mitzugestalten. Das &#8222;just for us&#8220;-Konzept regelt viele Aspekte des Zusammenlebens. Es wurde gemeinsam mit den Jugendlichen entwickelt und besteht aus einem fairen Stufen- und Verst\u00e4rkerplan sowie regelm\u00e4\u00dfigen Besprechungen.[\/vc_column_text][vc_btn title=&#8220;Mehr zum Konzept &#8222;just for us&#8222;&#8220; style=&#8220;style-button&#8220; align=&#8220;left&#8220; link=&#8220;url:https%3A%2F%2Fjohannesheim-holzolling.de%2Foverlay%2Fpartizipation%2F|title:Partizipation||&#8220;][\/vc_column][vc_column width=&#8220;1\/2&#8243;][vc_column_text]<\/p>\n<h3>Beschwerdemanagement<\/h3>\n<p>Eine wesentliche Grundlage f\u00fcr das Leben und Arbeiten im Johannesheim und die Erreichung der p\u00e4dagogischen Ziele ist eine Kultur der Offenheit und eine Kommunikation, die auch Raum f\u00fcr Kritik und die \u00c4u\u00dferung von Unzufriedenheit l\u00e4sst. Um diese Kultur der Offenheit und die Rechte der Kinder und Jugendlichen auf Wahrung ihrer Interessen und auf Beteiligung, aber auch auf Schutz zu gew\u00e4hrleisten, wurde u.a. ein Beschwerde Management etabliert. Neben dem Beschwerde Management gew\u00e4hrleistet der interne \u00a78a-Beauftragte das Wohl der Kinder, Jugendlichen und jungen Erwachsenen. Gemeinsam mit den Kindern, Jugendlichen und\u00a0 jungen Erwachsenen wurde ein klar definierter Beschwerdeweg festgelegt.[\/vc_column_text][vc_btn title=&#8220;Mehr zum Beschwerdemanagement&#8220; style=&#8220;style-button&#8220; align=&#8220;center&#8220; link=&#8220;url:https%3A%2F%2Fjohannesheim-holzolling.de%2Foverlay%2Fbeschwerde-moeglichkeiten-der-jugendlichen%2F|title:Beschwerde%20M%C3%B6glichkeiten%20der%20Jugendlichen||&#8220;][\/vc_column][\/vc_row]<\/p>\n<\/div>","protected":false},"excerpt":{"rendered":"<p>[vc_row][vc_column][vc_column_text] Wir \u00fcber uns Das Johannesheim Holzolling ist eine Jugendhilfeeinrichtung\u00a0 der Stiftung St. Zeno. Der Arbeit in unserem Hause liegen christlich fundierte Wertvorstellungen zugrunde. Das Heim besteht als Einrichtung der Jugendhilfe seit 1965. 1989 \u00fcbernahm die Stiftung St.Zeno die Betriebstr\u00e4gerschaft. Das Johannesheim liegt im Leitzachtal, einer landschaftlich sehr reizvollen Umgebung, im Landkreis Miesbach. Im Heimgel\u00e4nde [&hellip;]<\/p>\n","protected":false},"author":1,"featured_media":0,"parent":0,"menu_order":0,"comment_status":"closed","ping_status":"closed","template":"","meta":{"_acf_changed":false,"footnotes":""},"acf":[],"_links":{"self":[{"href":"https:\/\/stiftung-st-zeno.fp-server.com\/site-johannesheim-holzolling\/wp-json\/wp\/v2\/pages\/366"}],"collection":[{"href":"https:\/\/stiftung-st-zeno.fp-server.com\/site-johannesheim-holzolling\/wp-json\/wp\/v2\/pages"}],"about":[{"href":"https:\/\/stiftung-st-zeno.fp-server.com\/site-johannesheim-holzolling\/wp-json\/wp\/v2\/types\/page"}],"author":[{"embeddable":true,"href":"https:\/\/stiftung-st-zeno.fp-server.com\/site-johannesheim-holzolling\/wp-json\/wp\/v2\/users\/1"}],"replies":[{"embeddable":true,"href":"https:\/\/stiftung-st-zeno.fp-server.com\/site-johannesheim-holzolling\/wp-json\/wp\/v2\/comments?post=366"}],"version-history":[{"count":28,"href":"https:\/\/stiftung-st-zeno.fp-server.com\/site-johannesheim-holzolling\/wp-json\/wp\/v2\/pages\/366\/revisions"}],"predecessor-version":[{"id":741,"href":"https:\/\/stiftung-st-zeno.fp-server.com\/site-johannesheim-holzolling\/wp-json\/wp\/v2\/pages\/366\/revisions\/741"}],"wp:attachment":[{"href":"https:\/\/stiftung-st-zeno.fp-server.com\/site-johannesheim-holzolling\/wp-json\/wp\/v2\/media?parent=366"}],"curies":[{"name":"wp","href":"https:\/\/api.w.org\/{rel}","templated":true}]}}