{"id":595,"date":"2021-01-20T09:59:25","date_gmt":"2021-01-20T08:59:25","guid":{"rendered":"https:\/\/johannesheim-holzolling.de\/?page_id=595"},"modified":"2021-02-16T11:05:43","modified_gmt":"2021-02-16T10:05:43","slug":"internat-kirchseeon","status":"publish","type":"page","link":"https:\/\/stiftung-st-zeno.fp-server.com\/site-johannesheim-holzolling\/internat-kirchseeon\/","title":{"rendered":"Internat Kirchseeon"},"content":{"rendered":"<div class=\"wpb-content-wrapper\"><p>[vc_row][vc_column][vc_column_text]<\/p>\n<h1>Internat im Berufsbildungswerk St. Zeno Kirchseeon<\/h1>\n<h3>Wohngruppen f\u00fcr 11 Jugendliche und 14 junge Erwachsene<\/h3>\n<p>Rechtliche Grundlagen der Aufnahme in die koedukativen Wohngruppen sind Ma\u00dfnahmen der Arbeitsf\u00f6rderung nach SGB III und IX sowie das SGB VIII (KJHG), \u00a7 13, Abs. 3. Aufgenommen werden Jugendliche ab ca. 15 Jahren, die im Berufsbildungswerk eine Ma\u00dfnahme der Arbeitsf\u00f6rderung absolvieren und:<\/p>\n<ul>\n<li>aufgrund der Entfernung bzw. der Gegebenheiten des \u00f6ffentlichen Nahverkehrs das Berufsbildungswerk nicht oder nur unter erschwerten Bedingungen p\u00fcnktlich zu den jeweiligen Arbeits-\/ Schulzeiten erreichen k\u00f6nnen,<\/li>\n<li>und\/oder die Umst\u00e4nde ihrer pers\u00f6nlichen Wohnsituation einem erfolgreichen Abschluss der Ma\u00dfnahme entgegen stehen,<\/li>\n<li>und\/oder \u00fcberhaupt keinen Wohnsitz haben,<\/li>\n<li>die im besonderen Ma\u00dfe Unterst\u00fctzung durch Wohnstrukturen bed\u00fcrfen, die ihre sprachliche und soziale Kompetenz f\u00f6rdern.<\/li>\n<\/ul>\n<p>In der Regel liegt ein Eingliederungsbescheid der Agentur f\u00fcr Arbeit vor, die damit Kostentr\u00e4ger ist.<br \/>\n\u201eDas Internat ist f\u00fcr viele Rehabilitanden (Teilnehmer) ein notwendiger Lernort, damit das Ziel einer dauerhaften Integration in Beruf und Gesellschaft gelingen kann. Nicht die r\u00e4umliche Situation, sonder prim\u00e4r die individuellen Erfordernisse bestimmen \u00fcber den Bedarf einer umfassenden sozialp\u00e4dagogischen Betreuung, wie sie nur in einem Internat erfolgen kann.<br \/>\nDie Notwendigkeit dieser Ma\u00dfnahme kann sich aus der Behinderung selbst, aber auch aus der Situation des Elternhauses ergeben\u201c<br \/>\n(Berufliche Rehabilitation junger Menschen, Bundesanstalt f. Arbeit, Ausgabe 1997)<br \/>\nIm Gruppendienst werden die Jugendlichen von hauptamtlichen p\u00e4dagogischen Fachkr\u00e4ften betreut. Die Internatsleitung ist den p\u00e4dagogischen Fachkr\u00e4ften gegen\u00fcber weisungsbefugt und koordiniert in Absprache mit der Erziehungsleitung die p\u00e4dagogischen und verwaltungstechnischen Aufgaben (Dienstplan, Belegungslisten, Dokumentation etc.) in der Gruppe. Die Erziehungsleitung unterst\u00fctzt die Heimleitung und \u00fcbt die Fachaufsicht \u00fcber die Gruppenleitung aus.<br \/>\nIn Kooperation mit der Gruppenleitung, Klienten und Agentur f\u00fcr Arbeit \/ Jugend\u00e4mtern legt sie die individuelle Erziehungsplanung fest und setzt diese um. Die Heimleitung ist f\u00fcr die Weiterentwicklung der Einrichtung, die Umsetzung des p\u00e4dagogischen Konzeptes und des Haushalts- und Stellenplanes zust\u00e4ndig.<br \/>\nDer Fachdienst steht f\u00fcr die psychologisch-therapeutische Arbeit mit den Jugendlichen und jungen Erwachsenen und die Elternarbeit zur Verf\u00fcgung und verf\u00fcgt entsprechend des jeweiligen Betreuungsbedarfs \u00fcber entsprechende Stundenkontingente<br \/>\nIm Wirtschafts- und Verwaltungsbereich stehen ein\/e Hausmeister\/in in Teilzeit und Verwaltungskr\u00e4fte zur Verf\u00fcgung. Die Raumpflege wird durch Reinigungspersonal sichergestell[\/vc_column_text][\/vc_column][\/vc_row]<\/p>\n<\/div>","protected":false},"excerpt":{"rendered":"<p>[vc_row][vc_column][vc_column_text] Internat im Berufsbildungswerk St. Zeno Kirchseeon Wohngruppen f\u00fcr 11 Jugendliche und 14 junge Erwachsene Rechtliche Grundlagen der Aufnahme in die koedukativen Wohngruppen sind Ma\u00dfnahmen der Arbeitsf\u00f6rderung nach SGB III und IX sowie das SGB VIII (KJHG), \u00a7 13, Abs. 3. Aufgenommen werden Jugendliche ab ca. 15 Jahren, die im Berufsbildungswerk eine Ma\u00dfnahme der Arbeitsf\u00f6rderung [&hellip;]<\/p>\n","protected":false},"author":26,"featured_media":0,"parent":0,"menu_order":0,"comment_status":"closed","ping_status":"closed","template":"","meta":{"_acf_changed":false,"footnotes":""},"acf":[],"_links":{"self":[{"href":"https:\/\/stiftung-st-zeno.fp-server.com\/site-johannesheim-holzolling\/wp-json\/wp\/v2\/pages\/595"}],"collection":[{"href":"https:\/\/stiftung-st-zeno.fp-server.com\/site-johannesheim-holzolling\/wp-json\/wp\/v2\/pages"}],"about":[{"href":"https:\/\/stiftung-st-zeno.fp-server.com\/site-johannesheim-holzolling\/wp-json\/wp\/v2\/types\/page"}],"author":[{"embeddable":true,"href":"https:\/\/stiftung-st-zeno.fp-server.com\/site-johannesheim-holzolling\/wp-json\/wp\/v2\/users\/26"}],"replies":[{"embeddable":true,"href":"https:\/\/stiftung-st-zeno.fp-server.com\/site-johannesheim-holzolling\/wp-json\/wp\/v2\/comments?post=595"}],"version-history":[{"count":5,"href":"https:\/\/stiftung-st-zeno.fp-server.com\/site-johannesheim-holzolling\/wp-json\/wp\/v2\/pages\/595\/revisions"}],"predecessor-version":[{"id":691,"href":"https:\/\/stiftung-st-zeno.fp-server.com\/site-johannesheim-holzolling\/wp-json\/wp\/v2\/pages\/595\/revisions\/691"}],"wp:attachment":[{"href":"https:\/\/stiftung-st-zeno.fp-server.com\/site-johannesheim-holzolling\/wp-json\/wp\/v2\/media?parent=595"}],"curies":[{"name":"wp","href":"https:\/\/api.w.org\/{rel}","templated":true}]}}