{"id":265,"date":"2019-08-18T06:08:08","date_gmt":"2019-08-18T04:08:08","guid":{"rendered":"https:\/\/kinderheim-schoeneaussicht.de\/?page_id=265"},"modified":"2023-10-30T12:05:06","modified_gmt":"2023-10-30T11:05:06","slug":"karriere","status":"publish","type":"page","link":"https:\/\/stiftung-st-zeno.fp-server.com\/site-kinderheim\/karriere\/","title":{"rendered":"Karriere"},"content":{"rendered":"<div class=\"wpb-content-wrapper\"><p>[vc_row][vc_column][vc_single_image image=&#8221;414&#8243; alignment=&#8221;center&#8221;][vc_column_text]<\/p>\n<h1>Lernen Sie uns kennen<\/h1>\n<h3>In den station\u00e4ren und ambulanten Hilfen des Kinderheim Sch\u00f6ne Aussicht suchen wir p\u00e4dagogische Fachkr\u00e4fte, die mit Ihrem Engagement dazu beitragen wollen, Kinder, Jugendliche und Familien zu unterst\u00fctzen. Die Anforderungen und Rahmenbedingungen variieren mit den Arbeitsbereichen.<\/h3>\n<p>[\/vc_column_text][vc_column_text]Das Kinderheim Sch\u00f6ne Aussicht in Tr\u00e4gerschaft der Stiftung St. Zeno Kirchseeon bietet Arbeitspl\u00e4tze f\u00fcr ErzieherInnen, HeilerziehungspflegerInnen, Sozialp\u00e4dagogInnen, Diplomp\u00e4dagogInnen und PsychologInnen sowie Stellen im verwaltungstechnischen und hauswirtschaftlichen Bereich. Die tarifliche Verg\u00fctungen und arbeitsrechtlichen Rahmenbedingungen erfolgen nach AVR (Caritas). Die Einrichtung leistet Jugendhilfe nach \u00a7\u00a7 27,30,31,34,41,42. Jede Ma\u00dfnahme erfolgt nach Auftrag des jeweils \u00f6rtlich zust\u00e4ndigen Jugendamts und auf Basis des Hilfeplans. F\u00fcr die Umsetzung des \u00a78a ist eine insofern erfahrene Fachkraft benannt und ausgebildet. Regelm\u00e4ssige Teamgespr\u00e4che und Fallberatungen sind Standard, ebenso Fortbildungen und Inhouse-Schulungen zu aktuellen Themen. Bereichern Sie unser Team! Das Kinderheim Sch\u00f6ne Aussicht bietet Ihnen, zusammen mit den \u00f6ffentlichen und freien Tr\u00e4gern in der Region Rosenheim, den perfekten Einstieg in die Jugendhilfe. Lernen Sie im Trainee-Programm alle Bereiche der Jugendhilfe kennen. Weitere Informationen finden Sie unter: www.trainee-rosenheim.de[\/vc_column_text][\/vc_column][\/vc_row][vc_row][vc_column][vc_column_text]<\/p>\n<h1>Stellen<\/h1>\n<p>[\/vc_column_text]        <div class=\"slider content large-content-box\" data-id=\"39258\">\n          <div class=\"image-box\">\n\n            <div class=\"slides\">\n                                  <div class=\"slide \">\n                      <img loading=\"lazy\" decoding=\"async\" width=\"1600\" height=\"1200\" data-position=\"center\" src=\"https:\/\/stiftung-st-zeno.fp-server.com\/wp-content\/themes\/fp-theme\/dist\/images\/placeholders\/placeholder.png\" data-src=\"https:\/\/stiftung-st-zeno.fp-server.com\/wp-content\/uploads\/sites\/8\/2019\/08\/img_3869-3.jpg\" class=\"lazyload object-fit-cover\" alt=\"\" data-sizes=\"auto\" data-srcset=\"https:\/\/stiftung-st-zeno.fp-server.com\/wp-content\/uploads\/sites\/8\/2019\/08\/img_3869-3.jpg 1600w, https:\/\/stiftung-st-zeno.fp-server.com\/wp-content\/uploads\/sites\/8\/2019\/08\/img_3869-3-768x576.jpg 768w, https:\/\/stiftung-st-zeno.fp-server.com\/wp-content\/uploads\/sites\/8\/2019\/08\/img_3869-3-1280x960.jpg 1280w, https:\/\/stiftung-st-zeno.fp-server.com\/wp-content\/uploads\/sites\/8\/2019\/08\/img_3869-3-1024x768.jpg 1024w, https:\/\/stiftung-st-zeno.fp-server.com\/wp-content\/uploads\/sites\/8\/2019\/08\/img_3869-3-640x480.jpg 640w, https:\/\/stiftung-st-zeno.fp-server.com\/wp-content\/uploads\/sites\/8\/2019\/08\/img_3869-3-480x360.jpg 480w, https:\/\/stiftung-st-zeno.fp-server.com\/wp-content\/uploads\/sites\/8\/2019\/08\/img_3869-3-320x240.jpg 320w\" \/>                    <\/div>\n                                      <div class=\"slide \">\n                      <img loading=\"lazy\" decoding=\"async\" width=\"1200\" height=\"1600\" data-position=\"center\" src=\"https:\/\/stiftung-st-zeno.fp-server.com\/wp-content\/themes\/fp-theme\/dist\/images\/placeholders\/placeholder.png\" data-src=\"https:\/\/stiftung-st-zeno.fp-server.com\/wp-content\/uploads\/sites\/8\/2020\/01\/img_4218-3.jpg\" class=\"lazyload object-fit-cover\" alt=\"\" data-sizes=\"auto\" data-srcset=\"https:\/\/stiftung-st-zeno.fp-server.com\/wp-content\/uploads\/sites\/8\/2020\/01\/img_4218-3.jpg 1200w, https:\/\/stiftung-st-zeno.fp-server.com\/wp-content\/uploads\/sites\/8\/2020\/01\/img_4218-3-576x768.jpg 576w, https:\/\/stiftung-st-zeno.fp-server.com\/wp-content\/uploads\/sites\/8\/2020\/01\/img_4218-3-768x1024.jpg 768w, https:\/\/stiftung-st-zeno.fp-server.com\/wp-content\/uploads\/sites\/8\/2020\/01\/img_4218-3-960x1280.jpg 960w, https:\/\/stiftung-st-zeno.fp-server.com\/wp-content\/uploads\/sites\/8\/2020\/01\/img_4218-3-480x640.jpg 480w, https:\/\/stiftung-st-zeno.fp-server.com\/wp-content\/uploads\/sites\/8\/2020\/01\/img_4218-3-360x480.jpg 360w, https:\/\/stiftung-st-zeno.fp-server.com\/wp-content\/uploads\/sites\/8\/2020\/01\/img_4218-3-240x320.jpg 240w\" \/>                    <\/div>\n                                      <div class=\"slide \">\n                      <img loading=\"lazy\" decoding=\"async\" width=\"1600\" height=\"1067\" data-position=\"center\" src=\"https:\/\/stiftung-st-zeno.fp-server.com\/wp-content\/themes\/fp-theme\/dist\/images\/placeholders\/placeholder.png\" data-src=\"https:\/\/stiftung-st-zeno.fp-server.com\/wp-content\/uploads\/sites\/8\/2020\/01\/istock-864707808-3.jpg\" class=\"lazyload object-fit-cover\" alt=\"\" data-sizes=\"auto\" data-srcset=\"https:\/\/stiftung-st-zeno.fp-server.com\/wp-content\/uploads\/sites\/8\/2020\/01\/istock-864707808-3.jpg 1600w, https:\/\/stiftung-st-zeno.fp-server.com\/wp-content\/uploads\/sites\/8\/2020\/01\/istock-864707808-3-768x512.jpg 768w, https:\/\/stiftung-st-zeno.fp-server.com\/wp-content\/uploads\/sites\/8\/2020\/01\/istock-864707808-3-1280x854.jpg 1280w, https:\/\/stiftung-st-zeno.fp-server.com\/wp-content\/uploads\/sites\/8\/2020\/01\/istock-864707808-3-1024x683.jpg 1024w, https:\/\/stiftung-st-zeno.fp-server.com\/wp-content\/uploads\/sites\/8\/2020\/01\/istock-864707808-3-640x427.jpg 640w, https:\/\/stiftung-st-zeno.fp-server.com\/wp-content\/uploads\/sites\/8\/2020\/01\/istock-864707808-3-480x320.jpg 480w, https:\/\/stiftung-st-zeno.fp-server.com\/wp-content\/uploads\/sites\/8\/2020\/01\/istock-864707808-3-320x213.jpg 320w\" \/>                    <\/div>\n                              <\/div>\n                      <\/div>\n          <div class=\"content-box\">\n            <div class=\"slides\">\n                                  <div class=\"slide\">\n                                                  <h3>Vollstation\u00e4re Gruppen<\/h3>\n                            <hr \/>\n                                                      <p>Wir suchen Erzieher\/Erzieherinnen und Sozialp\u00e4dagogen\/Sozialp\u00e4dagoginnen in Voll- und Teilzeit.<\/p>\n                                              <\/div>\n                                      <div class=\"slide\">\n                                                  <h3>Betreutes Wohnen<\/h3>\n                            <hr \/>\n                                                      <p>Danke f\u00fcr Ihr Interesse, im Betreuten Wohnen sind alle Stellen besetzt.<\/p>\n                                              <\/div>\n                                      <div class=\"slide\">\n                                                  <h3>Praktikum<\/h3>\n                            <hr \/>\n                                                      <p>Bei Interesse an einem Praktikum nehmen Sie bitte Kontakt mit uns auf.<\/p>\n                                              <\/div>\n                              <\/div>\n                  <div class=\"slider-arrows\"><!--\n                      --><a class=\"arrow prev\">\n                <svg xmlns=\"http:\/\/www.w3.org\/2000\/svg\" width=\"8.717\" height=\"15.297\" viewBox=\"0 0 8.717 15.297\">\n                  <path d=\"M962.03,228.521l7.646,7.344-7.646,7.229\" transform=\"translate(970.401 243.457) rotate(180)\" stroke-width=\"1\" \/>\n                <\/svg>\n              <\/a><!--\n                          --><a class=\"arrow next\">\n                <svg xmlns=\"http:\/\/www.w3.org\/2000\/svg\" width=\"8.717\" height=\"15.297\" viewBox=\"0 0 8.717 15.297\">\n                  <path d=\"M962.03,228.521l7.646,7.344-7.646,7.229\" transform=\"translate(-961.684 -228.16)\" stroke-width=\"1\" \/>\n                <\/svg>\n              <\/a><!--\n                  --><\/div>\n              <\/div>\n        <\/div>\n      [\/vc_column][\/vc_row][vc_row][vc_column][vc_column_text]<\/p>\n<h1>Trainee-Programm<\/h1>\n<p>Das Kinderheim Sch\u00f6ne Aussicht bietet Ihnen, zusammen mit den \u00f6ffentlichen und freien Tr\u00e4gern in der Region Rosenheim, den perfekten Einstieg in die Jugendhilfe. Lernen Sie im Trainee-Programm alle Bereiche der Jugendhilfe kennen. Weitere Informationen finden Sie unter:<a href=\"http:\/\/www.trainee-rosenheim.de\" target=\"_blank\" rel=\"noopener noreferrer\"> WWW.TRAINEE-ROSENHEIM.DE<\/a>[\/vc_column_text][\/vc_column][\/vc_row]<\/p>\n<\/div>","protected":false},"excerpt":{"rendered":"<p>[vc_row][vc_column][vc_single_image image=&#8221;414&#8243; alignment=&#8221;center&#8221;][vc_column_text] Lernen Sie uns kennen In den station\u00e4ren und ambulanten Hilfen des Kinderheim Sch\u00f6ne Aussicht suchen wir p\u00e4dagogische Fachkr\u00e4fte, die mit Ihrem Engagement dazu beitragen wollen, Kinder, Jugendliche und Familien zu unterst\u00fctzen. Die Anforderungen und Rahmenbedingungen variieren mit den Arbeitsbereichen. [\/vc_column_text][vc_column_text]Das Kinderheim Sch\u00f6ne Aussicht in Tr\u00e4gerschaft der Stiftung St. Zeno Kirchseeon bietet Arbeitspl\u00e4tze [&hellip;]<\/p>\n","protected":false},"author":1,"featured_media":0,"parent":0,"menu_order":10,"comment_status":"closed","ping_status":"closed","template":"","meta":{"_acf_changed":false,"footnotes":""},"acf":[],"_links":{"self":[{"href":"https:\/\/stiftung-st-zeno.fp-server.com\/site-kinderheim\/wp-json\/wp\/v2\/pages\/265"}],"collection":[{"href":"https:\/\/stiftung-st-zeno.fp-server.com\/site-kinderheim\/wp-json\/wp\/v2\/pages"}],"about":[{"href":"https:\/\/stiftung-st-zeno.fp-server.com\/site-kinderheim\/wp-json\/wp\/v2\/types\/page"}],"author":[{"embeddable":true,"href":"https:\/\/stiftung-st-zeno.fp-server.com\/site-kinderheim\/wp-json\/wp\/v2\/users\/1"}],"replies":[{"embeddable":true,"href":"https:\/\/stiftung-st-zeno.fp-server.com\/site-kinderheim\/wp-json\/wp\/v2\/comments?post=265"}],"version-history":[{"count":23,"href":"https:\/\/stiftung-st-zeno.fp-server.com\/site-kinderheim\/wp-json\/wp\/v2\/pages\/265\/revisions"}],"predecessor-version":[{"id":601,"href":"https:\/\/stiftung-st-zeno.fp-server.com\/site-kinderheim\/wp-json\/wp\/v2\/pages\/265\/revisions\/601"}],"wp:attachment":[{"href":"https:\/\/stiftung-st-zeno.fp-server.com\/site-kinderheim\/wp-json\/wp\/v2\/media?parent=265"}],"curies":[{"name":"wp","href":"https:\/\/api.w.org\/{rel}","templated":true}]}}