{"id":110,"date":"2019-08-11T02:34:53","date_gmt":"2019-08-11T00:34:53","guid":{"rendered":"https:\/\/stzeno.de\/altenheim-st-elisabeth\/?page_id=110"},"modified":"2021-04-20T12:03:21","modified_gmt":"2021-04-20T10:03:21","slug":"leistungen","status":"publish","type":"page","link":"https:\/\/stiftung-st-zeno.fp-server.com\/site-st-zeno-schliersee\/leistungen\/","title":{"rendered":"Leistungen"},"content":{"rendered":"<div class=\"wpb-content-wrapper\"><p>[vc_row][vc_column][vc_column_text]<\/p>\n<h1>LEBENSBEGLEITUNG-MENSCHLICHKEIT-DIENSTLEISTUNG<\/h1>\n<h3><span data-sheets-value=\"{&quot;1&quot;:2,&quot;2&quot;:&quot;Wir sorgen f\u00fcr alte, pflegebed\u00fcrftige Menschen!&quot;}\" data-sheets-userformat=\"{&quot;2&quot;:7041,&quot;3&quot;:{&quot;1&quot;:0},&quot;10&quot;:2,&quot;11&quot;:4,&quot;12&quot;:0,&quot;14&quot;:[null,2,0],&quot;15&quot;:&quot;arial,sans,sans-serif&quot;}\">Wir sorgen f\u00fcr alte, pflegebed\u00fcrftige Menschen!<\/span><\/h3>\n<p>[\/vc_column_text][vc_row_inner][vc_column_inner][vc_column_text]<span data-sheets-value=\"{&quot;1&quot;:2,&quot;2&quot;:&quot;Das Altenheim St. Elisabeth ist das \u201eNeue zu Hause\u201c f\u00fcr viele \u00e4ltere, hilfebed\u00fcrftige Menschen. Ihr Leben soll soweit wie m\u00f6glich in den gewohnten und individuellen Bahnen verlaufen wie bisher.&quot;}\" data-sheets-userformat=\"{&quot;2&quot;:7041,&quot;3&quot;:{&quot;1&quot;:0},&quot;10&quot;:2,&quot;11&quot;:4,&quot;12&quot;:0,&quot;14&quot;:[null,2,0],&quot;15&quot;:&quot;arial,sans,sans-serif&quot;}\">Das Altenheim St. Elisabeth ist das \u201eNeue zu Hause\u201c f\u00fcr viele \u00e4ltere, hilfebed\u00fcrftige Menschen. Ihr Leben soll soweit wie m\u00f6glich in den gewohnten und individuellen Bahnen verlaufen wie bisher.<br \/>\n<\/span><span data-sheets-value=\"{&quot;1&quot;:2,&quot;2&quot;:&quot;Es ist unsere Aufgabe, durch unsere Dienstleistungsprozesse das Wohlbefinden unserer Bewohner\/innen zu sichern sowie ihre W\u00fcrde und Selbstbestimmung zu wahren.&quot;}\" data-sheets-userformat=\"{&quot;2&quot;:7041,&quot;3&quot;:{&quot;1&quot;:0},&quot;10&quot;:2,&quot;11&quot;:4,&quot;12&quot;:0,&quot;14&quot;:[null,2,0],&quot;15&quot;:&quot;arial,sans,sans-serif&quot;}\">Es ist unsere Aufgabe, durch unsere Dienstleistungsprozesse das Wohlbefinden unserer Bewohner\/innen zu sichern sowie ihre W\u00fcrde und Selbstbestimmung zu wahren.<br \/>\n<\/span><span data-sheets-value=\"{&quot;1&quot;:2,&quot;2&quot;:&quot;Dies wird m\u00f6glich, indem wir die W\u00fcrde, die pers\u00f6nliche Integrit\u00e4t und Individualit\u00e4t jeder\/s einzelnen achten, sowie dessen\/deren Entscheidungs- und Handlungsfreiheit respektieren.&quot;}\" data-sheets-userformat=\"{&quot;2&quot;:7041,&quot;3&quot;:{&quot;1&quot;:0},&quot;10&quot;:2,&quot;11&quot;:4,&quot;12&quot;:0,&quot;14&quot;:[null,2,0],&quot;15&quot;:&quot;arial,sans,sans-serif&quot;}\">Dies wird m\u00f6glich, indem wir die W\u00fcrde, die pers\u00f6nliche Integrit\u00e4t und Individualit\u00e4t jeder\/s einzelnen achten, sowie dessen\/deren Entscheidungs- und Handlungsfreiheit respektieren.<br \/>\nWeiterhin achten wir darauf, dass vorhandene F\u00e4hig- und Fertigkeiten bewahrt und akzeptiert werden, indem wir individuelle Dienste und Hilfen entwickeln und anbieten.<br \/>\nEbenso ist es ein Ziel unserer ganzheitlichen Betreuung, die Kontinuit\u00e4t der bisherigen Lebensgestaltung des Bewohners in seiner jeweiligen sozialen und religi\u00f6sen Auspr\u00e4gung zu sichern.<\/span><\/p>\n<p>[\/vc_column_text][\/vc_column_inner][\/vc_row_inner][\/vc_column][\/vc_row][vc_row][vc_column][vc_column_text]<\/p>\n<h2><span data-sheets-value=\"{&quot;1&quot;:2,&quot;2&quot;:&quot;Warum Wir?&quot;}\" data-sheets-userformat=\"{&quot;2&quot;:23425,&quot;3&quot;:{&quot;1&quot;:0},&quot;10&quot;:0,&quot;11&quot;:4,&quot;12&quot;:0,&quot;14&quot;:[null,2,0],&quot;15&quot;:&quot;arial,sans,sans-serif&quot;,&quot;17&quot;:1}\">Unsere Leistungen<\/span><\/h2>\n<p>[\/vc_column_text]        <div class=\"slider content large-content-box\" data-id=\"56180\">\n          <div class=\"image-box\">\n\n            <div class=\"slides\">\n                                  <div class=\"slide \">\n                      <img loading=\"lazy\" decoding=\"async\" width=\"1060\" height=\"1600\" data-position=\"center top\" src=\"https:\/\/stiftung-st-zeno.fp-server.com\/wp-content\/themes\/fp-theme\/dist\/images\/placeholders\/placeholder.png\" data-src=\"https:\/\/stiftung-st-zeno.fp-server.com\/wp-content\/uploads\/sites\/3\/2019\/09\/pflege-3.jpg\" class=\"lazyload object-fit-cover\" alt=\"\" data-sizes=\"auto\" data-srcset=\"https:\/\/stiftung-st-zeno.fp-server.com\/wp-content\/uploads\/sites\/3\/2019\/09\/pflege-3.jpg 1060w, https:\/\/stiftung-st-zeno.fp-server.com\/wp-content\/uploads\/sites\/3\/2019\/09\/pflege-3-509x768.jpg 509w, https:\/\/stiftung-st-zeno.fp-server.com\/wp-content\/uploads\/sites\/3\/2019\/09\/pflege-3-768x1159.jpg 768w, https:\/\/stiftung-st-zeno.fp-server.com\/wp-content\/uploads\/sites\/3\/2019\/09\/pflege-3-848x1280.jpg 848w, https:\/\/stiftung-st-zeno.fp-server.com\/wp-content\/uploads\/sites\/3\/2019\/09\/pflege-3-678x1024.jpg 678w, https:\/\/stiftung-st-zeno.fp-server.com\/wp-content\/uploads\/sites\/3\/2019\/09\/pflege-3-424x640.jpg 424w, https:\/\/stiftung-st-zeno.fp-server.com\/wp-content\/uploads\/sites\/3\/2019\/09\/pflege-3-318x480.jpg 318w, https:\/\/stiftung-st-zeno.fp-server.com\/wp-content\/uploads\/sites\/3\/2019\/09\/pflege-3-212x320.jpg 212w\" \/>                    <\/div>\n                                      <div class=\"slide \">\n                      <img loading=\"lazy\" decoding=\"async\" width=\"1067\" height=\"1600\" data-position=\"center top\" src=\"https:\/\/stiftung-st-zeno.fp-server.com\/wp-content\/themes\/fp-theme\/dist\/images\/placeholders\/placeholder.png\" data-src=\"https:\/\/stiftung-st-zeno.fp-server.com\/wp-content\/uploads\/sites\/3\/2019\/09\/menschen-5.jpg\" class=\"lazyload object-fit-cover\" alt=\"\" data-sizes=\"auto\" data-srcset=\"https:\/\/stiftung-st-zeno.fp-server.com\/wp-content\/uploads\/sites\/3\/2019\/09\/menschen-5.jpg 1067w, https:\/\/stiftung-st-zeno.fp-server.com\/wp-content\/uploads\/sites\/3\/2019\/09\/menschen-5-512x768.jpg 512w, https:\/\/stiftung-st-zeno.fp-server.com\/wp-content\/uploads\/sites\/3\/2019\/09\/menschen-5-768x1152.jpg 768w, https:\/\/stiftung-st-zeno.fp-server.com\/wp-content\/uploads\/sites\/3\/2019\/09\/menschen-5-854x1280.jpg 854w, https:\/\/stiftung-st-zeno.fp-server.com\/wp-content\/uploads\/sites\/3\/2019\/09\/menschen-5-683x1024.jpg 683w, https:\/\/stiftung-st-zeno.fp-server.com\/wp-content\/uploads\/sites\/3\/2019\/09\/menschen-5-427x640.jpg 427w, https:\/\/stiftung-st-zeno.fp-server.com\/wp-content\/uploads\/sites\/3\/2019\/09\/menschen-5-320x480.jpg 320w, https:\/\/stiftung-st-zeno.fp-server.com\/wp-content\/uploads\/sites\/3\/2019\/09\/menschen-5-213x320.jpg 213w\" \/>                    <\/div>\n                                      <div class=\"slide \">\n                      <img loading=\"lazy\" decoding=\"async\" width=\"1600\" height=\"1060\" data-position=\"center\" src=\"https:\/\/stiftung-st-zeno.fp-server.com\/wp-content\/themes\/fp-theme\/dist\/images\/placeholders\/placeholder.png\" data-src=\"https:\/\/stiftung-st-zeno.fp-server.com\/wp-content\/uploads\/sites\/3\/2019\/09\/essen-1.jpg\" class=\"lazyload object-fit-cover\" alt=\"\" data-sizes=\"auto\" data-srcset=\"https:\/\/stiftung-st-zeno.fp-server.com\/wp-content\/uploads\/sites\/3\/2019\/09\/essen-1.jpg 1600w, https:\/\/stiftung-st-zeno.fp-server.com\/wp-content\/uploads\/sites\/3\/2019\/09\/essen-1-768x509.jpg 768w, https:\/\/stiftung-st-zeno.fp-server.com\/wp-content\/uploads\/sites\/3\/2019\/09\/essen-1-1280x848.jpg 1280w, https:\/\/stiftung-st-zeno.fp-server.com\/wp-content\/uploads\/sites\/3\/2019\/09\/essen-1-1024x678.jpg 1024w, https:\/\/stiftung-st-zeno.fp-server.com\/wp-content\/uploads\/sites\/3\/2019\/09\/essen-1-640x424.jpg 640w, https:\/\/stiftung-st-zeno.fp-server.com\/wp-content\/uploads\/sites\/3\/2019\/09\/essen-1-480x318.jpg 480w, https:\/\/stiftung-st-zeno.fp-server.com\/wp-content\/uploads\/sites\/3\/2019\/09\/essen-1-320x212.jpg 320w\" \/>                    <\/div>\n                                      <div class=\"slide \">\n                      <img loading=\"lazy\" decoding=\"async\" width=\"800\" height=\"533\" data-position=\"center\" src=\"https:\/\/stiftung-st-zeno.fp-server.com\/wp-content\/themes\/fp-theme\/dist\/images\/placeholders\/placeholder.png\" data-src=\"https:\/\/stiftung-st-zeno.fp-server.com\/wp-content\/uploads\/sites\/3\/2019\/09\/bewohnerzimmer-1.jpg\" class=\"lazyload object-fit-cover\" alt=\"\" data-sizes=\"auto\" data-srcset=\"https:\/\/stiftung-st-zeno.fp-server.com\/wp-content\/uploads\/sites\/3\/2019\/09\/bewohnerzimmer-1.jpg 800w, https:\/\/stiftung-st-zeno.fp-server.com\/wp-content\/uploads\/sites\/3\/2019\/09\/bewohnerzimmer-1-768x512.jpg 768w, https:\/\/stiftung-st-zeno.fp-server.com\/wp-content\/uploads\/sites\/3\/2019\/09\/bewohnerzimmer-1-640x426.jpg 640w, https:\/\/stiftung-st-zeno.fp-server.com\/wp-content\/uploads\/sites\/3\/2019\/09\/bewohnerzimmer-1-480x320.jpg 480w, https:\/\/stiftung-st-zeno.fp-server.com\/wp-content\/uploads\/sites\/3\/2019\/09\/bewohnerzimmer-1-320x213.jpg 320w\" \/>                    <\/div>\n                                      <div class=\"slide \">\n                      <img loading=\"lazy\" decoding=\"async\" width=\"1600\" height=\"1200\" data-position=\"center\" src=\"https:\/\/stiftung-st-zeno.fp-server.com\/wp-content\/themes\/fp-theme\/dist\/images\/placeholders\/placeholder.png\" data-src=\"https:\/\/stiftung-st-zeno.fp-server.com\/wp-content\/uploads\/sites\/3\/2019\/09\/waesche-2.jpg\" class=\"lazyload object-fit-cover\" alt=\"\" data-sizes=\"auto\" data-srcset=\"https:\/\/stiftung-st-zeno.fp-server.com\/wp-content\/uploads\/sites\/3\/2019\/09\/waesche-2.jpg 1600w, https:\/\/stiftung-st-zeno.fp-server.com\/wp-content\/uploads\/sites\/3\/2019\/09\/waesche-2-768x576.jpg 768w, https:\/\/stiftung-st-zeno.fp-server.com\/wp-content\/uploads\/sites\/3\/2019\/09\/waesche-2-1280x960.jpg 1280w, https:\/\/stiftung-st-zeno.fp-server.com\/wp-content\/uploads\/sites\/3\/2019\/09\/waesche-2-1024x768.jpg 1024w, https:\/\/stiftung-st-zeno.fp-server.com\/wp-content\/uploads\/sites\/3\/2019\/09\/waesche-2-640x480.jpg 640w, https:\/\/stiftung-st-zeno.fp-server.com\/wp-content\/uploads\/sites\/3\/2019\/09\/waesche-2-480x360.jpg 480w, https:\/\/stiftung-st-zeno.fp-server.com\/wp-content\/uploads\/sites\/3\/2019\/09\/waesche-2-320x240.jpg 320w\" \/>                    <\/div>\n                                      <div class=\"slide \">\n                      <img loading=\"lazy\" decoding=\"async\" width=\"1600\" height=\"1060\" data-position=\"center\" src=\"https:\/\/stiftung-st-zeno.fp-server.com\/wp-content\/themes\/fp-theme\/dist\/images\/placeholders\/placeholder.png\" data-src=\"https:\/\/stiftung-st-zeno.fp-server.com\/wp-content\/uploads\/sites\/3\/2019\/09\/verwaltung.jpg\" class=\"lazyload object-fit-cover\" alt=\"\" data-sizes=\"auto\" data-srcset=\"https:\/\/stiftung-st-zeno.fp-server.com\/wp-content\/uploads\/sites\/3\/2019\/09\/verwaltung.jpg 1600w, https:\/\/stiftung-st-zeno.fp-server.com\/wp-content\/uploads\/sites\/3\/2019\/09\/verwaltung-768x509.jpg 768w, https:\/\/stiftung-st-zeno.fp-server.com\/wp-content\/uploads\/sites\/3\/2019\/09\/verwaltung-1280x848.jpg 1280w, https:\/\/stiftung-st-zeno.fp-server.com\/wp-content\/uploads\/sites\/3\/2019\/09\/verwaltung-1024x678.jpg 1024w, https:\/\/stiftung-st-zeno.fp-server.com\/wp-content\/uploads\/sites\/3\/2019\/09\/verwaltung-640x424.jpg 640w, https:\/\/stiftung-st-zeno.fp-server.com\/wp-content\/uploads\/sites\/3\/2019\/09\/verwaltung-480x318.jpg 480w, https:\/\/stiftung-st-zeno.fp-server.com\/wp-content\/uploads\/sites\/3\/2019\/09\/verwaltung-320x212.jpg 320w\" \/>                    <\/div>\n                              <\/div>\n                      <\/div>\n          <div class=\"content-box\">\n            <div class=\"slides\">\n                                  <div class=\"slide\">\n                                                  <h3>PFLEGE UND MEDIZINISCHE VERSORGUNG<\/h3>\n                            <hr \/>\n                                                      <p>Wir pflegen mit Sachverstand und Empathie und nehmen uns die Zeit die daf\u00fcr n\u00f6tig ist. So wenden wir uns jedem\/r Bewohner\/in einzeln zu, um ihr \/ihm ein hohes Ma\u00df an Selbstbestimmung und Lebensqualit\u00e4t zu erm\u00f6glichen. Dabei beachten wir die pers\u00f6nlichen Bed\u00fcrfnisse und Interssen, ebenso wie die soziale Anbindung der einzelnen Bewohner\/innen an die Gemeinschaft.<\/p>\n                                                        <a class=\"button\" href=\"https:\/\/www.st-zeno-schliersee.de\/overlay\/pflege-und-medizinische-betreuung\/\" data-group=\"11663\">Weiterlesen<\/a>\n                                                <\/div>\n                                      <div class=\"slide\">\n                                                  <h3>BESCH\u00c4FTIGUNG & BETREUUNG<\/h3>\n                            <hr \/>\n                                                      <p>Besch\u00e4ftigungsma\u00dfnahmen werden planvoll und regelm\u00e4\u00dfig durchgef\u00fchrt und dokumentiert. Hier wirken neben hauptamtlichen auch ehrenamtliche Kr\u00e4fte mit. Ein monatlicher Veranstaltungskalender informiert die Bewohner\/innen \u00fcber das sozio-kulturelle Angebot des Hauses.<\/p>\n                                                        <a class=\"button\" href=\"https:\/\/www.st-zeno-schliersee.de\/overlay\/beschaeftigung-und-betreuung\/\" data-group=\"48181\">Weiterlesen<\/a>\n                                                <\/div>\n                                      <div class=\"slide\">\n                                                  <h3>ESSEN & TRINKEN<\/h3>\n                            <hr \/>\n                                                      <p>\"Essen und Trinken h\u00e4lt Leib und Seele zusammen.\"  Wir beherzigen dieses Sprichwort und deshalb ist f\u00fcr die Mitarbeiter unserer hauseigenen K\u00fcche ein hochwertiges Speisenangebot f\u00fcr unsere Bewohner\/innen nicht nur Ziel ihrer t\u00e4glichen Arbeit, sondern ganz pers\u00f6nlicher Anspruch.<\/p>\n                                                        <a class=\"button\" href=\"https:\/\/www.st-zeno-schliersee.de\/overlay\/essen-trinken\/\" data-group=\"55390\">Weiterlesen<\/a>\n                                                <\/div>\n                                      <div class=\"slide\">\n                                                  <h3>WOHNEN<\/h3>\n                            <hr \/>\n                                                      <p>Alle Bewohner\/innen in St. Elisabeth wohnen in hellen, freundlichen Einzelzimmern mit Nasszelle und Vorraum. Eine gro\u00dfz\u00fcgige Fensterfront sorgt f\u00fcr ausreichend Licht im Raum und ungehinderte Ausblicke auch f\u00fcr pflegebed\u00fcrftige Menschen, die das Bett nur selten oder gar nicht verlassen k\u00f6nnen.<\/p>\n                                                        <a class=\"button\" href=\"https:\/\/www.st-zeno-schliersee.de\/overlay\/wohnen\/\" data-group=\"91671\">Weiterlesen<\/a>\n                                                <\/div>\n                                      <div class=\"slide\">\n                                                  <h3>REINIGUNG & W\u00c4SCHE<\/h3>\n                            <hr \/>\n                                                      <p>Die Reinigung der Zimmer vollzieht sich unmittelbar in der Privatsph\u00e4re unserer Bewohner und Bewohnerinnen. Hier setzen wir auf eigene Mitarbeiterinnen, um einen vertrauensvollen Bezug, wie auch eine bedarfsgerechte Reinigung und Zimmerpflege zu gew\u00e4hrleisten. <\/p>\n                                              <\/div>\n                                      <div class=\"slide\">\n                                                  <h3>BERATUNG & VERWALTUNG<\/h3>\n                            <hr \/>\n                                                      <p>Die Mitarbeiterinnen der Verwaltung und die Leitung des Altenheims St. Elisabeth helfen Ihnen gerne in allen pers\u00f6nlichen Anliegen weiter und informieren Sie zu allem Wissenswerten im neuen Lebensumfeld. Wir begleiten Sie w\u00e4hrend Ihres gesamten Heimaufenthaltes und sind in allen Lebenssituationen f\u00fcr Sie da.<\/p>\n                                                        <a class=\"button\" href=\"https:\/\/www.st-zeno-schliersee.de\/overlay\/beratung-verwaltung\/\" data-group=\"56638\">Weiterlesen<\/a>\n                                                <\/div>\n                              <\/div>\n                  <div class=\"slider-arrows\"><!--\n                      --><a class=\"arrow prev\">\n                <svg xmlns=\"http:\/\/www.w3.org\/2000\/svg\" width=\"8.717\" height=\"15.297\" viewBox=\"0 0 8.717 15.297\">\n                  <path d=\"M962.03,228.521l7.646,7.344-7.646,7.229\" transform=\"translate(970.401 243.457) rotate(180)\" stroke-width=\"1\" \/>\n                <\/svg>\n              <\/a><!--\n                          --><a class=\"arrow next\">\n                <svg xmlns=\"http:\/\/www.w3.org\/2000\/svg\" width=\"8.717\" height=\"15.297\" viewBox=\"0 0 8.717 15.297\">\n                  <path d=\"M962.03,228.521l7.646,7.344-7.646,7.229\" transform=\"translate(-961.684 -228.16)\" stroke-width=\"1\" \/>\n                <\/svg>\n              <\/a><!--\n                  --><\/div>\n              <\/div>\n        <\/div>\n      [\/vc_column][\/vc_row][vc_row][vc_column width=&#8220;1\/2&#8243;][\/vc_column][vc_column width=&#8220;1\/2&#8243;][vc_column_text]<span data-sheets-value=\"{&quot;1&quot;:2,&quot;2&quot;:&quot;Die Dokumentation in der Pflege ist mit einem gro\u00dfen zeitlichen und b\u00fcrokratischem Aufwand verbunden. Die Pflegedokumentation ist sehr aufwendig und zeitintensiv. Aus diesem Grund hat das Bundesministerium f\u00fcr Gesundheit ein Projekt zur Endb\u00fcrokratisierung ins Leben gerufen. Die Mitarbeiter und Mitarbeiterinnen im Altenheim St. Elisabeth haben sich 2011 f\u00fcr die EDV-get\u00fctzte Dokumentation von DAN entschieden. Diese Dokumentation wird allen Punkten gerecht und erleichtert die Arbeit unserer Pflegekr\u00e4fte sehr.&quot;}\" data-sheets-userformat=\"{&quot;2&quot;:4993,&quot;3&quot;:{&quot;1&quot;:0},&quot;10&quot;:2,&quot;11&quot;:4,&quot;12&quot;:0,&quot;15&quot;:&quot;arial,sans,sans-serif&quot;}\">Die Dokumentation in der Pflege ist mit einem gro\u00dfen zeitlichen und b\u00fcrokratischem Aufwand verbunden. Die Pflegedokumentation ist sehr aufwendig und zeitintensiv. Aus diesem Grund hat das Bundesministerium f\u00fcr Gesundheit ein Projekt zur Endb\u00fcrokratisierung ins Leben gerufen. Die Mitarbeiter und Mitarbeiterinnen im Altenheim St. Elisabeth haben sich 2011 f\u00fcr die EDV-get\u00fctzte Dokumentation von DAN entschieden. Diese Dokumentation wird allen Punkten gerecht und erleichtert die Arbeit unserer Pflegekr\u00e4fte sehr.<\/span>[\/vc_column_text][\/vc_column][\/vc_row][vc_row][vc_column width=&#8220;1\/2&#8243;][vc_column_text]<\/p>\n<style type=\"text\/css\"><!--td {border: 1px solid #ccc;}br {mso-data-placement:same-cell;}--><\/style>\n<p>Wir bieten f\u00fcr Sie in unserem Haus vollstation\u00e4re Pflege sowie eine eingestreute Kurzzeit- und Verhinderungspflege an.<\/p>\n<p>In den Heimkosten sind folgende Leistungen enthalten:<\/p>\n<p>Helle Einzelzimmer mit Fernseh- und Telefonanschlu\u00df<\/p>\n<p>Grund- und Behandlungspflege entsprechnen dem individuellen Pflegegrad<\/p>\n<p>Soziale Betreuung (Einzelbetreuungen, Gruppenangebote, Angebote f\u00fcr Demenzkranke<\/p>\n<p>Alle Mahlzeiten (inkl. spezielle Di\u00e4tformen)<\/p>\n<p>Hauswirtschatliche Leistungen (Zimmerreinigung, W\u00e4scheservice)<\/p>\n<p>Unterhaltungsangebote (Diavortr\u00e4ge, Kaffee- und Musiknachmittage und vieles mehr)<\/p>\n<p>Die Heimkosten entnehmen Sie bitte der Preisliste im Download-Bereich.<\/p>\n<p>Die jeweilige Pflegekasse \u00fcbernimmt die Pflegekosten entsprechend der jeweiligen Einstufung in den Pflegegrad. Der vom Bewohner selbst zu tragende Eigenanteil kann unter Umst\u00e4nden auch \u00fcber den zust\u00e4ndigen Sozialhilfetr\u00e4ger abgerechnet werden. Bei Fragen dazu k\u00f6nnen Sie sich gerne an die Mitarbeiter der Verwaltung wenden.[\/vc_column_text][\/vc_column][vc_column width=&#8220;1\/2&#8243;][vc_single_image image=&#8220;374&#8243;][\/vc_column][\/vc_row]<\/p>\n<\/div>","protected":false},"excerpt":{"rendered":"<p>[vc_row][vc_column][vc_column_text] LEBENSBEGLEITUNG-MENSCHLICHKEIT-DIENSTLEISTUNG Wir sorgen f\u00fcr alte, pflegebed\u00fcrftige Menschen! [\/vc_column_text][vc_row_inner][vc_column_inner][vc_column_text]Das Altenheim St. Elisabeth ist das \u201eNeue zu Hause\u201c f\u00fcr viele \u00e4ltere, hilfebed\u00fcrftige Menschen. Ihr Leben soll soweit wie m\u00f6glich in den gewohnten und individuellen Bahnen verlaufen wie bisher. Es ist unsere Aufgabe, durch unsere Dienstleistungsprozesse das Wohlbefinden unserer Bewohner\/innen zu sichern sowie ihre W\u00fcrde und Selbstbestimmung [&hellip;]<\/p>\n","protected":false},"author":1,"featured_media":0,"parent":0,"menu_order":0,"comment_status":"closed","ping_status":"closed","template":"","meta":{"_acf_changed":false,"footnotes":""},"acf":[],"_links":{"self":[{"href":"https:\/\/stiftung-st-zeno.fp-server.com\/site-st-zeno-schliersee\/wp-json\/wp\/v2\/pages\/110"}],"collection":[{"href":"https:\/\/stiftung-st-zeno.fp-server.com\/site-st-zeno-schliersee\/wp-json\/wp\/v2\/pages"}],"about":[{"href":"https:\/\/stiftung-st-zeno.fp-server.com\/site-st-zeno-schliersee\/wp-json\/wp\/v2\/types\/page"}],"author":[{"embeddable":true,"href":"https:\/\/stiftung-st-zeno.fp-server.com\/site-st-zeno-schliersee\/wp-json\/wp\/v2\/users\/1"}],"replies":[{"embeddable":true,"href":"https:\/\/stiftung-st-zeno.fp-server.com\/site-st-zeno-schliersee\/wp-json\/wp\/v2\/comments?post=110"}],"version-history":[{"count":31,"href":"https:\/\/stiftung-st-zeno.fp-server.com\/site-st-zeno-schliersee\/wp-json\/wp\/v2\/pages\/110\/revisions"}],"predecessor-version":[{"id":561,"href":"https:\/\/stiftung-st-zeno.fp-server.com\/site-st-zeno-schliersee\/wp-json\/wp\/v2\/pages\/110\/revisions\/561"}],"wp:attachment":[{"href":"https:\/\/stiftung-st-zeno.fp-server.com\/site-st-zeno-schliersee\/wp-json\/wp\/v2\/media?parent=110"}],"curies":[{"name":"wp","href":"https:\/\/api.w.org\/{rel}","templated":true}]}}