{"id":135,"date":"2019-08-11T02:55:45","date_gmt":"2019-08-11T00:55:45","guid":{"rendered":"https:\/\/stzeno.de\/altenheim-st-elisabeth\/?page_id=135"},"modified":"2023-04-06T12:30:13","modified_gmt":"2023-04-06T10:30:13","slug":"downloadbereich","status":"publish","type":"page","link":"https:\/\/stiftung-st-zeno.fp-server.com\/site-st-zeno-schliersee\/downloadbereich\/","title":{"rendered":"Downloadbereich"},"content":{"rendered":"<div class=\"wpb-content-wrapper\"><p>[vc_row][vc_column][vc_column_text]<\/p>\n<h1><span data-sheets-value=\"{&quot;1&quot;:2,&quot;2&quot;:&quot;HIR FINDEN SIE DIE UNTERLAGEN ZUR ANMELDUNG!&quot;}\" data-sheets-userformat=\"{&quot;2&quot;:4993,&quot;3&quot;:{&quot;1&quot;:0},&quot;10&quot;:2,&quot;11&quot;:4,&quot;12&quot;:0,&quot;15&quot;:&quot;arial,sans,sans-serif&quot;}\">HIER FINDEN SIE DIE UNTERLAGEN ZUR ANMELDUNG!<\/span><\/h1>\n<h3><span data-sheets-value=\"{&quot;1&quot;:2,&quot;2&quot;:&quot;Wir beraten Sie gern!&quot;}\" data-sheets-userformat=\"{&quot;2&quot;:4993,&quot;3&quot;:{&quot;1&quot;:0},&quot;10&quot;:2,&quot;11&quot;:4,&quot;12&quot;:0,&quot;15&quot;:&quot;arial,sans,sans-serif&quot;}\">Wir beraten Sie gern!<\/span><\/h3>\n<p>[\/vc_column_text][vc_column_text]<span data-sheets-value=\"{&quot;1&quot;:2,&quot;2&quot;:&quot;Die Leitung des Altenheims St. Elisabeth und die Mitarbeiterinnen der Verwaltung helfen Ihnen gerne in allen pers\u00f6nlichen Anliegen weiter und informieren Sie zu allem Wissenswerten im neuen Lebensumfeld. Wir begleiten Sie w\u00e4hrend Ihres gesamten Heimaufenthaltes und sind in allen Lebenssituationen f\u00fcr Sie da. Wir beraten und unterst\u00fctzen Sie und Ihre Angeh\u00f6rigen in allen Fragen zu Heimeinzug und Finanzierung, zu Pflege -und Krankenkassenleistungen und bei beh\u00f6rdlicher Antragstellung. Sie erhalten von uns Rat und Hilfe von A wie Altersvorsorgevollmacht bis Z wie Zuzahlungsbefreiung. \\n\\n&quot;}\" data-sheets-userformat=\"{&quot;2&quot;:4993,&quot;3&quot;:{&quot;1&quot;:0},&quot;10&quot;:2,&quot;11&quot;:4,&quot;12&quot;:0,&quot;15&quot;:&quot;arial,sans,sans-serif&quot;}\">Die Leitung des Altenheims St. Elisabeth und die Mitarbeiterinnen der Verwaltung helfen Ihnen gerne in allen pers\u00f6nlichen Anliegen weiter und informieren Sie zu allem Wissenswerten im neuen Lebensumfeld. Wir begleiten Sie w\u00e4hrend Ihres gesamten Heimaufenthaltes und sind in allen Lebenssituationen f\u00fcr Sie da. Wir beraten und unterst\u00fctzen Sie und Ihre Angeh\u00f6rigen in allen Fragen zu Heimeinzug und Finanzierung, zu Pflege -und Krankenkassenleistungen und bei beh\u00f6rdlicher Antragstellung. Sie erhalten von uns Rat und Hilfe von A wie Altersvorsorgevollmacht bis Z wie Zuzahlungsbefreiung.<\/span><\/p>\n<p>[\/vc_column_text][\/vc_column][\/vc_row][vc_row][vc_column][vc_btn title=&#8220;Heimaufnahmeantrag&#8220; link=&#8220;url:https%3A%2F%2Fstzeno.de%2Fwp-content%2Fuploads%2Fsites%2F3%2F2019%2F09%2Fps-10-d-heimaufnahmeantrag1.3-1.pdf||target:%20_blank|&#8220;][vc_btn title=&#8220;Infoblatt ben\u00f6tige Unterlagen&#8220; link=&#8220;url:https%3A%2F%2Fstiftung-st-zeno.fp-server.com%2Fwp-content%2Fuploads%2Fsites%2F3%2F2019%2F09%2Fps-10-i-infoblatt-benoetige-unterlagen1.1-1.pdf||target:%20_blank|&#8220;][vc_btn title=&#8220;\u00c4rztlicher Fragebogen&#8220; link=&#8220;url:https%3A%2F%2Fstzeno.de%2Fwp-content%2Fuploads%2Fsites%2F3%2F2020%2F09%2Fps-10-e-aerztlicher-fragebogen-1.4.pdf||target:%20_blank|&#8220;][vc_btn title=&#8220;Heimkosten&#8220; link=&#8220;url:https%3A%2F%2Fstzeno.de%2Fwp-content%2Fuploads%2Fsites%2F3%2F2023%2F04%2Fheimkosten-2023-05-2.pdf||target:%20_blank|&#8220;][\/vc_column][\/vc_row]<\/p>\n<\/div>","protected":false},"excerpt":{"rendered":"<p>[vc_row][vc_column][vc_column_text] HIER FINDEN SIE DIE UNTERLAGEN ZUR ANMELDUNG! Wir beraten Sie gern! [\/vc_column_text][vc_column_text]Die Leitung des Altenheims St. Elisabeth und die Mitarbeiterinnen der Verwaltung helfen Ihnen gerne in allen pers\u00f6nlichen Anliegen weiter und informieren Sie zu allem Wissenswerten im neuen Lebensumfeld. Wir begleiten Sie w\u00e4hrend Ihres gesamten Heimaufenthaltes und sind in allen Lebenssituationen f\u00fcr Sie da. [&hellip;]<\/p>\n","protected":false},"author":1,"featured_media":0,"parent":0,"menu_order":0,"comment_status":"closed","ping_status":"closed","template":"","meta":{"_acf_changed":false,"footnotes":""},"acf":[],"_links":{"self":[{"href":"https:\/\/stiftung-st-zeno.fp-server.com\/site-st-zeno-schliersee\/wp-json\/wp\/v2\/pages\/135"}],"collection":[{"href":"https:\/\/stiftung-st-zeno.fp-server.com\/site-st-zeno-schliersee\/wp-json\/wp\/v2\/pages"}],"about":[{"href":"https:\/\/stiftung-st-zeno.fp-server.com\/site-st-zeno-schliersee\/wp-json\/wp\/v2\/types\/page"}],"author":[{"embeddable":true,"href":"https:\/\/stiftung-st-zeno.fp-server.com\/site-st-zeno-schliersee\/wp-json\/wp\/v2\/users\/1"}],"replies":[{"embeddable":true,"href":"https:\/\/stiftung-st-zeno.fp-server.com\/site-st-zeno-schliersee\/wp-json\/wp\/v2\/comments?post=135"}],"version-history":[{"count":25,"href":"https:\/\/stiftung-st-zeno.fp-server.com\/site-st-zeno-schliersee\/wp-json\/wp\/v2\/pages\/135\/revisions"}],"predecessor-version":[{"id":777,"href":"https:\/\/stiftung-st-zeno.fp-server.com\/site-st-zeno-schliersee\/wp-json\/wp\/v2\/pages\/135\/revisions\/777"}],"wp:attachment":[{"href":"https:\/\/stiftung-st-zeno.fp-server.com\/site-st-zeno-schliersee\/wp-json\/wp\/v2\/media?parent=135"}],"curies":[{"name":"wp","href":"https:\/\/api.w.org\/{rel}","templated":true}]}}