{"id":63,"date":"2019-08-10T14:49:33","date_gmt":"2019-08-10T12:49:33","guid":{"rendered":"https:\/\/stzeno.de\/altenheim-st-elisabeth\/?page_id=63"},"modified":"2020-07-06T15:29:41","modified_gmt":"2020-07-06T13:29:41","slug":"aktuelles","status":"publish","type":"page","link":"https:\/\/stiftung-st-zeno.fp-server.com\/site-st-zeno-schliersee\/aktuelles\/","title":{"rendered":"News \/ Termine"},"content":{"rendered":"<div class=\"wpb-content-wrapper\"><p>[vc_row][vc_column][vc_column_text]<\/p>\n<h1><span data-sheets-value=\"{&quot;1&quot;:2,&quot;2&quot;:&quot;WAS IST BEI UNS LOS?&quot;}\" data-sheets-userformat=\"{&quot;2&quot;:4993,&quot;3&quot;:{&quot;1&quot;:0},&quot;10&quot;:2,&quot;11&quot;:4,&quot;12&quot;:0,&quot;15&quot;:&quot;arial,sans,sans-serif&quot;}\">WAS IST BEI UNS LOS?<\/span><\/h1>\n<p>[\/vc_column_text]        <div class=\"news events\">\n                    <div class=\"teasers\">\n                  <a class=\"teaser light\" href=\"https:\/\/stiftung-st-zeno.fp-server.com\/site-st-zeno-schliersee\/termine\/corona\/\" data-categories=\"events\">\n                <h3>CORONA<\/h3>\n                      <hr \/>\n                          <p>In diesen Zeiten ist es wichtig, gemeinsam mit den ver\u00e4nderten Umst\u00e4nden umzugehen. Besonders hart trifft es momentan unsere Bewohner, die gerade auch zu den Feiertagen auf den Besuch ihrer Familien gehofft hatten. Und auch im t\u00e4glichen Ablauf m\u00fcssen neue Wege gefunden werden, die unseren Bewohnern den Kontakt mit ihren Angeh\u00f6rigen erleichtern.\r\nDie pers\u00f6nliche Zuwendung durch die Pflege- und Betreuungskr\u00e4fte, die momentan auch unter erschwerten Umst\u00e4nden arbeiten, ist bei uns selbstverst\u00e4ndlich. Auch alle anderen Mitarbeiter des Hauses versuchen einen m\u00f6glichst reibungslosen Ablauf f\u00fcr unsere Bewohner aufrechtzuerhalten.\r\n<\/p>\n                          <div class=\"button\">Weiterlesen<\/div>\n                  <\/a>\n          <a class=\"teaser dark\" href=\"https:\/\/stiftung-st-zeno.fp-server.com\/site-st-zeno-schliersee\/termine\/videotelefonie\/\" data-categories=\"events\">\n                <h3>VIDEOTELEFONIE<\/h3>\n                      <hr \/>\n                          <p>Begleitung und Beziehung von Menschen braucht N\u00e4he \u2013 auch in der Corona-Krise!<\/p>\n                          <div class=\"button\">Weiterlesen<\/div>\n                  <\/a>\n          <a class=\"teaser dark\" href=\"https:\/\/stiftung-st-zeno.fp-server.com\/site-st-zeno-schliersee\/termine\/522\/\" data-categories=\"events\">\n                <h3>AKTUELLE BESUCHSREGELUNG<\/h3>\n                      <hr \/>\n                          <p>Besuche empfangen zu k\u00f6nnen und Kontakte zu pflegen sind ein menschliches Bed\u00fcrfnis. Es vermittelt das \u201eAngenommen Sein\u201c und tr\u00e4gt zurGesundheitund dem Wohlbefinden unserer Bewohner*innen bei. Wir sind bestrebt, diese Erfahrung unter den sich h\u00e4ufig ver\u00e4ndernden gesetzlichenVorgaben zu erm\u00f6glichen.\r\n\r\n<\/p>\n                          <div class=\"button\">Weiterlesen<\/div>\n                  <\/a>\n          <a class=\"teaser dark\" href=\"https:\/\/stiftung-st-zeno.fp-server.com\/site-st-zeno-schliersee\/termine\/gute-nachbarschaft\/\" data-categories=\"events\">\n                <h3>GUTE NACHBARSCHAFT<\/h3>\n                      <hr \/>\n                          <p>Unsere Nachbarn von der \"Alperie\" \u00fcberraschten unsere BewohnerInnen zu Weihnachten mit einer liebevoll gestalteten Collage individueller Weihnachtsgr\u00fc\u00dfe. Wir bedanken uns im Namen unserer BewohnerInnen !<\/p>\n                          <div class=\"button\">Weiterlesen<\/div>\n                  <\/a>\n              <\/div>\n        <\/div>\n      [\/vc_column][\/vc_row]<\/p>\n<\/div>","protected":false},"excerpt":{"rendered":"<p>[vc_row][vc_column][vc_column_text] WAS IST BEI UNS LOS? [\/vc_column_text][\/vc_column][\/vc_row]<\/p>\n","protected":false},"author":1,"featured_media":0,"parent":0,"menu_order":0,"comment_status":"closed","ping_status":"closed","template":"","meta":{"_acf_changed":false,"footnotes":""},"acf":[],"_links":{"self":[{"href":"https:\/\/stiftung-st-zeno.fp-server.com\/site-st-zeno-schliersee\/wp-json\/wp\/v2\/pages\/63"}],"collection":[{"href":"https:\/\/stiftung-st-zeno.fp-server.com\/site-st-zeno-schliersee\/wp-json\/wp\/v2\/pages"}],"about":[{"href":"https:\/\/stiftung-st-zeno.fp-server.com\/site-st-zeno-schliersee\/wp-json\/wp\/v2\/types\/page"}],"author":[{"embeddable":true,"href":"https:\/\/stiftung-st-zeno.fp-server.com\/site-st-zeno-schliersee\/wp-json\/wp\/v2\/users\/1"}],"replies":[{"embeddable":true,"href":"https:\/\/stiftung-st-zeno.fp-server.com\/site-st-zeno-schliersee\/wp-json\/wp\/v2\/comments?post=63"}],"version-history":[{"count":26,"href":"https:\/\/stiftung-st-zeno.fp-server.com\/site-st-zeno-schliersee\/wp-json\/wp\/v2\/pages\/63\/revisions"}],"predecessor-version":[{"id":435,"href":"https:\/\/stiftung-st-zeno.fp-server.com\/site-st-zeno-schliersee\/wp-json\/wp\/v2\/pages\/63\/revisions\/435"}],"wp:attachment":[{"href":"https:\/\/stiftung-st-zeno.fp-server.com\/site-st-zeno-schliersee\/wp-json\/wp\/v2\/media?parent=63"}],"curies":[{"name":"wp","href":"https:\/\/api.w.org\/{rel}","templated":true}]}}