{"id":146,"date":"2019-08-18T12:16:02","date_gmt":"2019-08-18T10:16:02","guid":{"rendered":"https:\/\/twg-kirchseeon.de\/?page_id=146"},"modified":"2020-07-07T09:39:36","modified_gmt":"2020-07-07T07:39:36","slug":"leistungen","status":"publish","type":"page","link":"https:\/\/stiftung-st-zeno.fp-server.com\/site-twg-kirchseeon\/leistungen\/","title":{"rendered":"Leistungen"},"content":{"rendered":"<div class=\"wpb-content-wrapper\"><p>[vc_row][vc_column][vc_column_text]<\/p>\n<h1>Die Einzel- und Gruppenarbeit<\/h1>\n<h3>Die Dienstleistungserbringung wird im Rahmen des Gesamtplanverfahrens durchgef\u00fchrt, mit dem Ziel einer personenzentrierten individuellen Hilfegew\u00e4hrung<\/h3>\n<p>[\/vc_column_text][vc_row_inner][vc_column_inner][vc_column_text]Die Gruppenangebote in der TWG sind bewusst vielseitig gehalten. Sie sollen den Bewohner*innen die M\u00f6glichkeit bieten, sich in den verschiedensten Situationen besser kennen zu lernen und die eigenen St\u00e4rken und auch Schw\u00e4chen zu erproben. Die TWG wird hierbei als \u00dcbungsfeld in einem gesch\u00fctzten Rahmen angesehen. Die Wohngemeinschaft wird als milieutherapeutisches \u00dcbungsfeld angesehen, in dem im Rahmen der Gruppenma\u00dfnahmen soziale F\u00e4higkeiten und Kompetenzen gef\u00f6rdert werden. Sie dienen z.B. dazu, in der Gruppe scheinbar nicht l\u00f6sbare Problematiken zu bearbeiten und in Krisensituationen zu intervenieren.[\/vc_column_text][\/vc_column_inner][\/vc_row_inner][\/vc_column][\/vc_row][vc_row][vc_column][vc_column_text]<\/p>\n<h2>Aktivit\u00e4ten<\/h2>\n<p>[\/vc_column_text]        <div class=\"slider content\" data-id=\"40716\">\n          <div class=\"image-box\">\n\n            <div class=\"slides\">\n                                  <div class=\"slide \">\n                      <img loading=\"lazy\" decoding=\"async\" width=\"1600\" height=\"1200\" data-position=\"center\" src=\"https:\/\/stiftung-st-zeno.fp-server.com\/wp-content\/themes\/fp-theme\/dist\/images\/placeholders\/placeholder.png\" data-src=\"https:\/\/stiftung-st-zeno.fp-server.com\/wp-content\/uploads\/sites\/9\/2020\/03\/img_5133_komprimiert.jpg\" class=\"lazyload object-fit-cover\" alt=\"\" data-sizes=\"auto\" data-srcset=\"https:\/\/stiftung-st-zeno.fp-server.com\/wp-content\/uploads\/sites\/9\/2020\/03\/img_5133_komprimiert.jpg 1600w, https:\/\/stiftung-st-zeno.fp-server.com\/wp-content\/uploads\/sites\/9\/2020\/03\/img_5133_komprimiert-768x576.jpg 768w, https:\/\/stiftung-st-zeno.fp-server.com\/wp-content\/uploads\/sites\/9\/2020\/03\/img_5133_komprimiert-1536x1152.jpg 1536w, https:\/\/stiftung-st-zeno.fp-server.com\/wp-content\/uploads\/sites\/9\/2020\/03\/img_5133_komprimiert-1280x960.jpg 1280w, https:\/\/stiftung-st-zeno.fp-server.com\/wp-content\/uploads\/sites\/9\/2020\/03\/img_5133_komprimiert-1024x768.jpg 1024w, https:\/\/stiftung-st-zeno.fp-server.com\/wp-content\/uploads\/sites\/9\/2020\/03\/img_5133_komprimiert-640x480.jpg 640w, https:\/\/stiftung-st-zeno.fp-server.com\/wp-content\/uploads\/sites\/9\/2020\/03\/img_5133_komprimiert-480x360.jpg 480w, https:\/\/stiftung-st-zeno.fp-server.com\/wp-content\/uploads\/sites\/9\/2020\/03\/img_5133_komprimiert-320x240.jpg 320w\" \/>                    <\/div>\n                                      <div class=\"slide \">\n                      <img loading=\"lazy\" decoding=\"async\" width=\"1600\" height=\"1200\" data-position=\"center\" src=\"https:\/\/stiftung-st-zeno.fp-server.com\/wp-content\/themes\/fp-theme\/dist\/images\/placeholders\/placeholder.png\" data-src=\"https:\/\/stiftung-st-zeno.fp-server.com\/wp-content\/uploads\/sites\/9\/2019\/11\/dscf0873_komprimiert.jpg\" class=\"lazyload object-fit-cover\" alt=\"\" data-sizes=\"auto\" data-srcset=\"https:\/\/stiftung-st-zeno.fp-server.com\/wp-content\/uploads\/sites\/9\/2019\/11\/dscf0873_komprimiert.jpg 1600w, https:\/\/stiftung-st-zeno.fp-server.com\/wp-content\/uploads\/sites\/9\/2019\/11\/dscf0873_komprimiert-768x576.jpg 768w, https:\/\/stiftung-st-zeno.fp-server.com\/wp-content\/uploads\/sites\/9\/2019\/11\/dscf0873_komprimiert-1536x1152.jpg 1536w, https:\/\/stiftung-st-zeno.fp-server.com\/wp-content\/uploads\/sites\/9\/2019\/11\/dscf0873_komprimiert-1280x960.jpg 1280w, https:\/\/stiftung-st-zeno.fp-server.com\/wp-content\/uploads\/sites\/9\/2019\/11\/dscf0873_komprimiert-1024x768.jpg 1024w, https:\/\/stiftung-st-zeno.fp-server.com\/wp-content\/uploads\/sites\/9\/2019\/11\/dscf0873_komprimiert-640x480.jpg 640w, https:\/\/stiftung-st-zeno.fp-server.com\/wp-content\/uploads\/sites\/9\/2019\/11\/dscf0873_komprimiert-480x360.jpg 480w, https:\/\/stiftung-st-zeno.fp-server.com\/wp-content\/uploads\/sites\/9\/2019\/11\/dscf0873_komprimiert-320x240.jpg 320w\" \/>                    <\/div>\n                                      <div class=\"slide \">\n                                          <\/div>\n                                      <div class=\"slide \">\n                      <img loading=\"lazy\" decoding=\"async\" width=\"1200\" height=\"1600\" data-position=\"center\" src=\"https:\/\/stiftung-st-zeno.fp-server.com\/wp-content\/themes\/fp-theme\/dist\/images\/placeholders\/placeholder.png\" data-src=\"https:\/\/stiftung-st-zeno.fp-server.com\/wp-content\/uploads\/sites\/9\/2020\/01\/img_2074.jpg\" class=\"lazyload object-fit-cover\" alt=\"\" data-sizes=\"auto\" data-srcset=\"https:\/\/stiftung-st-zeno.fp-server.com\/wp-content\/uploads\/sites\/9\/2020\/01\/img_2074.jpg 1200w, https:\/\/stiftung-st-zeno.fp-server.com\/wp-content\/uploads\/sites\/9\/2020\/01\/img_2074-576x768.jpg 576w, https:\/\/stiftung-st-zeno.fp-server.com\/wp-content\/uploads\/sites\/9\/2020\/01\/img_2074-768x1024.jpg 768w, https:\/\/stiftung-st-zeno.fp-server.com\/wp-content\/uploads\/sites\/9\/2020\/01\/img_2074-960x1280.jpg 960w, https:\/\/stiftung-st-zeno.fp-server.com\/wp-content\/uploads\/sites\/9\/2020\/01\/img_2074-480x640.jpg 480w, https:\/\/stiftung-st-zeno.fp-server.com\/wp-content\/uploads\/sites\/9\/2020\/01\/img_2074-360x480.jpg 360w, https:\/\/stiftung-st-zeno.fp-server.com\/wp-content\/uploads\/sites\/9\/2020\/01\/img_2074-240x320.jpg 240w\" \/>                    <\/div>\n                                      <div class=\"slide \">\n                      <img loading=\"lazy\" decoding=\"async\" width=\"1600\" height=\"1200\" data-position=\"center\" src=\"https:\/\/stiftung-st-zeno.fp-server.com\/wp-content\/themes\/fp-theme\/dist\/images\/placeholders\/placeholder.png\" data-src=\"https:\/\/stiftung-st-zeno.fp-server.com\/wp-content\/uploads\/sites\/9\/2019\/11\/dscn0213_komprimiert.jpg\" class=\"lazyload object-fit-cover\" alt=\"\" data-sizes=\"auto\" data-srcset=\"https:\/\/stiftung-st-zeno.fp-server.com\/wp-content\/uploads\/sites\/9\/2019\/11\/dscn0213_komprimiert.jpg 1600w, https:\/\/stiftung-st-zeno.fp-server.com\/wp-content\/uploads\/sites\/9\/2019\/11\/dscn0213_komprimiert-768x576.jpg 768w, https:\/\/stiftung-st-zeno.fp-server.com\/wp-content\/uploads\/sites\/9\/2019\/11\/dscn0213_komprimiert-1536x1152.jpg 1536w, https:\/\/stiftung-st-zeno.fp-server.com\/wp-content\/uploads\/sites\/9\/2019\/11\/dscn0213_komprimiert-1280x960.jpg 1280w, https:\/\/stiftung-st-zeno.fp-server.com\/wp-content\/uploads\/sites\/9\/2019\/11\/dscn0213_komprimiert-1024x768.jpg 1024w, https:\/\/stiftung-st-zeno.fp-server.com\/wp-content\/uploads\/sites\/9\/2019\/11\/dscn0213_komprimiert-640x480.jpg 640w, https:\/\/stiftung-st-zeno.fp-server.com\/wp-content\/uploads\/sites\/9\/2019\/11\/dscn0213_komprimiert-480x360.jpg 480w, https:\/\/stiftung-st-zeno.fp-server.com\/wp-content\/uploads\/sites\/9\/2019\/11\/dscn0213_komprimiert-320x240.jpg 320w\" \/>                    <\/div>\n                                      <div class=\"slide \">\n                      <img loading=\"lazy\" decoding=\"async\" width=\"1600\" height=\"528\" data-position=\"center\" src=\"https:\/\/stiftung-st-zeno.fp-server.com\/wp-content\/themes\/fp-theme\/dist\/images\/placeholders\/placeholder.png\" data-src=\"https:\/\/stiftung-st-zeno.fp-server.com\/wp-content\/uploads\/sites\/9\/2019\/11\/img_1221_komprimiert.jpg\" class=\"lazyload object-fit-cover\" alt=\"\" data-sizes=\"auto\" data-srcset=\"https:\/\/stiftung-st-zeno.fp-server.com\/wp-content\/uploads\/sites\/9\/2019\/11\/img_1221_komprimiert.jpg 1600w, https:\/\/stiftung-st-zeno.fp-server.com\/wp-content\/uploads\/sites\/9\/2019\/11\/img_1221_komprimiert-768x253.jpg 768w, https:\/\/stiftung-st-zeno.fp-server.com\/wp-content\/uploads\/sites\/9\/2019\/11\/img_1221_komprimiert-1536x507.jpg 1536w, https:\/\/stiftung-st-zeno.fp-server.com\/wp-content\/uploads\/sites\/9\/2019\/11\/img_1221_komprimiert-1280x422.jpg 1280w, https:\/\/stiftung-st-zeno.fp-server.com\/wp-content\/uploads\/sites\/9\/2019\/11\/img_1221_komprimiert-1024x338.jpg 1024w, https:\/\/stiftung-st-zeno.fp-server.com\/wp-content\/uploads\/sites\/9\/2019\/11\/img_1221_komprimiert-640x211.jpg 640w, https:\/\/stiftung-st-zeno.fp-server.com\/wp-content\/uploads\/sites\/9\/2019\/11\/img_1221_komprimiert-480x158.jpg 480w, https:\/\/stiftung-st-zeno.fp-server.com\/wp-content\/uploads\/sites\/9\/2019\/11\/img_1221_komprimiert-320x106.jpg 320w\" \/>                    <\/div>\n                              <\/div>\n                  <div class=\"slider-arrows\"><!--\n                      --><a class=\"arrow prev\">\n                <svg xmlns=\"http:\/\/www.w3.org\/2000\/svg\" width=\"8.717\" height=\"15.297\" viewBox=\"0 0 8.717 15.297\">\n                  <path d=\"M962.03,228.521l7.646,7.344-7.646,7.229\" transform=\"translate(970.401 243.457) rotate(180)\" stroke-width=\"1\" \/>\n                <\/svg>\n              <\/a><!--\n                          --><a class=\"arrow next\">\n                <svg xmlns=\"http:\/\/www.w3.org\/2000\/svg\" width=\"8.717\" height=\"15.297\" viewBox=\"0 0 8.717 15.297\">\n                  <path d=\"M962.03,228.521l7.646,7.344-7.646,7.229\" transform=\"translate(-961.684 -228.16)\" stroke-width=\"1\" \/>\n                <\/svg>\n              <\/a><!--\n                  --><\/div>\n              <\/div>\n          <div class=\"content-box\">\n            <div class=\"slides\">\n                                  <div class=\"slide\">\n                                                  <h3>Wohnkonferenz<\/h3>\n                            <hr \/>\n                                                      <p>Einmal in der Woche treffen sich alle Bewohner*innen zu einer \u201eWohnkonferenz\u201c, die von den TWG \u2013 Mitarbeiter*innen geleitet wird.<br \/>\r\nInhalt dieser Gespr\u00e4chsrunde ist das soziale Miteinander in der TWG. Anschlie\u00dfend folgt eine Besprechung der Organisation des Haushaltes. Auch hierbei legen wir Wert auf die Entwicklung der F\u00e4higkeiten zur Akzeptanz und Konsensbildung.<\/p>\n                                              <\/div>\n                                      <div class=\"slide\">\n                                                  <h3>Walking<\/h3>\n                            <hr \/>\n                                                      <p>Die Walkinggruppe findet einmal in der Woche bei jedem Wetter statt. Hier sollte sportliche Bet\u00e4tigung und Wahrnehmen der Natur in Verbindung gebracht werden. Walken holt psychisch kranke Menschen aus ihrer Isolation und tr\u00e4gt dazu bei, Angst und Stress abzubauen, baut Selbstbewusstsein auf und regt Aktivit\u00e4t an. <\/p>\n                                              <\/div>\n                                      <div class=\"slide\">\n                                                  <h3>Spiel und Bewegung <\/h3>\n                            <hr \/>\n                                                      <p>Sport h\u00e4lt gesund \u2013 nicht nur k\u00f6rperlich. Regelm\u00e4\u00dfige Bewegung hilft auch bei seelischen Problemen. In dieser w\u00f6chentlich angebotenen Gruppe werden die sozialen Kompetenzen ebenso gest\u00e4rkt, wie das Gef\u00fchl f\u00fcr den eigenen K\u00f6rper. Nach der Aufw\u00e4rmphase werden Dehn-, bzw.  An-und Entspannungs\u00fcbungen durchgef\u00fchrt.  Spielerisch st\u00e4rken wir unsere Kondition bei z.B. Fu\u00dfball, Basketball, Federball usw.<\/p>\n                                              <\/div>\n                                      <div class=\"slide\">\n                                                  <h3>Aktionsgruppe<\/h3>\n                            <hr \/>\n                                                      <p>Der Inhalt der Aktionsgruppe richtet sich im Wesentlichen nach den W\u00fcnschen der Teilnehmer*innen. Es geht vornehmlich darum, lebenspraktische T\u00e4tigkeiten wieder zu erlernen, wie z. B. Kochen, oder im Garten aktiv zu werden - Verantwortung zu \u00fcbernehmen, was die Pflege und Gestaltung des Gartens anbetrifft, aber auch gemeinsame Feste feiern, Spiele spielen und dergleichen.  <\/p>\n                                              <\/div>\n                                      <div class=\"slide\">\n                                                  <h3>Fr\u00fchst\u00fccksgruppe<\/h3>\n                            <hr \/>\n                                                      <p>Diese Gruppe ist konzipiert als tagesstrukturierende Ma\u00dfnahme. Sie richtet sich haupts\u00e4chlich an die Bewohner*innen, die noch keine Tagesstruktur au\u00dferhalb des Hauses gefunden haben. Hier ist das Ziel, rechtzeitig aufzustehen, gemeinsam den Tag anfangen und Einkaufsdienste und dgl.  zu \u00fcbernehmen. <\/p>\n                                              <\/div>\n                                      <div class=\"slide\">\n                                                  <h3>Schwimmgruppe<\/h3>\n                            <hr \/>\n                                                      <p>Die Teilnahme an dieser Gruppe ist freiwillig. Im Focus steht hier eine sportliche Bet\u00e4tigung, Wasser als Medium der Entspannung zu erleben und die Motivation seine Konstitution zu verbessern. <\/p>\n                                              <\/div>\n                              <\/div>\n                      <\/div>\n        <\/div>\n      [\/vc_column][\/vc_row][vc_row][vc_column][vc_column_text]<\/p>\n<h2>Die Einzelbetreuung in der TWG umfasst:<\/h2>\n<ul>\n<li>Beratungsgespr\u00e4che zur St\u00e4rkung der inneren Sicherheit, Reflexionsf\u00e4higkeit und sozialen Kompetenzen<\/li>\n<li>Erarbeiten und Realisierung einer Tagesstruktur (Arbeit, Ausbildung, etc.)<\/li>\n<li>\u00a0Hilfen beim Umgang mit Beh\u00f6rden<\/li>\n<li>Unterst\u00fctzung bei der Bew\u00e4ltigung von Alltagsproblemen, Haushaltsf\u00fchrung, Umgang mit Geld usw.<\/li>\n<li>F\u00f6rderung einer sinnvollen Freizeitgestaltung.<\/li>\n<\/ul>\n<p>[\/vc_column_text][\/vc_column][\/vc_row][vc_row][vc_column][vc_column_text]<\/p>\n<h2>Zusammenarbeit mit anderen Einrichtungen und Institutionen.<\/h2>\n<p>Um eine effiziente Arbeit mit den Bewohner*innen zu gew\u00e4hrleisten, ist eine Zusam\u00admenarbeit mit anderen Institutionen und Organisationen sinnvoll. Dies betrifft jene Einrichtungen, die unsere Bewohner*innen vermitteln, und die Institutio\u00adnen, die f\u00fcr die berufliche Wiedereingliederung zur Verf\u00fcgung stehen (Arbeitsamt, Berufsbildungswerk, Berufsf\u00f6rderungswerk u.a.). Au\u00dferdem stehen wir im Austausch mit regionalen Fachkr\u00e4ften (z.B. den Mitarbeiter*innen von Sozialpsychiatrischen Diensten, \u00c4rzten und Therapeuten).[\/vc_column_text][\/vc_column][\/vc_row][vc_row][vc_column][vc_column_text]<\/p>\n<h1>Krisenversorgung<\/h1>\n<p>An Wochenenden oder an Feiertagen werden Rufbereitschaften durch die Mitarbeiter*innen, bzw. den Krisendienst geleistet. Vorweg\u00a0 Ressourcen im Umfeld kl\u00e4ren, Kontakt zu \u00c4rzten und Therapeuten aufnehmen, bei Klinikeinweisungen Organisieren und Begleitung in die Klinik.[\/vc_column_text][\/vc_column][\/vc_row]<\/p>\n<\/div>","protected":false},"excerpt":{"rendered":"<p>[vc_row][vc_column][vc_column_text] Die Einzel- und Gruppenarbeit Die Dienstleistungserbringung wird im Rahmen des Gesamtplanverfahrens durchgef\u00fchrt, mit dem Ziel einer personenzentrierten individuellen Hilfegew\u00e4hrung [\/vc_column_text][vc_row_inner][vc_column_inner][vc_column_text]Die Gruppenangebote in der TWG sind bewusst vielseitig gehalten. Sie sollen den Bewohner*innen die M\u00f6glichkeit bieten, sich in den verschiedensten Situationen besser kennen zu lernen und die eigenen St\u00e4rken und auch Schw\u00e4chen zu erproben. Die [&hellip;]<\/p>\n","protected":false},"author":1,"featured_media":0,"parent":0,"menu_order":0,"comment_status":"closed","ping_status":"closed","template":"","meta":{"_acf_changed":false,"footnotes":""},"acf":[],"_links":{"self":[{"href":"https:\/\/stiftung-st-zeno.fp-server.com\/site-twg-kirchseeon\/wp-json\/wp\/v2\/pages\/146"}],"collection":[{"href":"https:\/\/stiftung-st-zeno.fp-server.com\/site-twg-kirchseeon\/wp-json\/wp\/v2\/pages"}],"about":[{"href":"https:\/\/stiftung-st-zeno.fp-server.com\/site-twg-kirchseeon\/wp-json\/wp\/v2\/types\/page"}],"author":[{"embeddable":true,"href":"https:\/\/stiftung-st-zeno.fp-server.com\/site-twg-kirchseeon\/wp-json\/wp\/v2\/users\/1"}],"replies":[{"embeddable":true,"href":"https:\/\/stiftung-st-zeno.fp-server.com\/site-twg-kirchseeon\/wp-json\/wp\/v2\/comments?post=146"}],"version-history":[{"count":18,"href":"https:\/\/stiftung-st-zeno.fp-server.com\/site-twg-kirchseeon\/wp-json\/wp\/v2\/pages\/146\/revisions"}],"predecessor-version":[{"id":377,"href":"https:\/\/stiftung-st-zeno.fp-server.com\/site-twg-kirchseeon\/wp-json\/wp\/v2\/pages\/146\/revisions\/377"}],"wp:attachment":[{"href":"https:\/\/stiftung-st-zeno.fp-server.com\/site-twg-kirchseeon\/wp-json\/wp\/v2\/media?parent=146"}],"curies":[{"name":"wp","href":"https:\/\/api.w.org\/{rel}","templated":true}]}}