{"id":149,"date":"2024-05-14T14:25:57","date_gmt":"2024-05-14T12:25:57","guid":{"rendered":"https:\/\/twg-kirchseeon.de\/?page_id=149"},"modified":"2024-05-14T14:27:14","modified_gmt":"2024-05-14T12:27:14","slug":"aufnahme","status":"publish","type":"page","link":"https:\/\/stiftung-st-zeno.fp-server.com\/site-twg-kirchseeon\/aufnahme\/","title":{"rendered":"Aufnahme"},"content":{"rendered":"<div class=\"wpb-content-wrapper\"><p>[vc_row][vc_column][vc_row_inner][vc_column_inner width=&#8220;1\/2&#8243;][vc_single_image image=&#8220;357&#8243;][\/vc_column_inner][vc_column_inner width=&#8220;1\/2&#8243;][vc_column_text]Die Vorauswahl erfolgt in der Regel in Zusammenarbeit mit den station\u00e4ren und ambulanten Einrichtungen des Versorgungsgebietes. Die Bewerbung muss von den Bewerbern schriftlich eingereicht werden. Anschlie\u00dfend werden die Interessenten zu zwei bis drei Vorstellungsgepr\u00e4chen eingeladen.[\/vc_column_text][\/vc_column_inner][\/vc_row_inner][\/vc_column][\/vc_row][vc_row][vc_column width=&#8220;1\/2&#8243;][vc_column_text]Vor dem ersten Gespr\u00e4ch m\u00fcssen eine Epikrise eines Facharztes, ein ausf\u00fchrlicher problembezogener Lebenslauf und ein Bewerbungsschreiben vorliegen. \u00dcber die Aufnahme des Bewerbers\u00a0entscheiden die Mitarbeiter der TWG[\/vc_column_text][\/vc_column][vc_column width=&#8220;1\/2&#8243;][vc_single_image image=&#8220;438&#8243;][\/vc_column][\/vc_row][vc_row][vc_column width=&#8220;1\/2&#8243;][vc_single_image image=&#8220;345&#8243;][\/vc_column][vc_column width=&#8220;1\/2&#8243;][vc_column_text]Die TWG Bewohner sollten sich nach M\u00f6glichkeit bei einem der niedergelassenen Psychiater in der n\u00e4heren Umgebung in Behandlung begeben.Eine bestm\u00f6gliche Kooperation mit den behandelnden Fach\u00e4rzten und Fachkrankenh\u00e4usern wird von uns angestrebt. Hierf\u00fcr ben\u00f6tigen wir f\u00fcr die Dauer des Aufenthaltes in der TWG eine Schweigepflichtentbindung.[\/vc_column_text][\/vc_column][\/vc_row][vc_row][vc_column width=&#8220;1\/2&#8243;][vc_column_text]Zur Aufnahme m\u00fcssen folgende Unterlagen vorliegen: Verbindliche Zusage zur \u00dcbernahme des aktuellen Betreuungskostensatzes durch den entsprechenden Kostentr\u00e4ger. Es muss gew\u00e4hrleistet sein, dass Lebensunterhalt und Miete entweder durch eigenes Einkommen, oder durch den Bezug von Sozialhilfe, Arbeitslosenhife etc. bestritten werden k\u00f6nnen. Au\u00dferdem ben\u00f6tigen wir ein Psychiatrisches Gutachten; ihre Bankverbindung; einen Einzahlungsnachweis der Kaution; eine ausgef\u00fcllte und unterschriebene Vereinbarung, einen Nachweis ihrer Haftpflichtversicherung, sowie eine \u00e4rztliche Bescheinigung dass Sie frei von ansteckenden Krankheiten sind.[\/vc_column_text][vc_btn title=&#8220;Download Aufnahmeformular&#8220; link=&#8220;url:https%3A%2F%2Fstiftung-st-zeno.localhost%2Fwp-content%2Fuploads%2F2019%2F08%2Fpdf.pdf||target:%20_blank|&#8220;][\/vc_column][vc_column width=&#8220;1\/2&#8243;][vc_single_image image=&#8220;354&#8243;][\/vc_column][\/vc_row]<\/p>\n<\/div>","protected":false},"excerpt":{"rendered":"<p>[vc_row][vc_column][vc_row_inner][vc_column_inner width=&#8220;1\/2&#8243;][vc_single_image image=&#8220;357&#8243;][\/vc_column_inner][vc_column_inner width=&#8220;1\/2&#8243;][vc_column_text]Die Vorauswahl erfolgt in der Regel in Zusammenarbeit mit den station\u00e4ren und ambulanten Einrichtungen des Versorgungsgebietes. Die Bewerbung muss von den Bewerbern schriftlich eingereicht werden. Anschlie\u00dfend werden die Interessenten zu zwei bis drei Vorstellungsgepr\u00e4chen eingeladen.[\/vc_column_text][\/vc_column_inner][\/vc_row_inner][\/vc_column][\/vc_row][vc_row][vc_column width=&#8220;1\/2&#8243;][vc_column_text]Vor dem ersten Gespr\u00e4ch m\u00fcssen eine Epikrise eines Facharztes, ein ausf\u00fchrlicher problembezogener Lebenslauf und ein Bewerbungsschreiben vorliegen. [&hellip;]<\/p>\n","protected":false},"author":1,"featured_media":0,"parent":0,"menu_order":0,"comment_status":"closed","ping_status":"closed","template":"","meta":{"_acf_changed":false,"footnotes":""},"acf":[],"_links":{"self":[{"href":"https:\/\/stiftung-st-zeno.fp-server.com\/site-twg-kirchseeon\/wp-json\/wp\/v2\/pages\/149"}],"collection":[{"href":"https:\/\/stiftung-st-zeno.fp-server.com\/site-twg-kirchseeon\/wp-json\/wp\/v2\/pages"}],"about":[{"href":"https:\/\/stiftung-st-zeno.fp-server.com\/site-twg-kirchseeon\/wp-json\/wp\/v2\/types\/page"}],"author":[{"embeddable":true,"href":"https:\/\/stiftung-st-zeno.fp-server.com\/site-twg-kirchseeon\/wp-json\/wp\/v2\/users\/1"}],"replies":[{"embeddable":true,"href":"https:\/\/stiftung-st-zeno.fp-server.com\/site-twg-kirchseeon\/wp-json\/wp\/v2\/comments?post=149"}],"version-history":[{"count":17,"href":"https:\/\/stiftung-st-zeno.fp-server.com\/site-twg-kirchseeon\/wp-json\/wp\/v2\/pages\/149\/revisions"}],"predecessor-version":[{"id":439,"href":"https:\/\/stiftung-st-zeno.fp-server.com\/site-twg-kirchseeon\/wp-json\/wp\/v2\/pages\/149\/revisions\/439"}],"wp:attachment":[{"href":"https:\/\/stiftung-st-zeno.fp-server.com\/site-twg-kirchseeon\/wp-json\/wp\/v2\/media?parent=149"}],"curies":[{"name":"wp","href":"https:\/\/api.w.org\/{rel}","templated":true}]}}