{"id":153,"date":"2019-08-18T12:27:44","date_gmt":"2019-08-18T10:27:44","guid":{"rendered":"https:\/\/twg-kirchseeon.de\/?page_id=153"},"modified":"2020-07-07T09:49:34","modified_gmt":"2020-07-07T07:49:34","slug":"karriere","status":"publish","type":"page","link":"https:\/\/stiftung-st-zeno.fp-server.com\/site-twg-kirchseeon\/karriere\/","title":{"rendered":"Karriere"},"content":{"rendered":"<div class=\"wpb-content-wrapper\"><p>[vc_row][vc_column][vc_column_text]<\/p>\n<h1>Sei was du bist<\/h1>\n<h3>&#8222;Entfalte dein wahres Selbst jetzt und hier und nichts kann dir im Wege stehen&#8220;. Aus dem Buch die M\u00f6we Jonathan von Richard Bach.<\/h3>\n<p>[\/vc_column_text][vc_row_inner][vc_column_inner][vc_column_text]Die Therapeutische Wohngemeinschaft hat sich in den letzten Jahren stetig vergr\u00f6\u00dfert und verbessert. Mit der Einf\u00fchrung des QM ist eine qualitative Sicherstellung des Arbeitsbereiches gew\u00e4hrleistet. Durch die gute Zusammenarbeit mit den Einrichtungen innerhalb des Hauses, aber auch au\u00dferhalb, konnten einige Bewohner eine Berufsausbildung abschlie\u00dfen und einer Arbeit auf dem ersten Arbeitsmarkt nachgehen. &lt; Weg von dem Dreht\u00fcreffekt &gt;. Als gro\u00dfem Erfolg sehen wir, wenn sich die Bewohner soweit stabilisieren konnten, dass der Aufenthalt l\u00e4ngerer Klinikeinweisungen weniger wird, bzw. nicht mehr notwendig wird. Wenn ein &#8222;zu Hause sein&#8220; und ein &#8222;angekommen sein&#8220; auch tats\u00e4chlich gelebt und gesp\u00fcrt wird.[\/vc_column_text][\/vc_column_inner][\/vc_row_inner][\/vc_column][\/vc_row][vc_row][vc_column][vc_column_text]<\/p>\n<h2>Stellen<\/h2>\n<p>[\/vc_column_text]        <div class=\"slider content\" data-id=\"55052\">\n          <div class=\"image-box\">\n\n            <div class=\"slides\">\n                                  <div class=\"slide \">\n                      <img loading=\"lazy\" decoding=\"async\" width=\"479\" height=\"270\" data-position=\"center\" src=\"https:\/\/stiftung-st-zeno.fp-server.com\/wp-content\/themes\/fp-theme\/dist\/images\/placeholders\/placeholder.png\" data-src=\"https:\/\/stiftung-st-zeno.fp-server.com\/wp-content\/uploads\/sites\/9\/2019\/11\/dsc01080.jpg\" class=\"lazyload object-fit-cover\" alt=\"\" data-sizes=\"auto\" data-srcset=\"https:\/\/stiftung-st-zeno.fp-server.com\/wp-content\/uploads\/sites\/9\/2019\/11\/dsc01080.jpg 479w, https:\/\/stiftung-st-zeno.fp-server.com\/wp-content\/uploads\/sites\/9\/2019\/11\/dsc01080-320x180.jpg 320w\" \/>                    <\/div>\n                                      <div class=\"slide \">\n                                          <\/div>\n                              <\/div>\n                  <div class=\"slider-arrows\"><!--\n                      --><a class=\"arrow prev\">\n                <svg xmlns=\"http:\/\/www.w3.org\/2000\/svg\" width=\"8.717\" height=\"15.297\" viewBox=\"0 0 8.717 15.297\">\n                  <path d=\"M962.03,228.521l7.646,7.344-7.646,7.229\" transform=\"translate(970.401 243.457) rotate(180)\" stroke-width=\"1\" \/>\n                <\/svg>\n              <\/a><!--\n                          --><a class=\"arrow next\">\n                <svg xmlns=\"http:\/\/www.w3.org\/2000\/svg\" width=\"8.717\" height=\"15.297\" viewBox=\"0 0 8.717 15.297\">\n                  <path d=\"M962.03,228.521l7.646,7.344-7.646,7.229\" transform=\"translate(-961.684 -228.16)\" stroke-width=\"1\" \/>\n                <\/svg>\n              <\/a><!--\n                  --><\/div>\n              <\/div>\n          <div class=\"content-box\">\n            <div class=\"slides\">\n                                  <div class=\"slide\">\n                                                  <h3>Praktikumsplatz Kunsttherapie<\/h3>\n                            <hr \/>\n                                                      <p>Suchen Sie f\u00fcr die Ausbildung zur Kunsttherapie einen Praktikumsplatz? Gerne w\u00fcrden wir Sie zu einem pers\u00f6nlichen Gespr\u00e4ch einladen. <br \/>\r\nWir m\u00f6chten unseren Bewohner*innen die M\u00f6glichkeit bieten, seine \/ ihre inneren Gef\u00fchle mittels k\u00fcnstlerischen Materialien auszudr\u00fccken. Somit kann der \/ die  Bewohner*in sich selbst besser kennen lernen. Er \/ Sie wird zur Selbstreflexion angeregt und kann somit auch seine \/ ihre  Ressourcen ausbauen.<\/p>\n                                              <\/div>\n                                      <div class=\"slide\">\n                                                  <h3>Dipl. Sozialp\u00e4dagogen (m\/w\/d) in Teilzeit oder Vollzeit <\/h3>\n                            <hr \/>\n                                                      <p>Wir erwarten:<br \/>\r\n- Bereitschaft, sich auf die Entwicklungsprozesse der Klienten einzulassen; seelische Belastbarkeit; <br \/>\r\n- Hilfeplanerstellung mit Zielvereinbarung nach dem Gesamtplanverfahren;<br \/>\r\n-Teilnahme an Gremienarbeit; Teamf\u00e4higkeit.<br \/>\r\n<br \/>\r\nWir bieten:<br \/>\r\n-Externe Supervision; Fortbildungen; <br \/>\r\n-Relativ flexible Arbeitzeit (ohne Nachtdienst); <br \/>\r\n-Verg\u00fctung nach AVR Caritas.<\/p>\n                                              <\/div>\n                              <\/div>\n                      <\/div>\n        <\/div>\n      [\/vc_column][\/vc_row]<\/p>\n<\/div>","protected":false},"excerpt":{"rendered":"<p>[vc_row][vc_column][vc_column_text] Sei was du bist &#8222;Entfalte dein wahres Selbst jetzt und hier und nichts kann dir im Wege stehen&#8220;. Aus dem Buch die M\u00f6we Jonathan von Richard Bach. [\/vc_column_text][vc_row_inner][vc_column_inner][vc_column_text]Die Therapeutische Wohngemeinschaft hat sich in den letzten Jahren stetig vergr\u00f6\u00dfert und verbessert. Mit der Einf\u00fchrung des QM ist eine qualitative Sicherstellung des Arbeitsbereiches gew\u00e4hrleistet. Durch die [&hellip;]<\/p>\n","protected":false},"author":1,"featured_media":0,"parent":0,"menu_order":0,"comment_status":"closed","ping_status":"closed","template":"","meta":{"_acf_changed":false,"footnotes":""},"acf":[],"_links":{"self":[{"href":"https:\/\/stiftung-st-zeno.fp-server.com\/site-twg-kirchseeon\/wp-json\/wp\/v2\/pages\/153"}],"collection":[{"href":"https:\/\/stiftung-st-zeno.fp-server.com\/site-twg-kirchseeon\/wp-json\/wp\/v2\/pages"}],"about":[{"href":"https:\/\/stiftung-st-zeno.fp-server.com\/site-twg-kirchseeon\/wp-json\/wp\/v2\/types\/page"}],"author":[{"embeddable":true,"href":"https:\/\/stiftung-st-zeno.fp-server.com\/site-twg-kirchseeon\/wp-json\/wp\/v2\/users\/1"}],"replies":[{"embeddable":true,"href":"https:\/\/stiftung-st-zeno.fp-server.com\/site-twg-kirchseeon\/wp-json\/wp\/v2\/comments?post=153"}],"version-history":[{"count":12,"href":"https:\/\/stiftung-st-zeno.fp-server.com\/site-twg-kirchseeon\/wp-json\/wp\/v2\/pages\/153\/revisions"}],"predecessor-version":[{"id":360,"href":"https:\/\/stiftung-st-zeno.fp-server.com\/site-twg-kirchseeon\/wp-json\/wp\/v2\/pages\/153\/revisions\/360"}],"wp:attachment":[{"href":"https:\/\/stiftung-st-zeno.fp-server.com\/site-twg-kirchseeon\/wp-json\/wp\/v2\/media?parent=153"}],"curies":[{"name":"wp","href":"https:\/\/api.w.org\/{rel}","templated":true}]}}