{"id":4,"date":"2019-08-01T22:22:33","date_gmt":"2019-08-01T20:22:33","guid":{"rendered":"https:\/\/twg-kirchseeon.de\/?page_id=4"},"modified":"2021-02-05T10:37:07","modified_gmt":"2021-02-05T09:37:07","slug":"startseite","status":"publish","type":"page","link":"https:\/\/stiftung-st-zeno.fp-server.com\/site-twg-kirchseeon\/","title":{"rendered":"Startseite"},"content":{"rendered":"<div class=\"wpb-content-wrapper\"><p>[vc_row][vc_column][vc_column_text]<\/p>\n<h1>Lernen Sie uns kennen<\/h1>\n<h3>Wir freuen uns, Sie auf unserer Website begr\u00fc\u00dfen zu d\u00fcrfen und laden Sie ein, sich einen Eindruck unserer TWG zu verschaffen.<\/h3>\n<p>[\/vc_column_text][vc_row_inner][vc_column_inner][vc_column_text]In der TWG Jonathan werden Menschen mit psychischen Beeintr\u00e4chtigungen in ihrer pers\u00f6nlichen Entwicklung hin zu einem m\u00f6glichst selbstbestimmten, selbstst\u00e4ndigen Leben begleitet, beraten und unterst\u00fctzt. Unter Ber\u00fccksichtigung der konkreten Lebenssituation der Bewohner*innen wird die F\u00f6rderung aller F\u00e4higkeiten und Fertigkeiten zur pers\u00f6nlichen Lebensbew\u00e4ltigung, zum sozialen Zusammenleben sowie zur Bew\u00e4ltigung sachbezogener Aufgaben angestrebt. Die Schwerpunkte der Zusammenarbeit mit den Klienten beziehen sich vor allem auf die Bereiche Umgang mit der Erkrankung, Erarbeiten einer Tagesstruktur, Besch\u00e4ftigung und Arbeitsintegration, Selbstversorgung und Wohnen sowie Gestaltung sozialer Kontakte.[\/vc_column_text][\/vc_column_inner][\/vc_row_inner][\/vc_column][\/vc_row][vc_row][vc_column][vc_row_inner][vc_column_inner width=&#8220;1\/2&#8243;][vc_column_text]<\/p>\n<h2>Unsere Standorte<\/h2>\n<p>[\/vc_column_text][\/vc_column_inner][vc_column_inner width=&#8220;1\/2&#8243;]        <div class=\"custom-eyecatcher-wrapper\">\n                <a class=\"custom-eyecatcher\" href=\"https:\/\/twg-kirchseeon.de\/karriere\/\">\n                      <div class=\"headline\">Werde Teil der TWG<\/div>\n                          <div class=\"text\">Auf Ihre Bewerbung kommt es an!<\/div>\n                          <div class=\"button\">Jetzt informieren<\/div>\n                  <\/a>\n            <\/div>\n      [\/vc_column_inner][\/vc_row_inner]        <div class=\"slider content\" data-id=\"60497\">\n          <div class=\"image-box\">\n\n            <div class=\"slides\">\n                                  <div class=\"slide \">\n                      <img loading=\"lazy\" decoding=\"async\" width=\"1368\" height=\"1824\" data-position=\"center\" src=\"https:\/\/stiftung-st-zeno.fp-server.com\/wp-content\/themes\/fp-theme\/dist\/images\/placeholders\/placeholder.png\" data-src=\"https:\/\/stiftung-st-zeno.fp-server.com\/wp-content\/uploads\/sites\/9\/2020\/10\/twg-eglharting.jpg\" class=\"lazyload object-fit-cover\" alt=\"\" data-sizes=\"auto\" data-srcset=\"https:\/\/stiftung-st-zeno.fp-server.com\/wp-content\/uploads\/sites\/9\/2020\/10\/twg-eglharting.jpg 1368w, https:\/\/stiftung-st-zeno.fp-server.com\/wp-content\/uploads\/sites\/9\/2020\/10\/twg-eglharting-576x768.jpg 576w, https:\/\/stiftung-st-zeno.fp-server.com\/wp-content\/uploads\/sites\/9\/2020\/10\/twg-eglharting-1200x1600.jpg 1200w, https:\/\/stiftung-st-zeno.fp-server.com\/wp-content\/uploads\/sites\/9\/2020\/10\/twg-eglharting-768x1024.jpg 768w, https:\/\/stiftung-st-zeno.fp-server.com\/wp-content\/uploads\/sites\/9\/2020\/10\/twg-eglharting-1152x1536.jpg 1152w, https:\/\/stiftung-st-zeno.fp-server.com\/wp-content\/uploads\/sites\/9\/2020\/10\/twg-eglharting-960x1280.jpg 960w, https:\/\/stiftung-st-zeno.fp-server.com\/wp-content\/uploads\/sites\/9\/2020\/10\/twg-eglharting-480x640.jpg 480w, https:\/\/stiftung-st-zeno.fp-server.com\/wp-content\/uploads\/sites\/9\/2020\/10\/twg-eglharting-360x480.jpg 360w, https:\/\/stiftung-st-zeno.fp-server.com\/wp-content\/uploads\/sites\/9\/2020\/10\/twg-eglharting-240x320.jpg 240w\" \/>                    <\/div>\n                                      <div class=\"slide \">\n                      <img loading=\"lazy\" decoding=\"async\" width=\"1368\" height=\"1824\" data-position=\"center\" src=\"https:\/\/stiftung-st-zeno.fp-server.com\/wp-content\/themes\/fp-theme\/dist\/images\/placeholders\/placeholder.png\" data-src=\"https:\/\/stiftung-st-zeno.fp-server.com\/wp-content\/uploads\/sites\/9\/2020\/10\/hs-a-iii.jpg\" class=\"lazyload object-fit-cover\" alt=\"\" data-sizes=\"auto\" data-srcset=\"https:\/\/stiftung-st-zeno.fp-server.com\/wp-content\/uploads\/sites\/9\/2020\/10\/hs-a-iii.jpg 1368w, https:\/\/stiftung-st-zeno.fp-server.com\/wp-content\/uploads\/sites\/9\/2020\/10\/hs-a-iii-576x768.jpg 576w, https:\/\/stiftung-st-zeno.fp-server.com\/wp-content\/uploads\/sites\/9\/2020\/10\/hs-a-iii-1200x1600.jpg 1200w, https:\/\/stiftung-st-zeno.fp-server.com\/wp-content\/uploads\/sites\/9\/2020\/10\/hs-a-iii-768x1024.jpg 768w, https:\/\/stiftung-st-zeno.fp-server.com\/wp-content\/uploads\/sites\/9\/2020\/10\/hs-a-iii-1152x1536.jpg 1152w, https:\/\/stiftung-st-zeno.fp-server.com\/wp-content\/uploads\/sites\/9\/2020\/10\/hs-a-iii-960x1280.jpg 960w, https:\/\/stiftung-st-zeno.fp-server.com\/wp-content\/uploads\/sites\/9\/2020\/10\/hs-a-iii-480x640.jpg 480w, https:\/\/stiftung-st-zeno.fp-server.com\/wp-content\/uploads\/sites\/9\/2020\/10\/hs-a-iii-360x480.jpg 360w, https:\/\/stiftung-st-zeno.fp-server.com\/wp-content\/uploads\/sites\/9\/2020\/10\/hs-a-iii-240x320.jpg 240w\" \/>                    <\/div>\n                                      <div class=\"slide \">\n                      <img loading=\"lazy\" decoding=\"async\" width=\"1067\" height=\"1600\" data-position=\"center\" src=\"https:\/\/stiftung-st-zeno.fp-server.com\/wp-content\/themes\/fp-theme\/dist\/images\/placeholders\/placeholder.png\" data-src=\"https:\/\/stiftung-st-zeno.fp-server.com\/wp-content\/uploads\/sites\/9\/2019\/11\/img_5227.jpg\" class=\"lazyload object-fit-cover\" alt=\"\" data-sizes=\"auto\" data-srcset=\"https:\/\/stiftung-st-zeno.fp-server.com\/wp-content\/uploads\/sites\/9\/2019\/11\/img_5227.jpg 1067w, https:\/\/stiftung-st-zeno.fp-server.com\/wp-content\/uploads\/sites\/9\/2019\/11\/img_5227-512x768.jpg 512w, https:\/\/stiftung-st-zeno.fp-server.com\/wp-content\/uploads\/sites\/9\/2019\/11\/img_5227-768x1152.jpg 768w, https:\/\/stiftung-st-zeno.fp-server.com\/wp-content\/uploads\/sites\/9\/2019\/11\/img_5227-1024x1536.jpg 1024w, https:\/\/stiftung-st-zeno.fp-server.com\/wp-content\/uploads\/sites\/9\/2019\/11\/img_5227-854x1280.jpg 854w, https:\/\/stiftung-st-zeno.fp-server.com\/wp-content\/uploads\/sites\/9\/2019\/11\/img_5227-683x1024.jpg 683w, https:\/\/stiftung-st-zeno.fp-server.com\/wp-content\/uploads\/sites\/9\/2019\/11\/img_5227-427x640.jpg 427w, https:\/\/stiftung-st-zeno.fp-server.com\/wp-content\/uploads\/sites\/9\/2019\/11\/img_5227-320x480.jpg 320w, https:\/\/stiftung-st-zeno.fp-server.com\/wp-content\/uploads\/sites\/9\/2019\/11\/img_5227-213x320.jpg 213w\" \/>                    <\/div>\n                              <\/div>\n                  <div class=\"slider-arrows\"><!--\n                      --><a class=\"arrow prev\">\n                <svg xmlns=\"http:\/\/www.w3.org\/2000\/svg\" width=\"8.717\" height=\"15.297\" viewBox=\"0 0 8.717 15.297\">\n                  <path d=\"M962.03,228.521l7.646,7.344-7.646,7.229\" transform=\"translate(970.401 243.457) rotate(180)\" stroke-width=\"1\" \/>\n                <\/svg>\n              <\/a><!--\n                          --><a class=\"arrow next\">\n                <svg xmlns=\"http:\/\/www.w3.org\/2000\/svg\" width=\"8.717\" height=\"15.297\" viewBox=\"0 0 8.717 15.297\">\n                  <path d=\"M962.03,228.521l7.646,7.344-7.646,7.229\" transform=\"translate(-961.684 -228.16)\" stroke-width=\"1\" \/>\n                <\/svg>\n              <\/a><!--\n                  --><\/div>\n              <\/div>\n          <div class=\"content-box\">\n            <div class=\"slides\">\n                                  <div class=\"slide\">\n                                                  <h3>Unser Haupthaus<\/h3>\n                            <hr \/>\n                                                      <p>Drei gro\u00dfz\u00fcgig ausgestattete H\u00e4user befinden sich im Ortsteil Eglharting, in ruhiger Wohnlage, ca. 5 Minuten vom S-Bahnhof entfernt. Diese bieten jeweils Platz f\u00fcr f\u00fcnf Bewohner*innen. Dazu geh\u00f6rt ein sch\u00f6ner Garten. <\/p>\n                                                        <a class=\"button\" href=\"https:\/\/twg-kirchseeon.de\/overlay\/das-haupthaus\/\" data-group=\"77914\">Mehr Erfahren<\/a>\n                                                <\/div>\n                                      <div class=\"slide\">\n                                                  <h3>Am Hirtenfeld <\/h3>\n                            <hr \/>\n                                                      <p>Zwei ebenso gro\u00dfz\u00fcgig ausgestattete H\u00e4user mit Balkon, Terrasse und gro\u00dfem Garten befindet sich am Ortsrand von Kirchseeon und bietet Platz f\u00fcr jeweils 8 Bewohner*innen. <\/p>\n                                                        <a class=\"button\" href=\"https:\/\/twg-kirchseeon.de\/overlay\/das-grosse-offene-haus\/\" data-group=\"57726\">Mehr Erfahren<\/a>\n                                                <\/div>\n                                      <div class=\"slide\">\n                                                  <h3>Marktplatz Kirchseeon<\/h3>\n                            <hr \/>\n                                                      <p>Weitere Wohnm\u00f6glichkeiten bieten wir in einem Appartement und einer 2- und 3- Zimmer-Wohnung im Ortskern von Kirchseeon an.<\/p>\n                                                        <a class=\"button\" href=\" https:\/\/twg-kirchseeon.de\/overlay\/die-kleinere-wohneinheit\/\" data-group=\"84181\">Mehr Erfahren<\/a>\n                                                <\/div>\n                              <\/div>\n                      <\/div>\n        <\/div>\n      [\/vc_column][\/vc_row][vc_row][vc_column][vc_column_text]<\/p>\n<h2>News<\/h2>\n<p>[\/vc_column_text][vc_column_text]<\/p>\n<h3>Mehrmals im Jahr finden bei entsprechender Nachfrage erlebnisorientierte Tagesausfl\u00fcge statt. Mit Angeboten wie Wandern, Stadtbesichtigung, Museeumsbesuch, Radwandern, Skilanglauf etc. ergeben sich Gelegenheiten, sich im Kontext der Gruppe und auch mit der Natur zu erleben. Dar\u00fcber hinaus sollen diese Aktivit\u00e4ten Anregungen zur selbst\u00e4ndigen Freizeitgestaltung vermitteln.<\/h3>\n<p>[\/vc_column_text]        <div class=\"teasers\">\n                <div class=\"teaser dark\" data-group=\"59350\">\n                <h3>Wanderung zum Eglburger See<\/h3>\n                      <hr \/>\n                          <p>Am 1. Mai hatten sich vier Bewohner*innen mit einer Betreuerin aufgemacht, zum nahegelgegenen Eglburger See zu wandern.<\/p>\n                  <\/div>\n          <div class=\"teaser dark\" data-group=\"59350\">\n                <h3>Ausflug an Pfingstmontag<\/h3>\n                      <hr \/>\n                          <p>Bei wunderbarem Wetter ging es in die Berge.<\/p>\n                  <\/div>\n          <div class=\"teaser light\" data-group=\"59350\">\n                <h3>Grillabend in der TWG<\/h3>\n                      <hr \/>\n                          <p>Jedes Jahr findet im Juli unser Gartenfest statt. <\/p>\n                  <\/div>\n            <\/div>\n      [vc_btn title=&#8220;Aktuelles \u00dcbersicht&#8220; link=&#8220;url:https%3A%2F%2Ftwg-kirchseeon.de%2Faktuelles%2F||target:%20_blank|&#8220;][\/vc_column][\/vc_row][vc_row][vc_column][vc_column_text]<\/p>\n<h2>Zitat<\/h2>\n<p>[\/vc_column_text]        <div class=\"slider testimonial\" data-id=\"50884\">\n          <div class=\"image-box\">\n            <div class=\"slides\">\n                                  <div class=\"slide\">\n                      <img loading=\"lazy\" decoding=\"async\" width=\"1067\" height=\"1600\" data-position=\"center\" src=\"https:\/\/stiftung-st-zeno.fp-server.com\/wp-content\/themes\/fp-theme\/dist\/images\/placeholders\/placeholder.png\" data-src=\"https:\/\/stiftung-st-zeno.fp-server.com\/wp-content\/uploads\/sites\/9\/2020\/02\/img_5276.jpg\" class=\"lazyload object-fit-cover\" alt=\"\" data-sizes=\"auto\" data-srcset=\"https:\/\/stiftung-st-zeno.fp-server.com\/wp-content\/uploads\/sites\/9\/2020\/02\/img_5276.jpg 1067w, https:\/\/stiftung-st-zeno.fp-server.com\/wp-content\/uploads\/sites\/9\/2020\/02\/img_5276-512x768.jpg 512w, https:\/\/stiftung-st-zeno.fp-server.com\/wp-content\/uploads\/sites\/9\/2020\/02\/img_5276-768x1152.jpg 768w, https:\/\/stiftung-st-zeno.fp-server.com\/wp-content\/uploads\/sites\/9\/2020\/02\/img_5276-1024x1536.jpg 1024w, https:\/\/stiftung-st-zeno.fp-server.com\/wp-content\/uploads\/sites\/9\/2020\/02\/img_5276-854x1280.jpg 854w, https:\/\/stiftung-st-zeno.fp-server.com\/wp-content\/uploads\/sites\/9\/2020\/02\/img_5276-683x1024.jpg 683w, https:\/\/stiftung-st-zeno.fp-server.com\/wp-content\/uploads\/sites\/9\/2020\/02\/img_5276-427x640.jpg 427w, https:\/\/stiftung-st-zeno.fp-server.com\/wp-content\/uploads\/sites\/9\/2020\/02\/img_5276-320x480.jpg 320w, https:\/\/stiftung-st-zeno.fp-server.com\/wp-content\/uploads\/sites\/9\/2020\/02\/img_5276-213x320.jpg 213w\" \/>                    <\/div>\n                              <\/div>\n          <\/div>\n          <div class=\"content-box\">\n            <div class=\"slides\">\n                                  <div class=\"slide\">\n                                                  <h3>Sieglinge Pruy<\/h3>\n                                                      <div class=\"position\">Einrichtungsleitung<\/div>\n                                                <hr \/>\n                                                  <q>Leidenschaftlich an seinen Zielen festhalten, vor allem an der Vermittlung der Erkenntnis, dass das Leben an sich der Zweck des Daseins ist.\" So wird die M\u00f6we Jonathan in dem Buch von Richard Bach beschrieben und diese Erkenntnis m\u00f6chte ich auch gerne weitergeben. <\/q>\n                                              <\/div>\n                              <\/div>\n                      <\/div>\n        <\/div>\n      [\/vc_column][\/vc_row][vc_row][vc_column][vc_column_text]<\/p>\n<h2 style=\"text-align: center;\">Erfolge<\/h2>\n<p>[\/vc_column_text][vc_row_inner][vc_column_inner][vc_column_text]<\/p>\n<h3>Seit 2010 sind wir zertifiziert nach DIN EN ISO 9001:2015. Die Institution f\u00fcr Organisationsberatung, Prozessberatung und Zertifizierung integrierter Qualit\u00e4tsmanagementsysteme bescheinigt die Einf\u00fchrung und Anwendung des QM-Systems.<\/h3>\n<p>[\/vc_column_text][vc_column_text]<\/p>\n<h3>Im Oktober 2017 konnten wir ein neues Haus anmieten. In Abstimmung mit dem Bezirk Oberbayern wurde nicht nur die TWG auf weitere acht Pl\u00e4tze erweitert, es wurde auch der Betreuungsschl\u00fcssel von 1:6 bis 1:12 ver\u00e4ndert. Dadurch wurde uns m\u00f6glich gemacht, eine unbegrenzte Aufenthaltsdauer anzubieten.<\/h3>\n<p>[\/vc_column_text][vc_column_text]<\/p>\n<h3>Im Oktober 2020 konnten wir erneut die Platzzahl um zus\u00e4tzliche acht Pl\u00e4tze erweitern.<\/h3>\n<p>[\/vc_column_text][\/vc_column_inner][\/vc_row_inner][\/vc_column][\/vc_row][vc_row][vc_column][vc_column_text]<\/p>\n<h2>Team<\/h2>\n<p>[\/vc_column_text][vc_column_text]Wir sind ein Team aus vier Sozialp\u00e4dagog*innen und einer P\u00e4dagogin in Vollzeit und Teilzeit. Durch die jahrelange Erfahrung im Wohnbereich und im psychiatrischen Bereich stellen wir ein qualifiziertes Fachpersonal dar.<\/p>\n<p>Innerhalb der Fallsupervision, die in einem dreiw\u00f6chigen Zeitabstand stattfindet, erarbeiten und reflektieren wir die individuellen Problemlagen der einzelnen Bewohner.<\/p>\n<p>Wir arbeiten nach dem Bezugsbetreuersystem, sodass wir uns intensiv mit den einzelnen Bewohner*innen auseinandersetzen k\u00f6nnen.<\/p>\n<p>Unser kleines Angebot an Wochenstruktur hilft den Bewohner*innen, schneller Kontakt innerhalb der Gruppen zu finden; ein breites Angebot von Sport und Bewegung zu erhalten, sowie in lebenspraktischen T\u00e4tigkeiten Erfahrungen zu sammeln.[\/vc_column_text][\/vc_column][\/vc_row][vc_row][vc_column]        <div id=\"map-15126\" class=\"map\"><\/div>\n        <script>\n          if (typeof (Number.prototype.toRad) === \"undefined\") {\n            Number.prototype.toRad = function () {\n              return this * Math.PI \/ 180;\n            }\n          }\n\n          \/\/-- Define degrees function\n          if (typeof (Number.prototype.toDeg) === \"undefined\") {\n            Number.prototype.toDeg = function () {\n              return this * (180 \/ Math.PI);\n            }\n          }\n\n          \/\/-- Define middle point function\n          function middlePoint(lat1, lng1, lat2, lng2) {\n\n            \/\/-- Longitude difference\n            var dLng = (lng2 - lng1).toRad();\n\n            \/\/-- Convert to radians\n            lat1 = lat1.toRad();\n            lat2 = lat2.toRad();\n            lng1 = lng1.toRad();\n\n            var bX = Math.cos(lat2) * Math.cos(dLng);\n            var bY = Math.cos(lat2) * Math.sin(dLng);\n            var lat3 = Math.atan2(Math.sin(lat1) + Math.sin(lat2), Math.sqrt((Math.cos(lat1) + bX) * (Math.cos(lat1) + bX) + bY * bY));\n            var lng3 = lng1 + Math.atan2(bY, Math.cos(lat1) + bX);\n\n            \/\/-- Return result\n            return [lng3.toDeg(), lat3.toDeg()];\n          }\n\n          function initMap15126() {\n                              var latLng = {\n                    lat: 48.0801585,\n                    lng: 11.8604517                  };\n                \n            var map = new google.maps.Map(document.getElementById('map-15126'), {\n              center: latLng,\n              zoom: 16,\n              mapTypeControlOptions: {\n                mapTypeIds: []\n              },\n              styles: [\n                {\n                  \"elementType\": \"geometry\",\n                  \"stylers\": [\n                    {\n                      \"color\": \"#f5f5f5\"\n                    }\n                  ]\n                },\n                {\n                  \"elementType\": \"labels.icon\",\n                  \"stylers\": [\n                    {\n                      \"visibility\": \"off\"\n                    }\n                  ]\n                },\n                {\n                  \"elementType\": \"labels.text.fill\",\n                  \"stylers\": [\n                    {\n                      \"color\": \"#616161\"\n                    }\n                  ]\n                },\n                {\n                  \"elementType\": \"labels.text.stroke\",\n                  \"stylers\": [\n                    {\n                      \"color\": \"#f5f5f5\"\n                    }\n                  ]\n                },\n                {\n                  \"featureType\": \"administrative.land_parcel\",\n                  \"elementType\": \"labels.text.fill\",\n                  \"stylers\": [\n                    {\n                      \"color\": \"#bdbdbd\"\n                    }\n                  ]\n                },\n                {\n                  \"featureType\": \"poi\",\n                  \"elementType\": \"geometry\",\n                  \"stylers\": [\n                    {\n                      \"color\": \"#eeeeee\"\n                    }\n                  ]\n                },\n                {\n                  \"featureType\": \"poi\",\n                  \"elementType\": \"labels.text.fill\",\n                  \"stylers\": [\n                    {\n                      \"color\": \"#757575\"\n                    }\n                  ]\n                },\n                {\n                  \"featureType\": \"poi.park\",\n                  \"elementType\": \"geometry\",\n                  \"stylers\": [\n                    {\n                      \"color\": \"#e5e5e5\"\n                    }\n                  ]\n                },\n                {\n                  \"featureType\": \"poi.park\",\n                  \"elementType\": \"labels.text.fill\",\n                  \"stylers\": [\n                    {\n                      \"color\": \"#9e9e9e\"\n                    }\n                  ]\n                },\n                {\n                  \"featureType\": \"road\",\n                  \"elementType\": \"geometry\",\n                  \"stylers\": [\n                    {\n                      \"color\": \"#75c3d7\"\n                    },\n                    {\n                      \"weight\": 1\n                    }\n                  ]\n                },\n                {\n                  \"featureType\": \"road.arterial\",\n                  \"elementType\": \"labels.text.fill\",\n                  \"stylers\": [\n                    {\n                      \"color\": \"#757575\"\n                    }\n                  ]\n                },\n                {\n                  \"featureType\": \"road.highway\",\n                  \"elementType\": \"geometry\",\n                  \"stylers\": [\n                    {\n                      \"color\": \"#dadada\"\n                    }\n                  ]\n                },\n                {\n                  \"featureType\": \"road.highway\",\n                  \"elementType\": \"labels.text.fill\",\n                  \"stylers\": [\n                    {\n                      \"color\": \"#616161\"\n                    }\n                  ]\n                },\n                {\n                  \"featureType\": \"road.local\",\n                  \"elementType\": \"labels.text.fill\",\n                  \"stylers\": [\n                    {\n                      \"color\": \"#9e9e9e\"\n                    }\n                  ]\n                },\n                {\n                  \"featureType\": \"transit.line\",\n                  \"elementType\": \"geometry\",\n                  \"stylers\": [\n                    {\n                      \"color\": \"#e5e5e5\"\n                    }\n                  ]\n                },\n                {\n                  \"featureType\": \"transit.station\",\n                  \"elementType\": \"geometry\",\n                  \"stylers\": [\n                    {\n                      \"color\": \"#eeeeee\"\n                    }\n                  ]\n                },\n                {\n                  \"featureType\": \"water\",\n                  \"elementType\": \"geometry\",\n                  \"stylers\": [\n                    {\n                      \"color\": \"#c9c9c9\"\n                    }\n                  ]\n                },\n                {\n                  \"featureType\": \"water\",\n                  \"elementType\": \"labels.text.fill\",\n                  \"stylers\": [\n                    {\n                      \"color\": \"#9e9e9e\"\n                    }\n                  ]\n                }\n              ]\n            });\n\n            var icon = {\n              url: 'https:\/\/stiftung-st-zeno.fp-server.com\/wp-content\/themes\/fp-theme\/dist\/images\/icons\/pin.png',\n              size: new google.maps.Size(31, 45),\n              anchor: new google.maps.Point(16, 45),\n              scaledSize: new google.maps.Size(31, 45)\n            };\n\n            var marker = new google.maps.Marker({\n              position: latLng,\n              map: map,\n              icon: icon,\n              url: 'https:\/\/maps.google.com\/?q=' + encodeURI(\"Anfahrt zum Haupthaus\")\n            });\n\n            google.maps.event.addListener(marker, 'click', function() {\n              window.open(this.url);\n            });\n\n                      }\n          \/\/ google.maps.event.addDomListener(window, 'load', initMap15126);\n\t\t  window.addEventListener('load', (event) => { initMap(15126); });\n        <\/script>\n      [\/vc_column][\/vc_row]<\/p>\n<\/div>","protected":false},"excerpt":{"rendered":"<p>[vc_row][vc_column][vc_column_text] Lernen Sie uns kennen Wir freuen uns, Sie auf unserer Website begr\u00fc\u00dfen zu d\u00fcrfen und laden Sie ein, sich einen Eindruck unserer TWG zu verschaffen. [\/vc_column_text][vc_row_inner][vc_column_inner][vc_column_text]In der TWG Jonathan werden Menschen mit psychischen Beeintr\u00e4chtigungen in ihrer pers\u00f6nlichen Entwicklung hin zu einem m\u00f6glichst selbstbestimmten, selbstst\u00e4ndigen Leben begleitet, beraten und unterst\u00fctzt. Unter Ber\u00fccksichtigung der konkreten Lebenssituation [&hellip;]<\/p>\n","protected":false},"author":1,"featured_media":0,"parent":0,"menu_order":0,"comment_status":"closed","ping_status":"closed","template":"","meta":{"_acf_changed":false,"footnotes":""},"acf":[],"_links":{"self":[{"href":"https:\/\/stiftung-st-zeno.fp-server.com\/site-twg-kirchseeon\/wp-json\/wp\/v2\/pages\/4"}],"collection":[{"href":"https:\/\/stiftung-st-zeno.fp-server.com\/site-twg-kirchseeon\/wp-json\/wp\/v2\/pages"}],"about":[{"href":"https:\/\/stiftung-st-zeno.fp-server.com\/site-twg-kirchseeon\/wp-json\/wp\/v2\/types\/page"}],"author":[{"embeddable":true,"href":"https:\/\/stiftung-st-zeno.fp-server.com\/site-twg-kirchseeon\/wp-json\/wp\/v2\/users\/1"}],"replies":[{"embeddable":true,"href":"https:\/\/stiftung-st-zeno.fp-server.com\/site-twg-kirchseeon\/wp-json\/wp\/v2\/comments?post=4"}],"version-history":[{"count":81,"href":"https:\/\/stiftung-st-zeno.fp-server.com\/site-twg-kirchseeon\/wp-json\/wp\/v2\/pages\/4\/revisions"}],"predecessor-version":[{"id":428,"href":"https:\/\/stiftung-st-zeno.fp-server.com\/site-twg-kirchseeon\/wp-json\/wp\/v2\/pages\/4\/revisions\/428"}],"wp:attachment":[{"href":"https:\/\/stiftung-st-zeno.fp-server.com\/site-twg-kirchseeon\/wp-json\/wp\/v2\/media?parent=4"}],"curies":[{"name":"wp","href":"https:\/\/api.w.org\/{rel}","templated":true}]}}